{"id":1470,"date":"2020-05-15T20:28:11","date_gmt":"2020-05-15T18:28:11","guid":{"rendered":"https:\/\/prozessegewinnen.de\/?page_id=1470"},"modified":"2020-10-16T20:12:45","modified_gmt":"2020-10-16T18:12:45","slug":"unverbindliche-mandatsanfrage","status":"publish","type":"page","link":"https:\/\/prozessegewinnen.de\/?page_id=1470","title":{"rendered":"WICHTIGES F\u00dcR SIE"},"content":{"rendered":"\t\t<div data-elementor-type=\"wp-page\" data-elementor-id=\"1470\" class=\"elementor elementor-1470\" data-elementor-settings=\"[]\">\n\t\t\t\t\t\t<div class=\"elementor-inner\">\n\t\t\t\t\t\t\t<div class=\"elementor-section-wrap\">\n\t\t\t\t\t\t\t<section data-particle_enable=\"false\" data-particle-mobile-disabled=\"false\" class=\"elementor-section elementor-top-section elementor-element elementor-element-5d0f1c5 elementor-section-boxed elementor-section-height-default elementor-section-height-default\" data-id=\"5d0f1c5\" data-element_type=\"section\" data-settings=\"{&quot;background_background&quot;:&quot;classic&quot;}\">\n\t\t\t\t\t\t\t<div class=\"elementor-background-overlay\"><\/div>\n\t\t\t\t\t\t\t<div class=\"elementor-container elementor-column-gap-default\">\n\t\t\t\t\t\t\t<div class=\"elementor-row\">\n\t\t\t\t\t<div class=\"elementor-column elementor-col-100 elementor-top-column elementor-element elementor-element-03bf7ff\" data-id=\"03bf7ff\" data-element_type=\"column\" data-settings=\"{&quot;background_background&quot;:&quot;classic&quot;}\">\n\t\t\t<div class=\"elementor-column-wrap elementor-element-populated\">\n\t\t\t\t\t<div class=\"elementor-background-overlay\"><\/div>\n\t\t\t\t\t\t\t<div class=\"elementor-widget-wrap\">\n\t\t\t\t\t\t<div class=\"elementor-element elementor-element-dd7d670 elementor-widget__width-auto elementor-widget elementor-widget-heading\" data-id=\"dd7d670\" data-element_type=\"widget\" data-widget_type=\"heading.default\">\n\t\t\t\t<div class=\"elementor-widget-container\">\n\t\t\t<h2 class=\"elementor-heading-title elementor-size-default\">Was ist wichtig?<\/h2>\t\t<\/div>\n\t\t\t\t<\/div>\n\t\t\t\t<div class=\"elementor-element elementor-element-e8fa6e6 elementor-widget elementor-widget-text-editor\" data-id=\"e8fa6e6\" data-element_type=\"widget\" data-widget_type=\"text-editor.default\">\n\t\t\t\t<div class=\"elementor-widget-container\">\n\t\t\t\t\t<div class=\"elementor-text-editor elementor-clearfix\"><p>Wegweiser zum Erfolg<\/p><\/div>\n\t\t\t\t<\/div>\n\t\t\t\t<\/div>\n\t\t\t\t\t\t<\/div>\n\t\t\t\t\t<\/div>\n\t\t<\/div>\n\t\t\t\t\t\t\t\t<\/div>\n\t\t\t\t\t<\/div>\n\t\t<\/section>\n\t\t\t\t<section data-particle_enable=\"false\" data-particle-mobile-disabled=\"false\" class=\"elementor-section elementor-top-section elementor-element elementor-element-d5a4bee elementor-section-boxed elementor-section-height-default elementor-section-height-default\" data-id=\"d5a4bee\" data-element_type=\"section\" data-settings=\"{&quot;background_background&quot;:&quot;classic&quot;}\">\n\t\t\t\t\t\t\t<div class=\"elementor-background-overlay\"><\/div>\n\t\t\t\t\t\t\t<div class=\"elementor-container elementor-column-gap-default\">\n\t\t\t\t\t\t\t<div class=\"elementor-row\">\n\t\t\t\t\t<div class=\"elementor-column elementor-col-100 elementor-top-column elementor-element elementor-element-2be0f7f\" data-id=\"2be0f7f\" data-element_type=\"column\">\n\t\t\t<div class=\"elementor-column-wrap elementor-element-populated\">\n\t\t\t\t\t\t\t<div class=\"elementor-widget-wrap\">\n\t\t\t\t\t\t<div class=\"elementor-element elementor-element-5865e27 elementor-widget elementor-widget-text-editor\" data-id=\"5865e27\" data-element_type=\"widget\" data-widget_type=\"text-editor.default\">\n\t\t\t\t<div class=\"elementor-widget-container\">\n\t\t\t\t\t<div class=\"elementor-text-editor elementor-clearfix\"><p>Nat\u00fcrlich steht f\u00fcr jeden Rechtsuchenden auf der Skala seiner W\u00fcnsche an 1. Stelle der Erfolg. Der Erfolg meines Mandanten ist selbstverst\u00e4ndlich auch mein wichtigstes Ziel.<\/p>\n<p>Um Ihre Erfolgschancen zu optimieren gilt es aber zun\u00e4chst, in der Zusammenarbeit mit Ihnen die Weichen zu stellen, die notwendig sind, auf dem schnellsten und sichersten Weg dorthin zu kommen. Mein Grundsatz der strategischen Prozessf\u00fchrung beginnt daher in der Optimierung der Zusammenarbeit mit meinen Mandanten. Ich habe Ihnen deswegen auf den nachfolgenden Seiten einige hilfreiche Hinweise zur Verf\u00fcgung gestellt.&nbsp;<\/p><\/div>\n\t\t\t\t<\/div>\n\t\t\t\t<\/div>\n\t\t\t\t<div class=\"elementor-element elementor-element-6a0370a elementor-headline--style-highlight elementor-widget elementor-widget-animated-headline\" data-id=\"6a0370a\" data-element_type=\"widget\" data-settings=\"{&quot;highlighted_text&quot;:&quot;Entspannen&quot;,&quot;marker&quot;:&quot;underline_zigzag&quot;,&quot;headline_style&quot;:&quot;highlight&quot;}\" data-widget_type=\"animated-headline.default\">\n\t\t\t\t<div class=\"elementor-widget-container\">\n\t\t\t\t\t<h6 class=\"elementor-headline\">\n\t\t\t\t\t\t<span class=\"elementor-headline-dynamic-wrapper elementor-headline-text-wrapper\"><\/span>\n\t\t\t\t\t\t\t<span class=\"elementor-headline-plain-text elementor-headline-text-wrapper\">Sie sich<\/span>\n\t\t\t\t\t<\/h6>\n\t\t\t\t<\/div>\n\t\t\t\t<\/div>\n\t\t\t\t<div class=\"elementor-element elementor-element-c90035f elementor-widget elementor-widget-text-editor\" data-id=\"c90035f\" data-element_type=\"widget\" data-widget_type=\"text-editor.default\">\n\t\t\t\t<div class=\"elementor-widget-container\">\n\t\t\t\t\t<div class=\"elementor-text-editor elementor-clearfix\"><p style=\"text-align: left;\">Jedes Rechtsproblem bringt auch eine psychische Belastung mit sich. Das ist ganz normal, st\u00f6rt aber manchmal den Blick auf das Wesentliche. Diese Last kann ich Ihnen abnehmen. Lassen Sie mich machen und besch\u00e4ftigen Sie Sich mit anderen wichtigen Dingen.<\/p><p>Die Begriffsbezeichnung Mandant leitet sich \u00fcbrigens aus dem Lateinischen ab und bedeutet &#8222;aus der Hand geben&#8220;. Machen Sie das und vertrauen Sie mir. Ich l\u00f6se Ihr Problem f\u00fcr Sie!<\/p><\/div>\n\t\t\t\t<\/div>\n\t\t\t\t<\/div>\n\t\t\t\t<div class=\"elementor-element elementor-element-86bc144 elementor-headline--style-highlight elementor-widget elementor-widget-animated-headline\" data-id=\"86bc144\" data-element_type=\"widget\" data-settings=\"{&quot;highlighted_text&quot;:&quot;Vertrauen&quot;,&quot;marker&quot;:&quot;underline_zigzag&quot;,&quot;headline_style&quot;:&quot;highlight&quot;}\" data-widget_type=\"animated-headline.default\">\n\t\t\t\t<div class=\"elementor-widget-container\">\n\t\t\t\t\t<h6 class=\"elementor-headline\">\n\t\t\t\t\t\t<span class=\"elementor-headline-dynamic-wrapper elementor-headline-text-wrapper\"><\/span>\n\t\t\t\t\t\t\t<span class=\"elementor-headline-plain-text elementor-headline-text-wrapper\">Sie mir<\/span>\n\t\t\t\t\t<\/h6>\n\t\t\t\t<\/div>\n\t\t\t\t<\/div>\n\t\t\t\t<div class=\"elementor-element elementor-element-39b5eae elementor-widget elementor-widget-text-editor\" data-id=\"39b5eae\" data-element_type=\"widget\" data-widget_type=\"text-editor.default\">\n\t\t\t\t<div class=\"elementor-widget-container\">\n\t\t\t\t\t<div class=\"elementor-text-editor elementor-clearfix\"><p style=\"text-align: left;\"><span style=\"letter-spacing: 0.3px;\">Meine Mandatsbearbeitung st\u00fctzt sich ganz wesentlich auf gegenseitiges Vertrauen. Nur so baut sich Verst\u00e4ndnis auch f\u00fcr kritische Nachfragen auf. Ich rede mit meinen Mandanten offen und stelle auch kritische Nachfragen. Das sollten Sie nicht missverstehen. Ich berate grunds\u00e4tzlich offen und ehrlich und das ist manchmal nicht das was Mandanten gerne h\u00f6ren wollen. Ich stehe aber trotzdem voll auf Seiten meiner Mandanten und tue mein Bestm\u00f6glichstes, damit dieser zu seinem Ziel kommt.<\/span><\/p>\n<p>Das gilt im \u00dcbrigen auch f\u00fcr die regelm\u00e4\u00dfige Frage nach den Erfolgschancen. Ich gebe Ihnen auch hier eine ehrliche Antwort und Sie entscheiden dann, ob sie weitergehen wollen. Wenn ja, stehe ich voll hinter ihnen!<\/p><\/div>\n\t\t\t\t<\/div>\n\t\t\t\t<\/div>\n\t\t\t\t\t\t<\/div>\n\t\t\t\t\t<\/div>\n\t\t<\/div>\n\t\t\t\t\t\t\t\t<\/div>\n\t\t\t\t\t<\/div>\n\t\t<\/section>\n\t\t\t\t<section data-particle_enable=\"false\" data-particle-mobile-disabled=\"false\" class=\"elementor-section elementor-top-section elementor-element elementor-element-6bcfbc4 elementor-section-boxed elementor-section-height-default elementor-section-height-default\" data-id=\"6bcfbc4\" data-element_type=\"section\" data-settings=\"{&quot;background_background&quot;:&quot;classic&quot;}\">\n\t\t\t\t\t\t\t<div class=\"elementor-background-overlay\"><\/div>\n\t\t\t\t\t\t\t<div class=\"elementor-container elementor-column-gap-default\">\n\t\t\t\t\t\t\t<div class=\"elementor-row\">\n\t\t\t\t\t<div class=\"elementor-column elementor-col-100 elementor-top-column elementor-element elementor-element-1eef7a1\" data-id=\"1eef7a1\" data-element_type=\"column\" data-settings=\"{&quot;background_background&quot;:&quot;classic&quot;}\">\n\t\t\t<div class=\"elementor-column-wrap elementor-element-populated\">\n\t\t\t\t\t\t\t<div class=\"elementor-widget-wrap\">\n\t\t\t\t\t\t<div class=\"elementor-element elementor-element-841cecb elementor-widget elementor-widget-text-editor\" data-id=\"841cecb\" data-element_type=\"widget\" data-widget_type=\"text-editor.default\">\n\t\t\t\t<div class=\"elementor-widget-container\">\n\t\t\t\t\t<div class=\"elementor-text-editor elementor-clearfix\"><p style=\"text-align: center;\"><strong>Eine alte Erfahrung lautet:\u00a0<\/strong><\/p><p style=\"text-align: center;\">Hat ein Anwalt Erfolg, sagt er zum Mandanten: <br \/>&#8222;Wir haben gewonnen.&#8220; Hat er keinen Erfolg, sagt er: &#8222;Sie haben verloren.&#8220;<\/p><p style=\"text-align: center;\"><span style=\"color: #993300;\"><em><strong>\u00a0Meine Devise ist: &#8222;Gemeinsam gewinnen oder verlieren wir!&#8220;<\/strong><\/em><\/span><\/p><\/div>\n\t\t\t\t<\/div>\n\t\t\t\t<\/div>\n\t\t\t\t\t\t<\/div>\n\t\t\t\t\t<\/div>\n\t\t<\/div>\n\t\t\t\t\t\t\t\t<\/div>\n\t\t\t\t\t<\/div>\n\t\t<\/section>\n\t\t\t\t<section data-particle_enable=\"false\" data-particle-mobile-disabled=\"false\" class=\"elementor-section elementor-top-section elementor-element elementor-element-62c4f4e elementor-section-boxed elementor-section-height-default elementor-section-height-default\" data-id=\"62c4f4e\" data-element_type=\"section\" data-settings=\"{&quot;background_background&quot;:&quot;classic&quot;}\">\n\t\t\t\t\t\t\t<div class=\"elementor-background-overlay\"><\/div>\n\t\t\t\t\t\t\t<div class=\"elementor-container elementor-column-gap-default\">\n\t\t\t\t\t\t\t<div class=\"elementor-row\">\n\t\t\t\t\t<div class=\"elementor-column elementor-col-100 elementor-top-column elementor-element elementor-element-42d8717\" data-id=\"42d8717\" data-element_type=\"column\">\n\t\t\t<div class=\"elementor-column-wrap elementor-element-populated\">\n\t\t\t\t\t\t\t<div class=\"elementor-widget-wrap\">\n\t\t\t\t\t\t<div class=\"elementor-element elementor-element-f6f3b3e elementor-headline--style-highlight elementor-widget elementor-widget-animated-headline\" data-id=\"f6f3b3e\" data-element_type=\"widget\" data-settings=\"{&quot;highlighted_text&quot;:&quot;Kommunizieren&quot;,&quot;marker&quot;:&quot;underline_zigzag&quot;,&quot;headline_style&quot;:&quot;highlight&quot;}\" data-widget_type=\"animated-headline.default\">\n\t\t\t\t<div class=\"elementor-widget-container\">\n\t\t\t\t\t<h6 class=\"elementor-headline\">\n\t\t\t\t\t\t<span class=\"elementor-headline-dynamic-wrapper elementor-headline-text-wrapper\"><\/span>\n\t\t\t\t\t\t\t<span class=\"elementor-headline-plain-text elementor-headline-text-wrapper\">Sie mit mir<\/span>\n\t\t\t\t\t<\/h6>\n\t\t\t\t<\/div>\n\t\t\t\t<\/div>\n\t\t\t\t<div class=\"elementor-element elementor-element-87367fb elementor-widget elementor-widget-text-editor\" data-id=\"87367fb\" data-element_type=\"widget\" data-widget_type=\"text-editor.default\">\n\t\t\t\t<div class=\"elementor-widget-container\">\n\t\t\t\t\t<div class=\"elementor-text-editor elementor-clearfix\"><p style=\"text-align: left;\">Gute Kommunikation ist ein Schl\u00fcssel zum Erfolg! Klare Absprachen und regelm\u00e4\u00dfiger Informationsaustausch! Denken auch Sie mit und hinterfragen Sie gerne auch kritisch meine Schrifts\u00e4tze und strategischen \u00dcberlegungen.<\/p><p>Nur wenn ich auf alle Ihre Fragen eine \u00fcberzeugende Antwort habe, kann ich auch verhandlungssicher und erfolgreich gegen\u00fcber Ihren Gegnern auftreten.<\/p><\/div>\n\t\t\t\t<\/div>\n\t\t\t\t<\/div>\n\t\t\t\t<div class=\"elementor-element elementor-element-96835e4 elementor-headline--style-highlight elementor-widget elementor-widget-animated-headline\" data-id=\"96835e4\" data-element_type=\"widget\" data-settings=\"{&quot;highlighted_text&quot;:&quot;Informieren &quot;,&quot;marker&quot;:&quot;underline_zigzag&quot;,&quot;headline_style&quot;:&quot;highlight&quot;}\" data-widget_type=\"animated-headline.default\">\n\t\t\t\t<div class=\"elementor-widget-container\">\n\t\t\t\t\t<h6 class=\"elementor-headline\">\n\t\t\t\t\t\t<span class=\"elementor-headline-dynamic-wrapper elementor-headline-text-wrapper\"><\/span>\n\t\t\t\t\t\t\t<span class=\"elementor-headline-plain-text elementor-headline-text-wrapper\">Sie sich<\/span>\n\t\t\t\t\t<\/h6>\n\t\t\t\t<\/div>\n\t\t\t\t<\/div>\n\t\t\t\t<div class=\"elementor-element elementor-element-ae2bef6 elementor-widget elementor-widget-text-editor\" data-id=\"ae2bef6\" data-element_type=\"widget\" data-widget_type=\"text-editor.default\">\n\t\t\t\t<div class=\"elementor-widget-container\">\n\t\t\t\t\t<div class=\"elementor-text-editor elementor-clearfix\"><p>Auf dieser Webseite finden Sie einige Hinweise zur Kommunikation mit unserer Kanzlei. Informieren Sie sich und nutzen Sie die angebotenen M\u00f6glichkeiten, den gegenseitigen Informationsaustausch schnell, unkompliziert und zuverl\u00e4ssig vorzunehmen.<\/p><\/div>\n\t\t\t\t<\/div>\n\t\t\t\t<\/div>\n\t\t\t\t<div class=\"elementor-element elementor-element-a9a771c elementor-headline--style-highlight elementor-widget elementor-widget-animated-headline\" data-id=\"a9a771c\" data-element_type=\"widget\" data-settings=\"{&quot;highlighted_text&quot;:&quot;Helfen&quot;,&quot;marker&quot;:&quot;underline_zigzag&quot;,&quot;headline_style&quot;:&quot;highlight&quot;}\" data-widget_type=\"animated-headline.default\">\n\t\t\t\t<div class=\"elementor-widget-container\">\n\t\t\t\t\t<h6 class=\"elementor-headline\">\n\t\t\t\t\t\t<span class=\"elementor-headline-dynamic-wrapper elementor-headline-text-wrapper\"><\/span>\n\t\t\t\t\t\t\t<span class=\"elementor-headline-plain-text elementor-headline-text-wrapper\">Sie mit<\/span>\n\t\t\t\t\t<\/h6>\n\t\t\t\t<\/div>\n\t\t\t\t<\/div>\n\t\t\t\t<div class=\"elementor-element elementor-element-8c39591 elementor-widget elementor-widget-text-editor\" data-id=\"8c39591\" data-element_type=\"widget\" data-widget_type=\"text-editor.default\">\n\t\t\t\t<div class=\"elementor-widget-container\">\n\t\t\t\t\t<div class=\"elementor-text-editor elementor-clearfix\"><p>Als Anwalt kann ich nur dann einen zuverl\u00e4ssigen Rat geben, wenn ich ausreichende Informationen \u00fcber ihren Fall habe. Meine wichtigste Informationsquelle sind Sie! Informieren Sie mich deshalb vollst\u00e4ndig, zuverl\u00e4ssig und ehrlich. Legen Sie mir insbesondere alle relevanten schriftlichen Unterlagen vor.<\/p><\/div>\n\t\t\t\t<\/div>\n\t\t\t\t<\/div>\n\t\t\t\t\t\t<\/div>\n\t\t\t\t\t<\/div>\n\t\t<\/div>\n\t\t\t\t\t\t\t\t<\/div>\n\t\t\t\t\t<\/div>\n\t\t<\/section>\n\t\t\t\t<section data-particle_enable=\"false\" data-particle-mobile-disabled=\"false\" class=\"elementor-section elementor-top-section elementor-element elementor-element-0909082 elementor-section-boxed elementor-section-height-default elementor-section-height-default\" data-id=\"0909082\" data-element_type=\"section\">\n\t\t\t\t\t\t<div class=\"elementor-container elementor-column-gap-default\">\n\t\t\t\t\t\t\t<div class=\"elementor-row\">\n\t\t\t\t\t<div class=\"elementor-column elementor-col-50 elementor-top-column elementor-element elementor-element-0005cfb\" data-id=\"0005cfb\" data-element_type=\"column\" data-settings=\"{&quot;background_background&quot;:&quot;classic&quot;}\">\n\t\t\t<div class=\"elementor-column-wrap elementor-element-populated\">\n\t\t\t\t\t\t\t<div class=\"elementor-widget-wrap\">\n\t\t\t\t\t\t<div class=\"elementor-element elementor-element-832c911 elementor-widget elementor-widget-wp-widget-media_image\" data-id=\"832c911\" data-element_type=\"widget\" data-widget_type=\"wp-widget-media_image.default\">\n\t\t\t\t<div class=\"elementor-widget-container\">\n\t\t\t<img loading=\"lazy\" decoding=\"async\" width=\"450\" height=\"677\" src=\"https:\/\/prozessegewinnen.de\/wp-content\/uploads\/2020\/03\/Portrait-528_Reichert-klein.jpg\" class=\"image wp-image-368  attachment-450x677 size-450x677\" alt=\"\" style=\"max-width: 100%; height: auto;\" srcset=\"https:\/\/prozessegewinnen.de\/wp-content\/uploads\/2020\/03\/Portrait-528_Reichert-klein.jpg 681w, https:\/\/prozessegewinnen.de\/wp-content\/uploads\/2020\/03\/Portrait-528_Reichert-klein-200x300.jpg 200w\" sizes=\"auto, (max-width: 450px) 100vw, 450px\" \/>\t\t<\/div>\n\t\t\t\t<\/div>\n\t\t\t\t\t\t<\/div>\n\t\t\t\t\t<\/div>\n\t\t<\/div>\n\t\t\t\t<div class=\"elementor-column elementor-col-50 elementor-top-column elementor-element elementor-element-5df9a9b\" data-id=\"5df9a9b\" data-element_type=\"column\">\n\t\t\t<div class=\"elementor-column-wrap elementor-element-populated\">\n\t\t\t\t\t\t\t<div class=\"elementor-widget-wrap\">\n\t\t\t\t\t\t<div class=\"elementor-element elementor-element-78cf334 elementor-widget__width-auto elementor-widget elementor-widget-heading\" data-id=\"78cf334\" data-element_type=\"widget\" data-widget_type=\"heading.default\">\n\t\t\t\t<div class=\"elementor-widget-container\">\n\t\t\t<h3 class=\"elementor-heading-title elementor-size-default\">Weil so viel auf dem Spiel  steht.<\/h3>\t\t<\/div>\n\t\t\t\t<\/div>\n\t\t\t\t<div class=\"elementor-element elementor-element-aa52611 elementor-widget elementor-widget-heading\" data-id=\"aa52611\" data-element_type=\"widget\" data-widget_type=\"heading.default\">\n\t\t\t\t<div class=\"elementor-widget-container\">\n\t\t\t<h2 class=\"elementor-heading-title elementor-size-default\">G\u00f6nnen sie sich eine kompetente Beratung<\/h2>\t\t<\/div>\n\t\t\t\t<\/div>\n\t\t\t\t<div class=\"elementor-element elementor-element-7f9d375 elementor-widget elementor-widget-text-editor\" data-id=\"7f9d375\" data-element_type=\"widget\" data-widget_type=\"text-editor.default\">\n\t\t\t\t<div class=\"elementor-widget-container\">\n\t\t\t\t\t<div class=\"elementor-text-editor elementor-clearfix\"><p>Mit meiner langj\u00e4hrigen Berufserfahrungen als Richter kann ich auch Ihren Fall mit der notwendigen Fachkompetenz durchsetzen.<\/p><p>Testen Sie es aus! Nehmen Sie Kontakt zu mir auf!<\/p><\/div>\n\t\t\t\t<\/div>\n\t\t\t\t<\/div>\n\t\t\t\t<div class=\"elementor-element elementor-element-eb43907 elementor-align-left elementor-tablet-align-center elementor-widget elementor-widget-button\" data-id=\"eb43907\" data-element_type=\"widget\" data-widget_type=\"button.default\">\n\t\t\t\t<div class=\"elementor-widget-container\">\n\t\t\t\t\t<div class=\"elementor-button-wrapper\">\n\t\t\t<a href=\"https:\/\/prozessegewinnen.de\/?page_id=275\" target=\"_blank\" class=\"elementor-button-link elementor-button elementor-size-sm elementor-animation-float\" role=\"button\">\n\t\t\t\t\t\t<span class=\"elementor-button-content-wrapper\">\n\t\t\t\t\t\t<span class=\"elementor-button-icon elementor-align-icon-right\">\n\t\t\t\t<svg xmlns=\"http:\/\/www.w3.org\/2000\/svg\" id=\"b385ca18-4b85-46d4-bb4b-571c73a19812\" data-name=\"b922a425-e5e0-4ef1-881c-5748460fd139\" viewBox=\"0 0 30.125 18.1738\"><title>arrow-icon-size3<\/title><path d=\"M29.75,9.3948,21.5281,1.1735a.8479.8479,0,0,0-.601-.261L20.9124.9119a.8526.8526,0,0,0-.5956.2409.8642.8642,0,0,0-.0027,1.23l6.7618,6.7611H.7316a.8566.8566,0,1,0,0,1.7131H27.0759l-6.7591,6.7591a.8576.8576,0,0,0-.0214,1.2113.8462.8462,0,0,0,.61.2583.8949.8949,0,0,0,.621-.2556l8.2233-8.224A.8587.8587,0,0,0,29.75,9.3948Z\" transform=\"translate(0.125 -0.9119)\"><\/path><\/svg>\t\t\t<\/span>\n\t\t\t\t\t\t<span class=\"elementor-button-text\">Mehr \u00dcber mich<\/span>\n\t\t<\/span>\n\t\t\t\t\t<\/a>\n\t\t<\/div>\n\t\t\t\t<\/div>\n\t\t\t\t<\/div>\n\t\t\t\t\t\t<\/div>\n\t\t\t\t\t<\/div>\n\t\t<\/div>\n\t\t\t\t\t\t\t\t<\/div>\n\t\t\t\t\t<\/div>\n\t\t<\/section>\n\t\t\t\t\t\t<\/div>\n\t\t\t\t\t\t<\/div>\n\t\t\t\t\t<\/div>\n\t\t","protected":false},"excerpt":{"rendered":"<p>Was ist wichtig? Wegweiser zum Erfolg Nat\u00fcrlich steht f\u00fcr jeden Rechtsuchenden auf der Skala seiner W\u00fcnsche an 1. Stelle der Erfolg. Der Erfolg meines Mandanten ist selbstverst\u00e4ndlich auch mein wichtigstes Ziel. Um Ihre Erfolgschancen zu optimieren gilt es aber zun\u00e4chst, in der Zusammenarbeit mit Ihnen die Weichen zu stellen, die notwendig sind, auf dem schnellsten&hellip;&nbsp;<a href=\"https:\/\/prozessegewinnen.de\/?page_id=1470\" class=\"\" rel=\"bookmark\">Weiterlesen &raquo;<span class=\"screen-reader-text\">WICHTIGES F\u00dcR SIE<\/span><\/a><\/p>\n","protected":false},"author":1,"featured_media":0,"parent":0,"menu_order":4,"comment_status":"closed","ping_status":"closed","template":"elementor_header_footer","meta":{"neve_meta_sidebar":"","neve_meta_container":"","neve_meta_enable_content_width":"off","neve_meta_content_width":0,"neve_meta_title_alignment":"","neve_meta_author_avatar":"","neve_post_elements_order":"","neve_meta_disable_header":"","neve_meta_disable_footer":"","neve_meta_disable_title":"on","_themeisle_gutenberg_block_has_review":false,"footnotes":""},"class_list":["post-1470","page","type-page","status-publish","hentry"],"aioseo_notices":[],"_links":{"self":[{"href":"https:\/\/prozessegewinnen.de\/index.php?rest_route=\/wp\/v2\/pages\/1470","targetHints":{"allow":["GET"]}}],"collection":[{"href":"https:\/\/prozessegewinnen.de\/index.php?rest_route=\/wp\/v2\/pages"}],"about":[{"href":"https:\/\/prozessegewinnen.de\/index.php?rest_route=\/wp\/v2\/types\/page"}],"author":[{"embeddable":true,"href":"https:\/\/prozessegewinnen.de\/index.php?rest_route=\/wp\/v2\/users\/1"}],"replies":[{"embeddable":true,"href":"https:\/\/prozessegewinnen.de\/index.php?rest_route=%2Fwp%2Fv2%2Fcomments&post=1470"}],"version-history":[{"count":111,"href":"https:\/\/prozessegewinnen.de\/index.php?rest_route=\/wp\/v2\/pages\/1470\/revisions"}],"predecessor-version":[{"id":6008,"href":"https:\/\/prozessegewinnen.de\/index.php?rest_route=\/wp\/v2\/pages\/1470\/revisions\/6008"}],"wp:attachment":[{"href":"https:\/\/prozessegewinnen.de\/index.php?rest_route=%2Fwp%2Fv2%2Fmedia&parent=1470"}],"curies":[{"name":"wp","href":"https:\/\/api.w.org\/{rel}","templated":true}]}}