{"id":1621,"date":"2020-05-21T08:06:45","date_gmt":"2020-05-21T06:06:45","guid":{"rendered":"https:\/\/prozessegewinnen.de\/?page_id=1621"},"modified":"2020-10-16T20:30:49","modified_gmt":"2020-10-16T18:30:49","slug":"unverbindliche-mandatsanfrage-3","status":"publish","type":"page","link":"https:\/\/prozessegewinnen.de\/?page_id=1621","title":{"rendered":"Was ist zu bedenken?"},"content":{"rendered":"\t\t<div data-elementor-type=\"wp-page\" data-elementor-id=\"1621\" class=\"elementor elementor-1621\" data-elementor-settings=\"[]\">\n\t\t\t\t\t\t<div class=\"elementor-inner\">\n\t\t\t\t\t\t\t<div class=\"elementor-section-wrap\">\n\t\t\t\t\t\t\t<section data-particle_enable=\"false\" data-particle-mobile-disabled=\"false\" class=\"elementor-section elementor-top-section elementor-element elementor-element-37c7ac6 elementor-section-boxed elementor-section-height-default elementor-section-height-default\" data-id=\"37c7ac6\" data-element_type=\"section\" data-settings=\"{&quot;background_background&quot;:&quot;classic&quot;}\">\n\t\t\t\t\t\t\t<div class=\"elementor-background-overlay\"><\/div>\n\t\t\t\t\t\t\t<div class=\"elementor-container elementor-column-gap-default\">\n\t\t\t\t\t\t\t<div class=\"elementor-row\">\n\t\t\t\t\t<div class=\"elementor-column elementor-col-100 elementor-top-column elementor-element elementor-element-0c1ce40\" data-id=\"0c1ce40\" data-element_type=\"column\">\n\t\t\t<div class=\"elementor-column-wrap elementor-element-populated\">\n\t\t\t\t\t\t\t<div class=\"elementor-widget-wrap\">\n\t\t\t\t\t\t<div class=\"elementor-element elementor-element-e1df43a elementor-widget__width-auto elementor-widget elementor-widget-heading\" data-id=\"e1df43a\" data-element_type=\"widget\" data-widget_type=\"heading.default\">\n\t\t\t\t<div class=\"elementor-widget-container\">\n\t\t\t<h2 class=\"elementor-heading-title elementor-size-default\">Was ist zu bedenken?<\/h2>\t\t<\/div>\n\t\t\t\t<\/div>\n\t\t\t\t<div class=\"elementor-element elementor-element-845f80a elementor-widget elementor-widget-text-editor\" data-id=\"845f80a\" data-element_type=\"widget\" data-widget_type=\"text-editor.default\">\n\t\t\t\t<div class=\"elementor-widget-container\">\n\t\t\t\t\t<div class=\"elementor-text-editor elementor-clearfix\"><p>Anwalt und Mandant: Ein gemeinsamer Weg, ein gemeinsames Ziel.<\/p><\/div>\n\t\t\t\t<\/div>\n\t\t\t\t<\/div>\n\t\t\t\t\t\t<\/div>\n\t\t\t\t\t<\/div>\n\t\t<\/div>\n\t\t\t\t\t\t\t\t<\/div>\n\t\t\t\t\t<\/div>\n\t\t<\/section>\n\t\t\t\t<section data-particle_enable=\"false\" data-particle-mobile-disabled=\"false\" class=\"elementor-section elementor-top-section elementor-element elementor-element-9ea4c24 elementor-section-boxed elementor-section-height-default elementor-section-height-default\" data-id=\"9ea4c24\" data-element_type=\"section\" data-settings=\"{&quot;background_background&quot;:&quot;classic&quot;}\">\n\t\t\t\t\t\t\t<div class=\"elementor-background-overlay\"><\/div>\n\t\t\t\t\t\t\t<div class=\"elementor-container elementor-column-gap-default\">\n\t\t\t\t\t\t\t<div class=\"elementor-row\">\n\t\t\t\t\t<div class=\"elementor-column elementor-col-100 elementor-top-column elementor-element elementor-element-0967788\" data-id=\"0967788\" data-element_type=\"column\">\n\t\t\t<div class=\"elementor-column-wrap elementor-element-populated\">\n\t\t\t\t\t\t\t<div class=\"elementor-widget-wrap\">\n\t\t\t\t\t\t<div class=\"elementor-element elementor-element-b6d4142 elementor-widget elementor-widget-text-editor\" data-id=\"b6d4142\" data-element_type=\"widget\" data-widget_type=\"text-editor.default\">\n\t\t\t\t<div class=\"elementor-widget-container\">\n\t\t\t\t\t<div class=\"elementor-text-editor elementor-clearfix\"><p>Nat\u00fcrlich gibt es F\u00e4lle, in denen Sie mich beauftragen, mir Unterlagen vorliegen und ich dann f\u00fcr Sie die Sache durchziehe. Das ist dann anwaltlicher Standard, der routinem\u00e4ssig abgewickelt werden kann. Darum geht es hier aber nicht.\u00a0<\/p><p>Je mehr Herausforderungen ein Mandat im tats\u00e4chlichen oder rechtlichen Bereich bereit h\u00e4lt, umso wichtiger ist, dass\u00a0<span style=\"letter-spacing: 0.3px;\">Anwalt und Mandant konstruktiv und zielstrebig zusammenarbeiten. Beide m\u00fcssen ihren Teil zum Erfolg beitragen:\u00a0<\/span><\/p><\/div>\n\t\t\t\t<\/div>\n\t\t\t\t<\/div>\n\t\t\t\t<div class=\"elementor-element elementor-element-3f3eaa1 elementor-widget elementor-widget-text-editor\" data-id=\"3f3eaa1\" data-element_type=\"widget\" data-widget_type=\"text-editor.default\">\n\t\t\t\t<div class=\"elementor-widget-container\">\n\t\t\t\t\t<div class=\"elementor-text-editor elementor-clearfix\"><p><b style=\"letter-spacing: 0.3px;\">Der Mandant liefert m\u00f6glichst vollst\u00e4ndig die zum Fall geh\u00f6renden Informationen und Unterlagen; der Anwalt nimmt eine rechtliche Pr\u00fcfung vor und gemeinsam wird dann die bestm\u00f6gliche Strategie entwickelt, um zum Erfolg zu kommen.<\/b><\/p><\/div>\n\t\t\t\t<\/div>\n\t\t\t\t<\/div>\n\t\t\t\t<div class=\"elementor-element elementor-element-d1f4b0f elementor-widget__width-auto elementor-widget elementor-widget-image\" data-id=\"d1f4b0f\" data-element_type=\"widget\" data-widget_type=\"image.default\">\n\t\t\t\t<div class=\"elementor-widget-container\">\n\t\t\t\t\t<div class=\"elementor-image\">\n\t\t\t\t\t\t\t\t\t\t<img decoding=\"async\" src=\"https:\/\/prozessegewinnen.de\/wp-content\/uploads\/elementor\/thumbs\/Logo-3.0-PNG-nur-paragraph-100-PX-H\u00f6he-ooj409n47vg4vtudq37ek0p83tf02bdp2oa3ggyaow.png\" title=\"Logo 3.0 PNG nur paragraph 100 PX H\u00f6he\" alt=\"Logo 3.0 PNG nur paragraph 100 PX H\u00f6he\" \/>\t\t\t\t\t\t\t\t\t\t\t<\/div>\n\t\t\t\t<\/div>\n\t\t\t\t<\/div>\n\t\t\t\t<div class=\"elementor-element elementor-element-012b949 elementor-widget elementor-widget-heading\" data-id=\"012b949\" data-element_type=\"widget\" data-widget_type=\"heading.default\">\n\t\t\t\t<div class=\"elementor-widget-container\">\n\t\t\t<h5 class=\"elementor-heading-title elementor-size-default\">Wollen Sie Ihr Recht durchsetzen ? Sind Sie bereit, das Kostenrisiko eines gerichtlichen Verfahrens zu tragen? <\/h5>\t\t<\/div>\n\t\t\t\t<\/div>\n\t\t\t\t<div class=\"elementor-element elementor-element-e7cc1ae elementor-widget elementor-widget-text-editor\" data-id=\"e7cc1ae\" data-element_type=\"widget\" data-widget_type=\"text-editor.default\">\n\t\t\t\t<div class=\"elementor-widget-container\">\n\t\t\t\t\t<div class=\"elementor-text-editor elementor-clearfix\"><p><span style=\"letter-spacing: 0.3px;\">Dieser Frage sollte sich jeder Mandant vor einer Mandatserteilung stellen. Hier geht es um grunds\u00e4tzliche \u00dcberlegungen, um eine Abw\u00e4gung zwischen Erfolgschancen und zu erwartenden Kosten.<\/span><\/p><p>Aber keine Angst, ich helfe Ihnen und berate sie in einem kosteng\u00fcnstigen Erstberatungsgespr\u00e4ch, welche Schritte der Rechtsverfolgung f\u00fcr sie zweckm\u00e4\u00dfig sind. Ich erstelle f\u00fcr Sie eine <b>Prozessrisikoanalyse<\/b>. Keine Sorge! Wir m\u00fcssen nicht gleich vor Gericht ziehen, wir k\u00f6nnen auch eine au\u00dfergerichtliche L\u00f6sung w\u00e4hlen.<\/p><p>Die Entscheidung \u00fcber die einzelnen Schritte treffen danach nat\u00fcrlich Sie. Ich gebe nur eine Empfehlung.<\/p><p>Vor dem Gang zum Gericht werde ich mit Ihnen nochmals gemeinsam \u00fcberlegen, ob Sie nach aktuellem Sachstand den Willen haben, einen Rechtsstreit notfalls auch \u00fcber mehrere Instanzen durchsetzen zu wollen und dies auch zu k\u00f6nnen. Hier geht es nicht nur das wirtschaftliche Durchhalteverm\u00f6gen sondern auch die emotionale Bereitschaft den Stress eines gerichtlichen Verfahrens durchstehen zu k\u00f6nnen.<\/p><p style=\"text-align: center;\"><b>Egal wie sie sich entscheiden, ich werde ihre Entscheidung mit meiner ganzen Kompetenz unterst\u00fctzen.<br \/>Sie k\u00f6nnen sich auf mich verlassen!<\/b><\/p><\/div>\n\t\t\t\t<\/div>\n\t\t\t\t<\/div>\n\t\t\t\t<div class=\"elementor-element elementor-element-18098ce elementor-widget__width-auto elementor-widget elementor-widget-image\" data-id=\"18098ce\" data-element_type=\"widget\" data-widget_type=\"image.default\">\n\t\t\t\t<div class=\"elementor-widget-container\">\n\t\t\t\t\t<div class=\"elementor-image\">\n\t\t\t\t\t\t\t\t\t\t<img decoding=\"async\" src=\"https:\/\/prozessegewinnen.de\/wp-content\/uploads\/elementor\/thumbs\/Logo-3.0-PNG-nur-paragraph-100-PX-H\u00f6he-ooj409n47vg4vtudq37ek0p83tf02bdp2oa3ggyaow.png\" title=\"Logo 3.0 PNG nur paragraph 100 PX H\u00f6he\" alt=\"Logo 3.0 PNG nur paragraph 100 PX H\u00f6he\" \/>\t\t\t\t\t\t\t\t\t\t\t<\/div>\n\t\t\t\t<\/div>\n\t\t\t\t<\/div>\n\t\t\t\t<div class=\"elementor-element elementor-element-9c3c38b elementor-widget elementor-widget-heading\" data-id=\"9c3c38b\" data-element_type=\"widget\" data-widget_type=\"heading.default\">\n\t\t\t\t<div class=\"elementor-widget-container\">\n\t\t\t<h5 class=\"elementor-heading-title elementor-size-default\">Wie wollen wir vorgehen?<\/h5>\t\t<\/div>\n\t\t\t\t<\/div>\n\t\t\t\t<div class=\"elementor-element elementor-element-5a0fc41 elementor-widget elementor-widget-text-editor\" data-id=\"5a0fc41\" data-element_type=\"widget\" data-widget_type=\"text-editor.default\">\n\t\t\t\t<div class=\"elementor-widget-container\">\n\t\t\t\t\t<div class=\"elementor-text-editor elementor-clearfix\"><p><span style=\"letter-spacing: 0.3px;\"><b>Strategisch!<\/b> Eine wohl\u00fcberlegte Prozessstrategie ist die beste Voraussetzung zum Erfolg. Sie geben mir als Mandant vor, was Sie erreichen m\u00f6chten. Ich zeige Ihnen das rechtlich Machbare und den Weg dorthin auf. Sie entscheiden dann, wie weit sie notfalls gehen wollen und gemeinsam \u00fcberlegen wir, wie wir am besten dort hin kommen.<\/span><\/p><\/div>\n\t\t\t\t<\/div>\n\t\t\t\t<\/div>\n\t\t\t\t<div class=\"elementor-element elementor-element-742d35d elementor-widget__width-auto elementor-widget elementor-widget-image\" data-id=\"742d35d\" data-element_type=\"widget\" data-widget_type=\"image.default\">\n\t\t\t\t<div class=\"elementor-widget-container\">\n\t\t\t\t\t<div class=\"elementor-image\">\n\t\t\t\t\t\t\t\t\t\t<img decoding=\"async\" src=\"https:\/\/prozessegewinnen.de\/wp-content\/uploads\/elementor\/thumbs\/Logo-3.0-PNG-nur-paragraph-100-PX-H\u00f6he-ooj409n47vg4vtudq37ek0p83tf02bdp2oa3ggyaow.png\" title=\"Logo 3.0 PNG nur paragraph 100 PX H\u00f6he\" alt=\"Logo 3.0 PNG nur paragraph 100 PX H\u00f6he\" \/>\t\t\t\t\t\t\t\t\t\t\t<\/div>\n\t\t\t\t<\/div>\n\t\t\t\t<\/div>\n\t\t\t\t<div class=\"elementor-element elementor-element-264834f elementor-widget elementor-widget-heading\" data-id=\"264834f\" data-element_type=\"widget\" data-widget_type=\"heading.default\">\n\t\t\t\t<div class=\"elementor-widget-container\">\n\t\t\t<h5 class=\"elementor-heading-title elementor-size-default\">Welche Informationen  sind wichtig?<\/h5>\t\t<\/div>\n\t\t\t\t<\/div>\n\t\t\t\t<div class=\"elementor-element elementor-element-f20786a elementor-widget elementor-widget-text-editor\" data-id=\"f20786a\" data-element_type=\"widget\" data-widget_type=\"text-editor.default\">\n\t\t\t\t<div class=\"elementor-widget-container\">\n\t\t\t\t\t<div class=\"elementor-text-editor elementor-clearfix\"><p>Die Kommunikation mit meinen Mandanten ist der wichtigste Baustein einer erfolgreichen Prozessf\u00fchrung. Sie kennen die wichtigsten Informationen zu Ihrem Fall am besten. Und diese Informationsquelle muss bestm\u00f6glichst ausgesch\u00f6pft werden.<\/p><p>Deswegen bitte ich meine Mandanten in schwierigen F\u00e4llen, quasi als &#8222;Hausaufgabe&#8220; schon vor unseren Beratungsgespr\u00e4chen genau zu \u00fcberlegen und m\u00f6glichst zu notieren, welches Wissen zu relevanten Details vorhanden ist.\u00a0<\/p><p><b>Sie wissen aber nicht worauf es ankommt?\u00a0 <\/b>Keine Sorge, ich unterst\u00fctze Sie dabei und teile Ihnen gerne auch schon vorab mit, was von Bedeutung sein k\u00f6nnte. F\u00fcr viele Bereiche kann ich Ihnen auch einen Mandantenerhebungsbogen mit gezielten Fragestellungen zukommen lassen &#8211; oder Sie w\u00e4hlen die Downloadm\u00f6glichkeiten auf dieser Webseite.<\/p><\/div>\n\t\t\t\t<\/div>\n\t\t\t\t<\/div>\n\t\t\t\t<div class=\"elementor-element elementor-element-7b43ab5 elementor-widget__width-auto elementor-widget elementor-widget-image\" data-id=\"7b43ab5\" data-element_type=\"widget\" data-widget_type=\"image.default\">\n\t\t\t\t<div class=\"elementor-widget-container\">\n\t\t\t\t\t<div class=\"elementor-image\">\n\t\t\t\t\t\t\t\t\t\t<img decoding=\"async\" src=\"https:\/\/prozessegewinnen.de\/wp-content\/uploads\/elementor\/thumbs\/Logo-3.0-PNG-nur-paragraph-100-PX-H\u00f6he-ooj409n47vg4vtudq37ek0p83tf02bdp2oa3ggyaow.png\" title=\"Logo 3.0 PNG nur paragraph 100 PX H\u00f6he\" alt=\"Logo 3.0 PNG nur paragraph 100 PX H\u00f6he\" \/>\t\t\t\t\t\t\t\t\t\t\t<\/div>\n\t\t\t\t<\/div>\n\t\t\t\t<\/div>\n\t\t\t\t<div class=\"elementor-element elementor-element-527a34c elementor-widget elementor-widget-heading\" data-id=\"527a34c\" data-element_type=\"widget\" data-widget_type=\"heading.default\">\n\t\t\t\t<div class=\"elementor-widget-container\">\n\t\t\t<h5 class=\"elementor-heading-title elementor-size-default\">Was erwarte ich von meinen Mandanten?<\/h5>\t\t<\/div>\n\t\t\t\t<\/div>\n\t\t\t\t<div class=\"elementor-element elementor-element-387e8d8 elementor-widget elementor-widget-text-editor\" data-id=\"387e8d8\" data-element_type=\"widget\" data-widget_type=\"text-editor.default\">\n\t\t\t\t<div class=\"elementor-widget-container\">\n\t\t\t\t\t<div class=\"elementor-text-editor elementor-clearfix\"><p>Sie d\u00fcrfen von mir eine z\u00fcgige, strukturierte und ergebnisorientierte Sachbearbeitung auf hohem Qualit\u00e4tsniveau erwarten.&nbsp;<span style=\"letter-spacing: 0.3px;\">Ich erwarte umgekehrt von meinen Mandanten, dass auch sie ihre Mitwirkung ernst nehmen und mich mit <\/span><strong style=\"letter-spacing: 0.3px;\">vollst\u00e4ndigen und zutreffenden Informationen<\/strong><span style=\"letter-spacing: 0.3px;\"> versorgen. Das nat\u00fcrlich nur soweit sie als Mandant \u00fcber diese Informationen verf\u00fcgen und deren Bedeutung einsch\u00e4tzen k\u00f6nnen.&nbsp;<\/span><\/p>\n<p>Nichts ist unangenehmer, als erst in einer m\u00fcndlichen Verhandlung vor Gericht&nbsp; vom Gegner wichtige Dinge zu erfahren, die f\u00fcr die strategische Aufarbeitung relevant gewesen w\u00e4ren, ja vielleicht sogar die ganze bisherige Prozessf\u00fchrung wirkungslos machen.<\/p>\n<p><strong>Tragen Sie auch zu einer effizienten Mandatsabwicklung bei!<\/strong> Bereiten Sie sich auf unser Beratungsgespr\u00e4ch vor. Nutzen Sie die Informationsm\u00f6glichkeiten dieser Seite.&nbsp;Verwenden Sie unsere Frageb\u00f6gen. Insbesondere bei aufw\u00e4ndigen Sachen kann ich Sie im pers\u00f6nlichen Gespr\u00e4ch besser und gezielter beraten, wenn ich zuvor einen kurzen Blick in die Unterlagen werfen konnte.<\/p>\n<p><strong>Vereinbaren Sie vorab einen Gespr\u00e4chtermin.<\/strong> Meine Kanzlei verf\u00fcgt zwar \u00fcber einen gem\u00fctlichen Warteraum (bei mir sitzen Sie selbstverst\u00e4ndlich nicht im Flur!). Es geh\u00f6rt aber zu meinem Gesch\u00e4ftsprinzip, niemand warten zu lassen.&nbsp;<\/p><\/div>\n\t\t\t\t<\/div>\n\t\t\t\t<\/div>\n\t\t\t\t<div class=\"elementor-element elementor-element-9d1b5a0 elementor-widget__width-auto elementor-widget elementor-widget-image\" data-id=\"9d1b5a0\" data-element_type=\"widget\" data-widget_type=\"image.default\">\n\t\t\t\t<div class=\"elementor-widget-container\">\n\t\t\t\t\t<div class=\"elementor-image\">\n\t\t\t\t\t\t\t\t\t\t<img decoding=\"async\" src=\"https:\/\/prozessegewinnen.de\/wp-content\/uploads\/elementor\/thumbs\/Logo-3.0-PNG-nur-paragraph-100-PX-H\u00f6he-ooj409n47vg4vtudq37ek0p83tf02bdp2oa3ggyaow.png\" title=\"Logo 3.0 PNG nur paragraph 100 PX H\u00f6he\" alt=\"Logo 3.0 PNG nur paragraph 100 PX H\u00f6he\" \/>\t\t\t\t\t\t\t\t\t\t\t<\/div>\n\t\t\t\t<\/div>\n\t\t\t\t<\/div>\n\t\t\t\t<div class=\"elementor-element elementor-element-0c9d95e elementor-widget elementor-widget-heading\" data-id=\"0c9d95e\" data-element_type=\"widget\" data-widget_type=\"heading.default\">\n\t\t\t\t<div class=\"elementor-widget-container\">\n\t\t\t<h5 class=\"elementor-heading-title elementor-size-default\">Sind Ihre Daten bei mir sicher?<\/h5>\t\t<\/div>\n\t\t\t\t<\/div>\n\t\t\t\t<div class=\"elementor-element elementor-element-e2df805 elementor-widget elementor-widget-text-editor\" data-id=\"e2df805\" data-element_type=\"widget\" data-widget_type=\"text-editor.default\">\n\t\t\t\t<div class=\"elementor-widget-container\">\n\t\t\t\t\t<div class=\"elementor-text-editor elementor-clearfix\"><p>Ihre Daten werden von mir absolut vertraulich behandelt.\u00a0 Die anwaltliche Verschwiegenheitspflicht ist f\u00fcr mich eine nat\u00fcrliche Selbstverpflichtung. Als absolut gesch\u00fctzter Geheimnistr\u00e4ger setze ich mich f\u00fcr ein H\u00f6chstma\u00df an Datenschutz und Datensicherheit ein. Alle privaten elektronischen Mandantenunterlagen werden auf gesicherten Speicherpl\u00e4tzen mit Passwortschutz gelagert.<\/p><p>Meine Webseite ist verschl\u00fcsselt. Cookies werden auf das N\u00f6tigste beschr\u00e4nkt.<\/p><\/div>\n\t\t\t\t<\/div>\n\t\t\t\t<\/div>\n\t\t\t\t<div class=\"elementor-element elementor-element-2e9f176 elementor-widget__width-auto elementor-widget elementor-widget-image\" data-id=\"2e9f176\" data-element_type=\"widget\" data-widget_type=\"image.default\">\n\t\t\t\t<div class=\"elementor-widget-container\">\n\t\t\t\t\t<div class=\"elementor-image\">\n\t\t\t\t\t\t\t\t\t\t<img decoding=\"async\" src=\"https:\/\/prozessegewinnen.de\/wp-content\/uploads\/elementor\/thumbs\/Logo-3.0-PNG-nur-paragraph-100-PX-H\u00f6he-ooj409n47vg4vtudq37ek0p83tf02bdp2oa3ggyaow.png\" title=\"Logo 3.0 PNG nur paragraph 100 PX H\u00f6he\" alt=\"Logo 3.0 PNG nur paragraph 100 PX H\u00f6he\" \/>\t\t\t\t\t\t\t\t\t\t\t<\/div>\n\t\t\t\t<\/div>\n\t\t\t\t<\/div>\n\t\t\t\t<div class=\"elementor-element elementor-element-7966dee elementor-widget elementor-widget-heading\" data-id=\"7966dee\" data-element_type=\"widget\" data-widget_type=\"heading.default\">\n\t\t\t\t<div class=\"elementor-widget-container\">\n\t\t\t<h5 class=\"elementor-heading-title elementor-size-default\">Werden Sie \u00fcber die Rechtslage ausreichend informiert?<\/h5>\t\t<\/div>\n\t\t\t\t<\/div>\n\t\t\t\t<div class=\"elementor-element elementor-element-8b2d5ee elementor-widget elementor-widget-text-editor\" data-id=\"8b2d5ee\" data-element_type=\"widget\" data-widget_type=\"text-editor.default\">\n\t\t\t\t<div class=\"elementor-widget-container\">\n\t\t\t\t\t<div class=\"elementor-text-editor elementor-clearfix\"><p>Selbstverst\u00e4ndlich werden Sie das! F\u00fcr mich ist die\u00a0<span style=\"letter-spacing: 0.3px;\">Transparenz der Fallbehandlung \u00fcberaus wichtig. Nur wenn <strong><em>SIE<\/em><\/strong> wissen worum es rechtlich geht, k\u00f6nnen Sie mir auch die Informationen mitteilen, die f\u00fcr die Rechtslage wichtig sind.<\/span><\/p><p><span style=\"letter-spacing: 0.3px;\">Ich bereite die Rechtslage daher auch f\u00fcr den juristischen Laien verst\u00e4ndlich\u00a0 auf (als Richter habe ich dies gelernt) und informiere Sie \u00fcber alle Verfahrensschritte.\u00a0<\/span><\/p><\/div>\n\t\t\t\t<\/div>\n\t\t\t\t<\/div>\n\t\t\t\t<div class=\"elementor-element elementor-element-71fe41c elementor-widget__width-auto elementor-widget elementor-widget-image\" data-id=\"71fe41c\" data-element_type=\"widget\" data-widget_type=\"image.default\">\n\t\t\t\t<div class=\"elementor-widget-container\">\n\t\t\t\t\t<div class=\"elementor-image\">\n\t\t\t\t\t\t\t\t\t\t<img decoding=\"async\" src=\"https:\/\/prozessegewinnen.de\/wp-content\/uploads\/elementor\/thumbs\/Logo-3.0-PNG-nur-paragraph-100-PX-H\u00f6he-ooj409n47vg4vtudq37ek0p83tf02bdp2oa3ggyaow.png\" title=\"Logo 3.0 PNG nur paragraph 100 PX H\u00f6he\" alt=\"Logo 3.0 PNG nur paragraph 100 PX H\u00f6he\" \/>\t\t\t\t\t\t\t\t\t\t\t<\/div>\n\t\t\t\t<\/div>\n\t\t\t\t<\/div>\n\t\t\t\t<div class=\"elementor-element elementor-element-0c69462 elementor-widget elementor-widget-heading\" data-id=\"0c69462\" data-element_type=\"widget\" data-widget_type=\"heading.default\">\n\t\t\t\t<div class=\"elementor-widget-container\">\n\t\t\t<h5 class=\"elementor-heading-title elementor-size-default\">Werde ich Ihnen zum Erfolg verhelfen?<\/h5>\t\t<\/div>\n\t\t\t\t<\/div>\n\t\t\t\t<div class=\"elementor-element elementor-element-e4c3fb5 elementor-widget elementor-widget-text-editor\" data-id=\"e4c3fb5\" data-element_type=\"widget\" data-widget_type=\"text-editor.default\">\n\t\t\t\t<div class=\"elementor-widget-container\">\n\t\t\t\t\t<div class=\"elementor-text-editor elementor-clearfix\"><p>Das kann ich Ihnen leider nicht versprechen. Was ich Ihnen aber versprechen kann ist, dass ich mit meiner langj\u00e4hrigen Erfahrung als Richter bei verschiedenen Gerichten bis hin zum Oberlandesgericht nicht nur ein kompetenter Ratgeber sein werde. Ich kann Ihnen zus\u00e4tzlich auch versprechen, dass ich dank meiner besonderen Kenntnisse im Bereich der strategischen Prozessf\u00fchrung f\u00fcr Sie die besten Erfolgschancen herausarbeiten kann.<\/p><p>Am Ende entscheidet jedoch immer der Richter. In meiner fr\u00fcheren Berufst\u00e4tigkeit habe ich selbst viele solcher Entscheidungen bereits getroffen und wei\u00df daher, worauf es ankommt.<\/p><\/div>\n\t\t\t\t<\/div>\n\t\t\t\t<\/div>\n\t\t\t\t\t\t<\/div>\n\t\t\t\t\t<\/div>\n\t\t<\/div>\n\t\t\t\t\t\t\t\t<\/div>\n\t\t\t\t\t<\/div>\n\t\t<\/section>\n\t\t\t\t\t\t<\/div>\n\t\t\t\t\t\t<\/div>\n\t\t\t\t\t<\/div>\n\t\t","protected":false},"excerpt":{"rendered":"<p>Was ist zu bedenken? Anwalt und Mandant: Ein gemeinsamer Weg, ein gemeinsames Ziel. Nat\u00fcrlich gibt es F\u00e4lle, in denen Sie mich beauftragen, mir Unterlagen vorliegen und ich dann f\u00fcr Sie die Sache durchziehe. Das ist dann anwaltlicher Standard, der routinem\u00e4ssig abgewickelt werden kann. Darum geht es hier aber nicht.\u00a0 Je mehr Herausforderungen ein Mandat im&hellip;&nbsp;<a href=\"https:\/\/prozessegewinnen.de\/?page_id=1621\" class=\"\" rel=\"bookmark\">Weiterlesen &raquo;<span class=\"screen-reader-text\">Was ist zu bedenken?<\/span><\/a><\/p>\n","protected":false},"author":1,"featured_media":0,"parent":1470,"menu_order":0,"comment_status":"closed","ping_status":"closed","template":"page-templates\/template-pagebuilder-full-width.php","meta":{"neve_meta_sidebar":"","neve_meta_container":"","neve_meta_enable_content_width":"off","neve_meta_content_width":0,"neve_meta_title_alignment":"","neve_meta_author_avatar":"","neve_post_elements_order":"","neve_meta_disable_header":"","neve_meta_disable_footer":"","neve_meta_disable_title":"on","_themeisle_gutenberg_block_has_review":false,"footnotes":""},"class_list":["post-1621","page","type-page","status-publish","hentry"],"aioseo_notices":[],"_links":{"self":[{"href":"https:\/\/prozessegewinnen.de\/index.php?rest_route=\/wp\/v2\/pages\/1621","targetHints":{"allow":["GET"]}}],"collection":[{"href":"https:\/\/prozessegewinnen.de\/index.php?rest_route=\/wp\/v2\/pages"}],"about":[{"href":"https:\/\/prozessegewinnen.de\/index.php?rest_route=\/wp\/v2\/types\/page"}],"author":[{"embeddable":true,"href":"https:\/\/prozessegewinnen.de\/index.php?rest_route=\/wp\/v2\/users\/1"}],"replies":[{"embeddable":true,"href":"https:\/\/prozessegewinnen.de\/index.php?rest_route=%2Fwp%2Fv2%2Fcomments&post=1621"}],"version-history":[{"count":47,"href":"https:\/\/prozessegewinnen.de\/index.php?rest_route=\/wp\/v2\/pages\/1621\/revisions"}],"predecessor-version":[{"id":6011,"href":"https:\/\/prozessegewinnen.de\/index.php?rest_route=\/wp\/v2\/pages\/1621\/revisions\/6011"}],"up":[{"embeddable":true,"href":"https:\/\/prozessegewinnen.de\/index.php?rest_route=\/wp\/v2\/pages\/1470"}],"wp:attachment":[{"href":"https:\/\/prozessegewinnen.de\/index.php?rest_route=%2Fwp%2Fv2%2Fmedia&parent=1621"}],"curies":[{"name":"wp","href":"https:\/\/api.w.org\/{rel}","templated":true}]}}