{"id":1690,"date":"2020-05-22T08:32:28","date_gmt":"2020-05-22T06:32:28","guid":{"rendered":"https:\/\/prozessegewinnen.de\/?page_id=1690"},"modified":"2020-10-21T21:06:27","modified_gmt":"2020-10-21T19:06:27","slug":"das-anwaltsmandat","status":"publish","type":"page","link":"https:\/\/prozessegewinnen.de\/?page_id=1690","title":{"rendered":"Das Mandat"},"content":{"rendered":"\t\t<div data-elementor-type=\"wp-page\" data-elementor-id=\"1690\" class=\"elementor elementor-1690\" data-elementor-settings=\"[]\">\n\t\t\t\t\t\t<div class=\"elementor-inner\">\n\t\t\t\t\t\t\t<div class=\"elementor-section-wrap\">\n\t\t\t\t\t\t\t<section data-particle_enable=\"false\" data-particle-mobile-disabled=\"false\" class=\"elementor-section elementor-top-section elementor-element elementor-element-2055543 elementor-section-boxed elementor-section-height-default elementor-section-height-default\" data-id=\"2055543\" data-element_type=\"section\" data-settings=\"{&quot;background_background&quot;:&quot;classic&quot;}\">\n\t\t\t\t\t\t\t<div class=\"elementor-background-overlay\"><\/div>\n\t\t\t\t\t\t\t<div class=\"elementor-container elementor-column-gap-default\">\n\t\t\t\t\t\t\t<div class=\"elementor-row\">\n\t\t\t\t\t<div class=\"elementor-column elementor-col-100 elementor-top-column elementor-element elementor-element-3b78484\" data-id=\"3b78484\" data-element_type=\"column\">\n\t\t\t<div class=\"elementor-column-wrap elementor-element-populated\">\n\t\t\t\t\t\t\t<div class=\"elementor-widget-wrap\">\n\t\t\t\t\t\t<div class=\"elementor-element elementor-element-8818512 elementor-widget__width-auto elementor-widget elementor-widget-heading\" data-id=\"8818512\" data-element_type=\"widget\" data-widget_type=\"heading.default\">\n\t\t\t\t<div class=\"elementor-widget-container\">\n\t\t\t<h3 class=\"elementor-heading-title elementor-size-medium\">Das d\u00fcrfen Sie als<br> Mandant erwarten<\/h3>\t\t<\/div>\n\t\t\t\t<\/div>\n\t\t\t\t<div class=\"elementor-element elementor-element-85247a6 elementor-widget elementor-widget-text-editor\" data-id=\"85247a6\" data-element_type=\"widget\" data-widget_type=\"text-editor.default\">\n\t\t\t\t<div class=\"elementor-widget-container\">\n\t\t\t\t\t<div class=\"elementor-text-editor elementor-clearfix\"><p>Wegweiser<\/p><\/div>\n\t\t\t\t<\/div>\n\t\t\t\t<\/div>\n\t\t\t\t<div class=\"elementor-element elementor-element-cfa8658 elementor-widget elementor-widget-spacer\" data-id=\"cfa8658\" data-element_type=\"widget\" data-widget_type=\"spacer.default\">\n\t\t\t\t<div class=\"elementor-widget-container\">\n\t\t\t\t\t<div class=\"elementor-spacer\">\n\t\t\t<div class=\"elementor-spacer-inner\"><\/div>\n\t\t<\/div>\n\t\t\t\t<\/div>\n\t\t\t\t<\/div>\n\t\t\t\t<div class=\"elementor-element elementor-element-4fe71e4 elementor-widget elementor-widget-text-editor\" data-id=\"4fe71e4\" data-element_type=\"widget\" data-widget_type=\"text-editor.default\">\n\t\t\t\t<div class=\"elementor-widget-container\">\n\t\t\t\t\t<div class=\"elementor-text-editor elementor-clearfix\"><p>Mandantenzufriedenheit ist unser oberstes Ziel. Deshalb suchen wir f\u00fcr Sie nicht nur den 100%igen rechtlichen Erfolg, sondern m\u00f6chten auch den Weg dorthin m\u00f6glichst klar, zielstrebig und effektiv gestalten.<\/p><p>Wir wollen Ihnen eine moderne, komfortable Kommunikation bieten und werden unser Angebot st\u00e4ndig verbessern. Deswegen w\u00fcrden wir uns freuen, wenn wir auch von Ihnen ein Feedback bekommen, was aus Sicht eines Mandanten besser gemacht werden k\u00f6nnte.<\/p><p>Wir freuen uns \u00fcber positive Anregungen, nehmen aber gerne auch Ihre Kritik zur Kenntnis.\u00a0\u00a0<\/p><\/div>\n\t\t\t\t<\/div>\n\t\t\t\t<\/div>\n\t\t\t\t<div class=\"elementor-element elementor-element-18b913e elementor-widget-divider--view-line_text elementor-widget-divider--element-align-center elementor-widget elementor-widget-divider\" data-id=\"18b913e\" data-element_type=\"widget\" data-widget_type=\"divider.default\">\n\t\t\t\t<div class=\"elementor-widget-container\">\n\t\t\t\t\t<div class=\"elementor-divider\">\n\t\t\t<span class=\"elementor-divider-separator\">\n\t\t\t\t\t\t\t<span class=\"elementor-divider__text elementor-divider__element\">Fairness und Transparenz<\/span>\n\t\t\t\t\t\t<\/span>\n\t\t<\/div>\n\t\t\t\t<\/div>\n\t\t\t\t<\/div>\n\t\t\t\t<div class=\"elementor-element elementor-element-b0ab33c elementor-widget__width-auto elementor-widget elementor-widget-heading\" data-id=\"b0ab33c\" data-element_type=\"widget\" data-widget_type=\"heading.default\">\n\t\t\t\t<div class=\"elementor-widget-container\">\n\t\t\t<h3 class=\"elementor-heading-title elementor-size-default\">Wegweisend<\/h3>\t\t<\/div>\n\t\t\t\t<\/div>\n\t\t\t\t<div class=\"elementor-element elementor-element-37cc9f3 elementor-widget elementor-widget-spacer\" data-id=\"37cc9f3\" data-element_type=\"widget\" data-widget_type=\"spacer.default\">\n\t\t\t\t<div class=\"elementor-widget-container\">\n\t\t\t\t\t<div class=\"elementor-spacer\">\n\t\t\t<div class=\"elementor-spacer-inner\"><\/div>\n\t\t<\/div>\n\t\t\t\t<\/div>\n\t\t\t\t<\/div>\n\t\t\t\t<div class=\"elementor-element elementor-element-62d151c elementor-widget elementor-widget-eael-feature-list\" data-id=\"62d151c\" data-element_type=\"widget\" data-widget_type=\"eael-feature-list.default\">\n\t\t\t\t<div class=\"elementor-widget-container\">\n\t\t\t\t\t<div class=\"-icon-position-left -tablet-icon-position-left -mobile-icon-position-left\">\n\t\t\t<ul id=\"eael-feature-list-62d151c\" class=\"eael-feature-list-items circle stacked connector-type-modern\">\n\t\t\t\t\t\t\t\t\t\t\t\t\t                <li class=\"eael-feature-list-item\">\n\t\t\t\t\t\t\t\t\t                    \t\t\t\t\t\t\t\t\t                        <span class=\"connector\" style=\"right: calc(100% - 28px); left: 0;\"><\/span>\n\t\t\t\t\t\t\t\t\t                        <span class=\"connector connector-tablet\" style=\"right: calc(100% - 28px); left: 0;\"><\/span>\n\t\t\t\t\t\t\t\t\t                        <span class=\"connector connector-mobile\" style=\"right: calc(100% - 28px); left: 0;\"><\/span>\n\t\t\t\t\t\t\t\t\t                    \n\n\t\t\t\t\t\t<div class=\"eael-feature-list-icon-box\">\n\t\t\t\t\t\t\t<div class=\"eael-feature-list-icon-inner\">\n\n\t\t\t\t\t\t\t\t<a class=\"eael-feature-list-icon\"href=\"https:\/\/prozessegewinnen.de\/?page_id=1460\">\n\n\t\t\t\t\t\t\t\t\t<i class=\"fas fa-check\" aria-hidden=\"true\"><\/i>\n\t\t\t\t\t\t\t\t\t\n\t\t\t\t\t\t\t\t<\/a>\n\t\t\t\t\t\t\t<\/div>\n\t\t\t\t\t\t<\/div>\n\n\n\n\t\t\t\t\t\t<div class=\"eael-feature-list-content-box\">\n\t\t\t\t\t\t\t<h3 class=\"eael-feature-list-title\"\t\t\t\t\t\t\t><a href=\"https:\/\/prozessegewinnen.de\/?page_id=1460\">Kontaktaufnahme<\/a><\/h3\t\t\t\t\t\t>\n\t\t\t\t\t\t<p class=\"eael-feature-list-content\">Telefon, Internet, E-Mail usw. Wir wollen alle M\u00f6glichkeiten der modernen Kommunikation nutzen. Und denken Sie daran: Egal wie Sie auf uns zukommen - Erstkontakte sind f\u00fcr Sie immer kostenlos. <\/p>\n\t\t\t\t\t\t<\/div>\n\n\t\t\t\t\t<\/li>\n\t\t\t\t\t\t\t\t\t\t\t\t\t                <li class=\"eael-feature-list-item\">\n\t\t\t\t\t\t\t\t\t                    \t\t\t\t\t\t\t\t\t                        <span class=\"connector\" style=\"right: calc(100% - 28px); left: 0;\"><\/span>\n\t\t\t\t\t\t\t\t\t                        <span class=\"connector connector-tablet\" style=\"right: calc(100% - 28px); left: 0;\"><\/span>\n\t\t\t\t\t\t\t\t\t                        <span class=\"connector connector-mobile\" style=\"right: calc(100% - 28px); left: 0;\"><\/span>\n\t\t\t\t\t\t\t\t\t                    \n\n\t\t\t\t\t\t<div class=\"eael-feature-list-icon-box\">\n\t\t\t\t\t\t\t<div class=\"eael-feature-list-icon-inner\">\n\n\t\t\t\t\t\t\t\t<a class=\"eael-feature-list-icon\"href=\"https:\/\/prozessegewinnen.de\/?page_id=1460\">\n\n\t\t\t\t\t\t\t\t\t<i class=\"fas fa-check\" aria-hidden=\"true\"><\/i>\n\t\t\t\t\t\t\t\t\t\n\t\t\t\t\t\t\t\t<\/a>\n\t\t\t\t\t\t\t<\/div>\n\t\t\t\t\t\t<\/div>\n\n\n\n\t\t\t\t\t\t<div class=\"eael-feature-list-content-box\">\n\t\t\t\t\t\t\t<h3 class=\"eael-feature-list-title\"\t\t\t\t\t\t\t><a href=\"https:\/\/prozessegewinnen.de\/?page_id=1460\">Mandatserteilung<\/a><\/h3\t\t\t\t\t\t>\n\t\t\t\t\t\t<p class=\"eael-feature-list-content\">Nat\u00fcrlich kann ich f\u00fcr Sie - wenn es eilt - auch schon sofort nach einer m\u00fcndlichen Beauftragung t\u00e4tig werden.\nIch bitte aber um Verst\u00e4ndnis, dass wir aber immer auch eine schriftliche Dokumentation unter Einbeziehung meiner Mandatsbedingungen brauchen.\nDas sorgt auch in Ihrem Interesse f\u00fcr Klarheit und Transparenz.<\/p>\n\t\t\t\t\t\t<\/div>\n\n\t\t\t\t\t<\/li>\n\t\t\t\t\t\t\t\t\t\t\t\t\t                <li class=\"eael-feature-list-item\">\n\t\t\t\t\t\t\t\t\t                    \t\t\t\t\t\t\t\t\t                        <span class=\"connector\" style=\"right: calc(100% - 28px); left: 0;\"><\/span>\n\t\t\t\t\t\t\t\t\t                        <span class=\"connector connector-tablet\" style=\"right: calc(100% - 28px); left: 0;\"><\/span>\n\t\t\t\t\t\t\t\t\t                        <span class=\"connector connector-mobile\" style=\"right: calc(100% - 28px); left: 0;\"><\/span>\n\t\t\t\t\t\t\t\t\t                    \n\n\t\t\t\t\t\t<div class=\"eael-feature-list-icon-box\">\n\t\t\t\t\t\t\t<div class=\"eael-feature-list-icon-inner\">\n\n\t\t\t\t\t\t\t\t<a class=\"eael-feature-list-icon\"href=\"https:\/\/prozessegewinnen.de\/?page_id=1801\" target=\"_blank\">\n\n\t\t\t\t\t\t\t\t\t<i class=\"fas fa-check\" aria-hidden=\"true\"><\/i>\n\t\t\t\t\t\t\t\t\t\n\t\t\t\t\t\t\t\t<\/a>\n\t\t\t\t\t\t\t<\/div>\n\t\t\t\t\t\t<\/div>\n\n\n\n\t\t\t\t\t\t<div class=\"eael-feature-list-content-box\">\n\t\t\t\t\t\t\t<h3 class=\"eael-feature-list-title\"\t\t\t\t\t\t\t><a href=\"https:\/\/prozessegewinnen.de\/?page_id=1801\" target=\"_blank\">Erstberatung<\/a><\/h3\t\t\t\t\t\t>\n\t\t\t\t\t\t<p class=\"eael-feature-list-content\">Ich empfehle in der Regel eine (kostenpflichtige) Erstberatung. Nehmen Sie Kontakt auf und reservieren Sie sich einen Termin.<br><br>\nSie bekommen von mir eine offene und ehrliche Beratung, in der ich Ihnen darlegen werde, welche Chancen und Risiken f\u00fcr Sie mit einer Rechtsverfolgung verbunden sind.\nDank meiner gro\u00dfen beruflichen Erfahrung als Richter kann ich oft schon hier eine treffsichere Einsch\u00e4tzung der Rechtslage und ggf. Ihrer Prozesschancen geben!<\/p>\n\t\t\t\t\t\t<\/div>\n\n\t\t\t\t\t<\/li>\n\t\t\t\t\t\t\t\t\t\t\t\t\t                <li class=\"eael-feature-list-item\">\n\t\t\t\t\t\t\t\t\t                    \t\t\t\t\t\t\t\t\t                        <span class=\"connector\" style=\"right: calc(100% - 28px); left: 0;\"><\/span>\n\t\t\t\t\t\t\t\t\t                        <span class=\"connector connector-tablet\" style=\"right: calc(100% - 28px); left: 0;\"><\/span>\n\t\t\t\t\t\t\t\t\t                        <span class=\"connector connector-mobile\" style=\"right: calc(100% - 28px); left: 0;\"><\/span>\n\t\t\t\t\t\t\t\t\t                    \n\n\t\t\t\t\t\t<div class=\"eael-feature-list-icon-box\">\n\t\t\t\t\t\t\t<div class=\"eael-feature-list-icon-inner\">\n\n\t\t\t\t\t\t\t\t<a class=\"eael-feature-list-icon\"href=\"https:\/\/prozessegewinnen.de\/?page_id=1461\" target=\"_blank\">\n\n\t\t\t\t\t\t\t\t\t<i class=\"fas fa-check\" aria-hidden=\"true\"><\/i>\n\t\t\t\t\t\t\t\t\t\n\t\t\t\t\t\t\t\t<\/a>\n\t\t\t\t\t\t\t<\/div>\n\t\t\t\t\t\t<\/div>\n\n\n\n\t\t\t\t\t\t<div class=\"eael-feature-list-content-box\">\n\t\t\t\t\t\t\t<h3 class=\"eael-feature-list-title\"\t\t\t\t\t\t\t><a href=\"https:\/\/prozessegewinnen.de\/?page_id=1461\" target=\"_blank\">Anwaltliche  Vertretung<\/a><\/h3\t\t\t\t\t\t>\n\t\t\t\t\t\t<p class=\"eael-feature-list-content\">Ich \u00fcbernehme f\u00fcr Sie auch die au\u00dfergerichtliche Vertretung in Ihrer Angelegenheit. Ich verhandle mit Ihren Kontrahenten, Vertragspartnern usw. und ergreife auch alle sonstige Ma\u00dfnahmen, die f\u00fcr eine erfolgreiche Rechtsverfolgung wichtig sind.\n\nBeauftragen Sie mich! Dann haben Sie einen kompetenten und verl\u00e4sslichen Partner und sind ab sofort nicht mehr auf sich allein gestellt.<\/p>\n\t\t\t\t\t\t<\/div>\n\n\t\t\t\t\t<\/li>\n\t\t\t\t\t\t\t\t\t\t\t\t\t                <li class=\"eael-feature-list-item\">\n\t\t\t\t\t\t\t\t\t                    \t\t\t\t\t\t\t\t\t                        <span class=\"connector\" style=\"right: calc(100% - 28px); left: 0;\"><\/span>\n\t\t\t\t\t\t\t\t\t                        <span class=\"connector connector-tablet\" style=\"right: calc(100% - 28px); left: 0;\"><\/span>\n\t\t\t\t\t\t\t\t\t                        <span class=\"connector connector-mobile\" style=\"right: calc(100% - 28px); left: 0;\"><\/span>\n\t\t\t\t\t\t\t\t\t                    \n\n\t\t\t\t\t\t<div class=\"eael-feature-list-icon-box\">\n\t\t\t\t\t\t\t<div class=\"eael-feature-list-icon-inner\">\n\n\t\t\t\t\t\t\t\t<a class=\"eael-feature-list-icon\"href=\"https:\/\/prozessegewinnen.de\/?page_id=1461\" target=\"_blank\">\n\n\t\t\t\t\t\t\t\t\t<i class=\"fas fa-check\" aria-hidden=\"true\"><\/i>\n\t\t\t\t\t\t\t\t\t\n\t\t\t\t\t\t\t\t<\/a>\n\t\t\t\t\t\t\t<\/div>\n\t\t\t\t\t\t<\/div>\n\n\n\n\t\t\t\t\t\t<div class=\"eael-feature-list-content-box\">\n\t\t\t\t\t\t\t<h3 class=\"eael-feature-list-title\"\t\t\t\t\t\t\t><a href=\"https:\/\/prozessegewinnen.de\/?page_id=1461\" target=\"_blank\">Prozessvertretung<\/a><\/h3\t\t\t\t\t\t>\n\t\t\t\t\t\t<p class=\"eael-feature-list-content\">Ich vertrete Sie auch vor allen Instanzengerichten mit meinem ganzen Erfahrungswissen als ehemaliger Richter beim Amtsgericht, Landgericht und Oberlandesgericht\n.<br><br>Ich vertrete Sie auch wenn Sie in bereits laufenden Verfahren feststellen, dass Sie besondere Prozesskompetenz brauchen oder einfach nur eine Expertise f\u00fcr eine optimale Prozessf\u00fchrung (z. B. Berufungsbegr\u00fcndung) brauchen.<br><br>\n<strong>Ich spreche die Sprache der Gerichte!<\/strong>\n  <\/p>\n\t\t\t\t\t\t<\/div>\n\n\t\t\t\t\t<\/li>\n\t\t\t\t\t\t\t\t\t\t\t\t\t                <li class=\"eael-feature-list-item\">\n\t\t\t\t\t\t\t\t\t                    \t\t\t\t\t\t\t\t\t                        <span class=\"connector\" style=\"right: calc(100% - 28px); left: 0;\"><\/span>\n\t\t\t\t\t\t\t\t\t                        <span class=\"connector connector-tablet\" style=\"right: calc(100% - 28px); left: 0;\"><\/span>\n\t\t\t\t\t\t\t\t\t                        <span class=\"connector connector-mobile\" style=\"right: calc(100% - 28px); left: 0;\"><\/span>\n\t\t\t\t\t\t\t\t\t                    \n\n\t\t\t\t\t\t<div class=\"eael-feature-list-icon-box\">\n\t\t\t\t\t\t\t<div class=\"eael-feature-list-icon-inner\">\n\n\t\t\t\t\t\t\t\t<span class=\"eael-feature-list-icon\">\n\n\t\t\t\t\t\t\t\t\t<i class=\"fas fa-check-double\" aria-hidden=\"true\"><\/i>\n\t\t\t\t\t\t\t\t\t\n\t\t\t\t\t\t\t\t<\/span>\n\t\t\t\t\t\t\t<\/div>\n\t\t\t\t\t\t<\/div>\n\n\n\n\t\t\t\t\t\t<div class=\"eael-feature-list-content-box\">\n\t\t\t\t\t\t\t<h3 class=\"eael-feature-list-title\"\t\t\t\t\t\t\t>Mandatsabschluss<\/h3\t\t\t\t\t\t>\n\t\t\t\t\t\t<p class=\"eael-feature-list-content\">Auch wenn wir Ihr Recht am Ende erfolgreich durchgefochten haben, bleibt als letzte Sorge, ob Ihr Gegner seine Verpflichtung auch erf\u00fcllen wird.<br><br>Wenn nicht, unterst\u00fctze ich Sie auch bei allen Vollstreckungsma\u00dfnahmen, die jetzt notwendig werden.<\/p>\n\t\t\t\t\t\t<\/div>\n\n\t\t\t\t\t<\/li>\n\t\t\t\t\t\t\t<\/ul>\n\t\t<\/div>\n\t\t\t\t<\/div>\n\t\t\t\t<\/div>\n\t\t\t\t\t\t<\/div>\n\t\t\t\t\t<\/div>\n\t\t<\/div>\n\t\t\t\t\t\t\t\t<\/div>\n\t\t\t\t\t<\/div>\n\t\t<\/section>\n\t\t\t\t\t\t<\/div>\n\t\t\t\t\t\t<\/div>\n\t\t\t\t\t<\/div>\n\t\t","protected":false},"excerpt":{"rendered":"<p>Das d\u00fcrfen Sie als Mandant erwarten Wegweiser Mandantenzufriedenheit ist unser oberstes Ziel. Deshalb suchen wir f\u00fcr Sie nicht nur den 100%igen rechtlichen Erfolg, sondern m\u00f6chten auch den Weg dorthin m\u00f6glichst klar, zielstrebig und effektiv gestalten. Wir wollen Ihnen eine moderne, komfortable Kommunikation bieten und werden unser Angebot st\u00e4ndig verbessern. Deswegen w\u00fcrden wir uns freuen, wenn&hellip;&nbsp;<a href=\"https:\/\/prozessegewinnen.de\/?page_id=1690\" class=\"\" rel=\"bookmark\">Weiterlesen &raquo;<span class=\"screen-reader-text\">Das Mandat<\/span><\/a><\/p>\n","protected":false},"author":1,"featured_media":0,"parent":400,"menu_order":0,"comment_status":"closed","ping_status":"closed","template":"page-templates\/template-pagebuilder-full-width.php","meta":{"neve_meta_sidebar":"","neve_meta_container":"","neve_meta_enable_content_width":"off","neve_meta_content_width":0,"neve_meta_title_alignment":"","neve_meta_author_avatar":"","neve_post_elements_order":"","neve_meta_disable_header":"","neve_meta_disable_footer":"","neve_meta_disable_title":"on","_themeisle_gutenberg_block_has_review":false,"footnotes":""},"class_list":["post-1690","page","type-page","status-publish","hentry"],"aioseo_notices":[],"_links":{"self":[{"href":"https:\/\/prozessegewinnen.de\/index.php?rest_route=\/wp\/v2\/pages\/1690","targetHints":{"allow":["GET"]}}],"collection":[{"href":"https:\/\/prozessegewinnen.de\/index.php?rest_route=\/wp\/v2\/pages"}],"about":[{"href":"https:\/\/prozessegewinnen.de\/index.php?rest_route=\/wp\/v2\/types\/page"}],"author":[{"embeddable":true,"href":"https:\/\/prozessegewinnen.de\/index.php?rest_route=\/wp\/v2\/users\/1"}],"replies":[{"embeddable":true,"href":"https:\/\/prozessegewinnen.de\/index.php?rest_route=%2Fwp%2Fv2%2Fcomments&post=1690"}],"version-history":[{"count":24,"href":"https:\/\/prozessegewinnen.de\/index.php?rest_route=\/wp\/v2\/pages\/1690\/revisions"}],"predecessor-version":[{"id":6190,"href":"https:\/\/prozessegewinnen.de\/index.php?rest_route=\/wp\/v2\/pages\/1690\/revisions\/6190"}],"up":[{"embeddable":true,"href":"https:\/\/prozessegewinnen.de\/index.php?rest_route=\/wp\/v2\/pages\/400"}],"wp:attachment":[{"href":"https:\/\/prozessegewinnen.de\/index.php?rest_route=%2Fwp%2Fv2%2Fmedia&parent=1690"}],"curies":[{"name":"wp","href":"https:\/\/api.w.org\/{rel}","templated":true}]}}