{"id":1733,"date":"2020-05-22T13:43:59","date_gmt":"2020-05-22T11:43:59","guid":{"rendered":"https:\/\/prozessegewinnen.de\/?page_id=1733"},"modified":"2020-10-16T21:43:43","modified_gmt":"2020-10-16T19:43:43","slug":"so-laeuft-das-bei-mir","status":"publish","type":"page","link":"https:\/\/prozessegewinnen.de\/?page_id=1733","title":{"rendered":"Mandat erteilen"},"content":{"rendered":"\t\t<div data-elementor-type=\"wp-page\" data-elementor-id=\"1733\" class=\"elementor elementor-1733\" data-elementor-settings=\"[]\">\n\t\t\t\t\t\t<div class=\"elementor-inner\">\n\t\t\t\t\t\t\t<div class=\"elementor-section-wrap\">\n\t\t\t\t\t\t\t<section data-particle_enable=\"false\" data-particle-mobile-disabled=\"false\" class=\"elementor-section elementor-top-section elementor-element elementor-element-5af3951 elementor-section-boxed elementor-section-height-default elementor-section-height-default\" data-id=\"5af3951\" data-element_type=\"section\" data-settings=\"{&quot;background_background&quot;:&quot;classic&quot;}\">\n\t\t\t\t\t\t\t<div class=\"elementor-background-overlay\"><\/div>\n\t\t\t\t\t\t\t<div class=\"elementor-container elementor-column-gap-default\">\n\t\t\t\t\t\t\t<div class=\"elementor-row\">\n\t\t\t\t\t<div class=\"elementor-column elementor-col-100 elementor-top-column elementor-element elementor-element-cf76f79\" data-id=\"cf76f79\" data-element_type=\"column\">\n\t\t\t<div class=\"elementor-column-wrap elementor-element-populated\">\n\t\t\t\t\t\t\t<div class=\"elementor-widget-wrap\">\n\t\t\t\t\t\t<div class=\"elementor-element elementor-element-3d63cb5 elementor-widget__width-auto elementor-widget elementor-widget-heading\" data-id=\"3d63cb5\" data-element_type=\"widget\" data-widget_type=\"heading.default\">\n\t\t\t\t<div class=\"elementor-widget-container\">\n\t\t\t<h2 class=\"elementor-heading-title elementor-size-default\">Mandat erteilen<\/h2>\t\t<\/div>\n\t\t\t\t<\/div>\n\t\t\t\t<div class=\"elementor-element elementor-element-77cb4b0 elementor-widget elementor-widget-text-editor\" data-id=\"77cb4b0\" data-element_type=\"widget\" data-widget_type=\"text-editor.default\">\n\t\t\t\t<div class=\"elementor-widget-container\">\n\t\t\t\t\t<div class=\"elementor-text-editor elementor-clearfix\"><p>Entscheidungen treffen, die Sie nicht bereuen werden!\u00a0<\/p><\/div>\n\t\t\t\t<\/div>\n\t\t\t\t<\/div>\n\t\t\t\t\t\t<\/div>\n\t\t\t\t\t<\/div>\n\t\t<\/div>\n\t\t\t\t\t\t\t\t<\/div>\n\t\t\t\t\t<\/div>\n\t\t<\/section>\n\t\t\t\t<section data-particle_enable=\"false\" data-particle-mobile-disabled=\"false\" class=\"elementor-section elementor-top-section elementor-element elementor-element-3801fec elementor-section-boxed elementor-section-height-default elementor-section-height-default\" data-id=\"3801fec\" data-element_type=\"section\">\n\t\t\t\t\t\t<div class=\"elementor-container elementor-column-gap-default\">\n\t\t\t\t\t\t\t<div class=\"elementor-row\">\n\t\t\t\t\t<div class=\"elementor-column elementor-col-100 elementor-top-column elementor-element elementor-element-8e17c0b\" data-id=\"8e17c0b\" data-element_type=\"column\">\n\t\t\t<div class=\"elementor-column-wrap elementor-element-populated\">\n\t\t\t\t\t\t\t<div class=\"elementor-widget-wrap\">\n\t\t\t\t\t\t<div class=\"elementor-element elementor-element-fba1c8a elementor-widget__width-auto elementor-widget elementor-widget-image\" data-id=\"fba1c8a\" data-element_type=\"widget\" data-widget_type=\"image.default\">\n\t\t\t\t<div class=\"elementor-widget-container\">\n\t\t\t\t\t<div class=\"elementor-image\">\n\t\t\t\t\t\t\t\t\t\t<img decoding=\"async\" src=\"https:\/\/prozessegewinnen.de\/wp-content\/uploads\/elementor\/thumbs\/Logo-3.0-PNG-nur-paragraph-100-PX-H\u00f6he-ooj409n47vg4vtudq37ek0p83tf02bdp2oa3ggyaow.png\" title=\"Logo 3.0 PNG nur paragraph 100 PX H\u00f6he\" alt=\"Logo 3.0 PNG nur paragraph 100 PX H\u00f6he\" \/>\t\t\t\t\t\t\t\t\t\t\t<\/div>\n\t\t\t\t<\/div>\n\t\t\t\t<\/div>\n\t\t\t\t<div class=\"elementor-element elementor-element-6e534b8 elementor-widget elementor-widget-heading\" data-id=\"6e534b8\" data-element_type=\"widget\" data-widget_type=\"heading.default\">\n\t\t\t\t<div class=\"elementor-widget-container\">\n\t\t\t<h3 class=\"elementor-heading-title elementor-size-default\">\"Guter Rat ist teuer\" - Stimmt das wirklich?<\/h3>\t\t<\/div>\n\t\t\t\t<\/div>\n\t\t\t\t\t\t<\/div>\n\t\t\t\t\t<\/div>\n\t\t<\/div>\n\t\t\t\t\t\t\t\t<\/div>\n\t\t\t\t\t<\/div>\n\t\t<\/section>\n\t\t\t\t<section data-particle_enable=\"false\" data-particle-mobile-disabled=\"false\" class=\"elementor-section elementor-top-section elementor-element elementor-element-890d1e0 elementor-section-boxed elementor-section-height-default elementor-section-height-default\" data-id=\"890d1e0\" data-element_type=\"section\" data-settings=\"{&quot;background_background&quot;:&quot;classic&quot;}\">\n\t\t\t\t\t\t\t<div class=\"elementor-background-overlay\"><\/div>\n\t\t\t\t\t\t\t<div class=\"elementor-container elementor-column-gap-default\">\n\t\t\t\t\t\t\t<div class=\"elementor-row\">\n\t\t\t\t\t<div class=\"elementor-column elementor-col-100 elementor-top-column elementor-element elementor-element-465c100\" data-id=\"465c100\" data-element_type=\"column\">\n\t\t\t<div class=\"elementor-column-wrap elementor-element-populated\">\n\t\t\t\t\t\t\t<div class=\"elementor-widget-wrap\">\n\t\t\t\t\t\t<div class=\"elementor-element elementor-element-b22bc51 elementor-widget elementor-widget-text-editor\" data-id=\"b22bc51\" data-element_type=\"widget\" data-widget_type=\"text-editor.default\">\n\t\t\t\t<div class=\"elementor-widget-container\">\n\t\t\t\t\t<div class=\"elementor-text-editor elementor-clearfix\"><p><img loading=\"lazy\" decoding=\"async\" class=\" wp-image-3660 alignleft\" src=\"https:\/\/prozessegewinnen.de\/wp-content\/uploads\/2020\/07\/Kosten-gl\u00fchbirne.png\" alt=\"\" width=\"98\" height=\"179\" srcset=\"https:\/\/prozessegewinnen.de\/wp-content\/uploads\/2020\/07\/Kosten-gl\u00fchbirne.png 351w, https:\/\/prozessegewinnen.de\/wp-content\/uploads\/2020\/07\/Kosten-gl\u00fchbirne-165x300.png 165w\" sizes=\"auto, (max-width: 98px) 100vw, 98px\" \/>Nat\u00fcrlich kostet die Beauftragung eines Rechtsanwaltes Geld. Das m\u00fcssen aber nicht unbedingt Sie selbst bezahlen. Wenn sie im Recht sind, k\u00f6nnen Sie einen Kostenerstattungsanspruch gegen ihren Gegner haben. Wenn Sie rechtsschutzversichert sind, bezahlt diese die Kosten. Und selbst wenn sie die Kosten selbst tragen m\u00fcssen, kann ein guter Rat f\u00fcr sie so wertvoll sein, dass er die entstandenen Kosten der Beratung weit \u00fcberwiegt.\u00a0<\/p><p>Guter Rat ist im Ergebnis damit nicht immer auch teuer. Ein guter Rat wird finanziellen Schaden abwenden, auch wenn Geb\u00fchren daf\u00fcr entstehen.<\/p><ul><li><strong>Sie sind sich noch nicht sicher, ob sie anwaltliche Hilfe in Anspruch nehmen wollen<\/strong><br \/><strong>oder mit mir die notwendigen Schritte gehen wollen?\u00a0<\/strong><\/li><\/ul><p style=\"padding-left: 40px;\"><span style=\"letter-spacing: 0.3px;\"><br \/>Ich m\u00f6chte ihr Kostenrisiko m\u00f6glichst gering halten und biete Ihnen daher verschiedene M\u00f6glichkeiten der anwaltlichen Hilfe an. In einem kostenlosen Erstgespr\u00e4ch k\u00f6nnen wir das bereits abkl\u00e4ren.<\/span><\/p><ul><li><strong><span style=\"letter-spacing: 0.3px;\">Sie sind bereits entschlossen, Ihr Recht durchzusetzen und wollen mich mit der L\u00f6sung Ihres Problems beauftragen?<\/span><\/strong><\/li><\/ul><p style=\"padding-left: 40px;\">Gerne! Ich bin f\u00fcr Sie da!<\/p><\/div>\n\t\t\t\t<\/div>\n\t\t\t\t<\/div>\n\t\t\t\t\t\t<\/div>\n\t\t\t\t\t<\/div>\n\t\t<\/div>\n\t\t\t\t\t\t\t\t<\/div>\n\t\t\t\t\t<\/div>\n\t\t<\/section>\n\t\t\t\t<section data-particle_enable=\"false\" data-particle-mobile-disabled=\"false\" class=\"elementor-section elementor-top-section elementor-element elementor-element-177e6f3 elementor-section-boxed elementor-section-height-default elementor-section-height-default\" data-id=\"177e6f3\" data-element_type=\"section\">\n\t\t\t\t\t\t<div class=\"elementor-container elementor-column-gap-default\">\n\t\t\t\t\t\t\t<div class=\"elementor-row\">\n\t\t\t\t\t<div class=\"elementor-column elementor-col-100 elementor-top-column elementor-element elementor-element-b0f12c2\" data-id=\"b0f12c2\" data-element_type=\"column\">\n\t\t\t<div class=\"elementor-column-wrap elementor-element-populated\">\n\t\t\t\t\t\t\t<div class=\"elementor-widget-wrap\">\n\t\t\t\t\t\t<div class=\"elementor-element elementor-element-47c9e3c elementor-widget__width-auto elementor-widget elementor-widget-image\" data-id=\"47c9e3c\" data-element_type=\"widget\" data-widget_type=\"image.default\">\n\t\t\t\t<div class=\"elementor-widget-container\">\n\t\t\t\t\t<div class=\"elementor-image\">\n\t\t\t\t\t\t\t\t\t\t<img decoding=\"async\" src=\"https:\/\/prozessegewinnen.de\/wp-content\/uploads\/elementor\/thumbs\/Logo-3.0-PNG-nur-paragraph-100-PX-H\u00f6he-ooj409n47vg4vtudq37ek0p83tf02bdp2oa3ggyaow.png\" title=\"Logo 3.0 PNG nur paragraph 100 PX H\u00f6he\" alt=\"Logo 3.0 PNG nur paragraph 100 PX H\u00f6he\" \/>\t\t\t\t\t\t\t\t\t\t\t<\/div>\n\t\t\t\t<\/div>\n\t\t\t\t<\/div>\n\t\t\t\t<div class=\"elementor-element elementor-element-63d5372 elementor-widget elementor-widget-heading\" data-id=\"63d5372\" data-element_type=\"widget\" data-widget_type=\"heading.default\">\n\t\t\t\t<div class=\"elementor-widget-container\">\n\t\t\t<h3 class=\"elementor-heading-title elementor-size-default\">Mandat erteilen? - Ein kleine Entscheidungshilfe<\/h3>\t\t<\/div>\n\t\t\t\t<\/div>\n\t\t\t\t\t\t<\/div>\n\t\t\t\t\t<\/div>\n\t\t<\/div>\n\t\t\t\t\t\t\t\t<\/div>\n\t\t\t\t\t<\/div>\n\t\t<\/section>\n\t\t\t\t<section data-particle_enable=\"false\" data-particle-mobile-disabled=\"false\" class=\"elementor-section elementor-top-section elementor-element elementor-element-c15f571 elementor-section-boxed elementor-section-height-default elementor-section-height-default\" data-id=\"c15f571\" data-element_type=\"section\" data-settings=\"{&quot;background_background&quot;:&quot;classic&quot;}\">\n\t\t\t\t\t\t\t<div class=\"elementor-background-overlay\"><\/div>\n\t\t\t\t\t\t\t<div class=\"elementor-container elementor-column-gap-default\">\n\t\t\t\t\t\t\t<div class=\"elementor-row\">\n\t\t\t\t\t<div class=\"elementor-column elementor-col-100 elementor-top-column elementor-element elementor-element-854edc5\" data-id=\"854edc5\" data-element_type=\"column\">\n\t\t\t<div class=\"elementor-column-wrap elementor-element-populated\">\n\t\t\t\t\t\t\t<div class=\"elementor-widget-wrap\">\n\t\t\t\t\t\t<section data-particle_enable=\"false\" data-particle-mobile-disabled=\"false\" class=\"elementor-section elementor-inner-section elementor-element elementor-element-31f1e24 elementor-section-boxed elementor-section-height-default elementor-section-height-default\" data-id=\"31f1e24\" data-element_type=\"section\" data-settings=\"{&quot;background_background&quot;:&quot;classic&quot;}\">\n\t\t\t\t\t\t<div class=\"elementor-container elementor-column-gap-default\">\n\t\t\t\t\t\t\t<div class=\"elementor-row\">\n\t\t\t\t\t<div class=\"elementor-column elementor-col-100 elementor-inner-column elementor-element elementor-element-162da76\" data-id=\"162da76\" data-element_type=\"column\">\n\t\t\t<div class=\"elementor-column-wrap elementor-element-populated\">\n\t\t\t\t\t\t\t<div class=\"elementor-widget-wrap\">\n\t\t\t\t\t\t<div class=\"elementor-element elementor-element-3d05303 elementor-widget elementor-widget-eael-adv-tabs\" data-id=\"3d05303\" data-element_type=\"widget\" data-widget_type=\"eael-adv-tabs.default\">\n\t\t\t\t<div class=\"elementor-widget-container\">\n\t\t\t        <div id=\"eael-advance-tabs-3d05303\" class=\"eael-advance-tabs eael-tabs-horizontal\" data-tabid=\"3d05303\">\n            <div class=\"eael-tabs-nav\">\n                <ul class=\"eael-tab-top-icon\">\n                                            <li class=\"inactive\">\n                                                                <i class=\"fas fa-user-graduate\"><\/i>                                                             <span class=\"eael-tab-title\">Erstkontakt<\/span>\n                        <\/li>\n                                            <li class=\"inactive\">\n                                                                <i class=\"fas fa-home\"><\/i>                                                             <span class=\"eael-tab-title\">Beratungsgespr\u00e4ch<\/span>\n                        <\/li>\n                                            <li class=\"inactive\">\n                                                                <i class=\"fas fa-home\"><\/i>                                                             <span class=\"eael-tab-title\">Rechtsexpertise<\/span>\n                        <\/li>\n                                            <li class=\"inactive\">\n                                                                <i class=\"fas fa-home\"><\/i>                                                             <span class=\"eael-tab-title\">Vertretungsauftrag<\/span>\n                        <\/li>\n                                    <\/ul>\n            <\/div>\n            <div class=\"eael-tabs-content\">\n  \t\t\t               \n                    <div class=\"clearfix inactive\">\n                                                    <p><span style=\"color: #ffffff;\"><strong>Fragen kostet nichts!<\/strong><\/span><\/p><p><span style=\"color: #ffffff;\">Der Erstkontakt zu meiner Kanzlei ist f\u00fcr Sie auf jeden Fall kostenlos. Hier beantworten Ihnen meine Assistentin oder ich Fragen allgemeiner Natur rund um das Mandat.<\/span><br \/><span style=\"color: #ffffff;\">Sie sollen nach diesem Gespr\u00e4ch die Entscheidung treffen k\u00f6nnen, ob und in welchem Umfang Sie anwaltliche Hilfe in Anspruch nehmen wollen.<\/span><\/p><p><span style=\"color: #ffffff;\">Bitte haben Sie Verst\u00e4ndnis daf\u00fcr, dass der kostenlose Erstkontakt noch keine Rechtsberatung enthalten kann.<\/span><\/p><p><span style=\"color: #ffffff;\">Sie haben die M\u00f6glichkeit, mit uns telefonisch (0831\/52 73 30 73,<a href=\"mailto:kanzlei@prozessegewinnen.de\"> per E-Mail<\/a> (kanzlei@prozessegewinnen.de) oder \u00fcber unser<\/span> <a href=\"https:\/\/prozessegewinnen.de\/?page_id=1909\" target=\"_blank\" rel=\"noopener\">Webseitenformular<\/a> <span style=\"color: #ffffff;\">Kontakt aufzunehmen.<\/span><\/p>                            \t\t\t    <\/div>\n\t\t\t               \n                    <div class=\"clearfix inactive\">\n                                                    <p><span style=\"color: #ffffff;\"><strong>Ein Beratungsgespr\u00e4ch kostet nicht viel!<\/strong><\/span><\/p><p><span style=\"color: #ffffff;\">Sie m\u00f6chten eine rechtliche Analyse, um \u00fcber ihr weiteres Vorgehen zu entscheiden? Dann bietet sich eine (geb\u00fchrenpflichtige) Erstberatung an, in der ich Sie \u00fcber ihre rechtliche M\u00f6glichkeiten aufkl\u00e4re.<\/span><\/p><p><span style=\"color: #ffffff;\">F\u00fcr dieses Beratungsgespr\u00e4ch, f\u00fcr das ich mit maximal 1 Stunde kalkuliere, wird ein Beratungshonorar f\u00e4llig, das sich f\u00fcr Verbraucher in der Regel zwischen 100 \u20ac und 190 \u20ac zuz\u00fcglich Mehrwertsteuer bewegt. F\u00fcr\u00a0 Gesch\u00e4ftskunden kann das Honorar bis zu 250,00 \u20ac zuz\u00fcglich MWSt. betragen.<\/span><\/p><p><span style=\"color: #ffffff;\">Selbstverst\u00e4ndlich ist hierin auch eine kurze Pr\u00fcfung von Unterlagen enthalten, wenn Sie mir diese vor der Besprechung rechtzeitig einreichen.<\/span><\/p><p><span style=\"color: #ffffff;\">Soweit wir keine andere Vereinbarung treffen, rechne ich diese Geb\u00fchren im Falle einer weitergehenden Beauftragung in derselben Angelegenheit vollst\u00e4ndig auf das weitere Honorar an.\u00a0\u00a0<\/span><\/p><p><span style=\"color: #ffffff;\">Auch wenn dieses Beratungsgespr\u00e4ch Kosten verursacht, empfehle ich\u00a0 \u2013 wenn es sich nicht um einfach gelagerte Standardf\u00e4lle handelt -, ein solches Beratungsgespr\u00e4ch vorab zu f\u00fchren. Sie haben im Anschluss hieran eine ausreichende Grundlage f\u00fcr Ihre Entscheidung, ob Sie Ihr Recht mit anwaltlicher Hilfe durchsetzen wollen oder nicht.<\/span><\/p><p><span style=\"color: #ffffff;\">Au\u00dferdem lernen Sie mich kennen und k\u00f6nnen frei entscheiden, ob Sie die weiteren Schritte mit mir gehen wollen.<\/span><\/p>                            \t\t\t    <\/div>\n\t\t\t               \n                    <div class=\"clearfix inactive\">\n                                                    <strong><span style=\"color: #ffffff;\">Klarheit schaffen!<\/span><\/strong><p><\/p>\n\n<span style=\"color: #ffffff;\">Wenn Sie sich \u00fcber Ihre Rechtslage eingehend informieren m\u00f6chten, erstelle ich Ihnen nach eingehender Pr\u00fcfung eine Expertise \u00fcber ihre Rechte. Gerne fertige ich f\u00fcr Sie in Konfliktsf\u00e4llen auch eine Prozessrisikoanalyse an.<\/span>\n\n<span style=\"color: #ffffff;\">Ben\u00f6tigen Sie Unterst\u00fctzung f\u00fcr Vertragsausfertigungen o.\u00e4., entwerfe ich f\u00fcr Sie individuelle, auf Sie zugeschnittene Vertr\u00e4ge o.\u00e4.<\/span>                            \t\t\t    <\/div>\n\t\t\t               \n                    <div class=\"clearfix inactive\">\n                                                    <p><span style=\"color: #ffffff;\"><strong>Leisten Sie sich kompetente Unterst\u00fctzung!<\/strong><\/span><\/p><p><span style=\"color: #ffffff;\">Ich kann Ihnen bei allen au\u00dfergerichtlichen Verhandlungen als kompetenter Verhandlungspartner zur Seite stehen oder (unangenehme) Verhandlungen f\u00fcr Sie auch selbst \u00fcbernehmen.<\/span><\/p><p><span style=\"color: #ffffff;\">In gerichtlichen Angelegenheiten bin ich selbstverst\u00e4ndlich auch f\u00fcr Sie da und sorge f\u00fcr eine optimale Vertretung Ihrer Interessen.\u00a0<\/span><\/p>                            \t\t\t    <\/div>\n\t\t\t      \t\t    <\/div>\n        <\/div>\n    \t\t<\/div>\n\t\t\t\t<\/div>\n\t\t\t\t\t\t<\/div>\n\t\t\t\t\t<\/div>\n\t\t<\/div>\n\t\t\t\t\t\t\t\t<\/div>\n\t\t\t\t\t<\/div>\n\t\t<\/section>\n\t\t\t\t\t\t<\/div>\n\t\t\t\t\t<\/div>\n\t\t<\/div>\n\t\t\t\t\t\t\t\t<\/div>\n\t\t\t\t\t<\/div>\n\t\t<\/section>\n\t\t\t\t<section data-particle_enable=\"false\" data-particle-mobile-disabled=\"false\" class=\"elementor-section elementor-top-section elementor-element elementor-element-fcd6217 elementor-section-boxed elementor-section-height-default elementor-section-height-default\" data-id=\"fcd6217\" data-element_type=\"section\">\n\t\t\t\t\t\t<div class=\"elementor-container elementor-column-gap-default\">\n\t\t\t\t\t\t\t<div class=\"elementor-row\">\n\t\t\t\t\t<div class=\"elementor-column elementor-col-100 elementor-top-column elementor-element elementor-element-c1d0d2d\" data-id=\"c1d0d2d\" data-element_type=\"column\">\n\t\t\t<div class=\"elementor-column-wrap\">\n\t\t\t\t\t\t\t<div class=\"elementor-widget-wrap\">\n\t\t\t\t\t\t\t\t<\/div>\n\t\t\t\t\t<\/div>\n\t\t<\/div>\n\t\t\t\t\t\t\t\t<\/div>\n\t\t\t\t\t<\/div>\n\t\t<\/section>\n\t\t\t\t\t\t<\/div>\n\t\t\t\t\t\t<\/div>\n\t\t\t\t\t<\/div>\n\t\t","protected":false},"excerpt":{"rendered":"<p>Mandat erteilen Entscheidungen treffen, die Sie nicht bereuen werden!\u00a0 &#8222;Guter Rat ist teuer&#8220; &#8211; Stimmt das wirklich? Nat\u00fcrlich kostet die Beauftragung eines Rechtsanwaltes Geld. Das m\u00fcssen aber nicht unbedingt Sie selbst bezahlen. Wenn sie im Recht sind, k\u00f6nnen Sie einen Kostenerstattungsanspruch gegen ihren Gegner haben. Wenn Sie rechtsschutzversichert sind, bezahlt diese die Kosten. Und selbst&hellip;&nbsp;<a href=\"https:\/\/prozessegewinnen.de\/?page_id=1733\" class=\"\" rel=\"bookmark\">Weiterlesen &raquo;<span class=\"screen-reader-text\">Mandat erteilen<\/span><\/a><\/p>\n","protected":false},"author":1,"featured_media":0,"parent":1470,"menu_order":2,"comment_status":"closed","ping_status":"closed","template":"page-templates\/template-pagebuilder-full-width.php","meta":{"neve_meta_sidebar":"","neve_meta_container":"","neve_meta_enable_content_width":"off","neve_meta_content_width":0,"neve_meta_title_alignment":"","neve_meta_author_avatar":"","neve_post_elements_order":"","neve_meta_disable_header":"","neve_meta_disable_footer":"","neve_meta_disable_title":"on","_themeisle_gutenberg_block_has_review":false,"footnotes":""},"class_list":["post-1733","page","type-page","status-publish","hentry"],"aioseo_notices":[],"_links":{"self":[{"href":"https:\/\/prozessegewinnen.de\/index.php?rest_route=\/wp\/v2\/pages\/1733","targetHints":{"allow":["GET"]}}],"collection":[{"href":"https:\/\/prozessegewinnen.de\/index.php?rest_route=\/wp\/v2\/pages"}],"about":[{"href":"https:\/\/prozessegewinnen.de\/index.php?rest_route=\/wp\/v2\/types\/page"}],"author":[{"embeddable":true,"href":"https:\/\/prozessegewinnen.de\/index.php?rest_route=\/wp\/v2\/users\/1"}],"replies":[{"embeddable":true,"href":"https:\/\/prozessegewinnen.de\/index.php?rest_route=%2Fwp%2Fv2%2Fcomments&post=1733"}],"version-history":[{"count":60,"href":"https:\/\/prozessegewinnen.de\/index.php?rest_route=\/wp\/v2\/pages\/1733\/revisions"}],"predecessor-version":[{"id":6020,"href":"https:\/\/prozessegewinnen.de\/index.php?rest_route=\/wp\/v2\/pages\/1733\/revisions\/6020"}],"up":[{"embeddable":true,"href":"https:\/\/prozessegewinnen.de\/index.php?rest_route=\/wp\/v2\/pages\/1470"}],"wp:attachment":[{"href":"https:\/\/prozessegewinnen.de\/index.php?rest_route=%2Fwp%2Fv2%2Fmedia&parent=1733"}],"curies":[{"name":"wp","href":"https:\/\/api.w.org\/{rel}","templated":true}]}}