{"id":1886,"date":"2020-05-23T10:23:59","date_gmt":"2020-05-23T08:23:59","guid":{"rendered":"https:\/\/prozessegewinnen.de\/?page_id=1886"},"modified":"2020-10-16T22:55:24","modified_gmt":"2020-10-16T20:55:24","slug":"prozessfinanzierung","status":"publish","type":"page","link":"https:\/\/prozessegewinnen.de\/?page_id=1886","title":{"rendered":"Prozessfinanzierung"},"content":{"rendered":"\t\t<div data-elementor-type=\"wp-page\" data-elementor-id=\"1886\" class=\"elementor elementor-1886\" data-elementor-settings=\"[]\">\n\t\t\t\t\t\t<div class=\"elementor-inner\">\n\t\t\t\t\t\t\t<div class=\"elementor-section-wrap\">\n\t\t\t\t\t\t\t<section data-particle_enable=\"false\" data-particle-mobile-disabled=\"false\" class=\"elementor-section elementor-top-section elementor-element elementor-element-c7a7db7 elementor-section-boxed elementor-section-height-default elementor-section-height-default\" data-id=\"c7a7db7\" data-element_type=\"section\" data-settings=\"{&quot;background_background&quot;:&quot;classic&quot;}\">\n\t\t\t\t\t\t\t<div class=\"elementor-background-overlay\"><\/div>\n\t\t\t\t\t\t\t<div class=\"elementor-container elementor-column-gap-default\">\n\t\t\t\t\t\t\t<div class=\"elementor-row\">\n\t\t\t\t\t<div class=\"elementor-column elementor-col-100 elementor-top-column elementor-element elementor-element-1ba1950\" data-id=\"1ba1950\" data-element_type=\"column\">\n\t\t\t<div class=\"elementor-column-wrap elementor-element-populated\">\n\t\t\t\t\t\t\t<div class=\"elementor-widget-wrap\">\n\t\t\t\t\t\t<div class=\"elementor-element elementor-element-2dd025e elementor-widget__width-auto elementor-widget elementor-widget-heading\" data-id=\"2dd025e\" data-element_type=\"widget\" data-widget_type=\"heading.default\">\n\t\t\t\t<div class=\"elementor-widget-container\">\n\t\t\t<h3 class=\"elementor-heading-title elementor-size-default\">Prozessfinanzierung<\/h3>\t\t<\/div>\n\t\t\t\t<\/div>\n\t\t\t\t<div class=\"elementor-element elementor-element-1d31385 elementor-widget elementor-widget-text-editor\" data-id=\"1d31385\" data-element_type=\"widget\" data-widget_type=\"text-editor.default\">\n\t\t\t\t<div class=\"elementor-widget-container\">\n\t\t\t\t\t<div class=\"elementor-text-editor elementor-clearfix\"><p>Prozesskostenrisiko abw\u00e4lzen!<\/p><\/div>\n\t\t\t\t<\/div>\n\t\t\t\t<\/div>\n\t\t\t\t<div class=\"elementor-element elementor-element-02a4c46 elementor-widget elementor-widget-spacer\" data-id=\"02a4c46\" data-element_type=\"widget\" data-widget_type=\"spacer.default\">\n\t\t\t\t<div class=\"elementor-widget-container\">\n\t\t\t\t\t<div class=\"elementor-spacer\">\n\t\t\t<div class=\"elementor-spacer-inner\"><\/div>\n\t\t<\/div>\n\t\t\t\t<\/div>\n\t\t\t\t<\/div>\n\t\t\t\t\t\t<\/div>\n\t\t\t\t\t<\/div>\n\t\t<\/div>\n\t\t\t\t\t\t\t\t<\/div>\n\t\t\t\t\t<\/div>\n\t\t<\/section>\n\t\t\t\t<section data-particle_enable=\"false\" data-particle-mobile-disabled=\"false\" class=\"elementor-section elementor-top-section elementor-element elementor-element-f50f71a elementor-section-boxed elementor-section-height-default elementor-section-height-default\" data-id=\"f50f71a\" data-element_type=\"section\">\n\t\t\t\t\t\t<div class=\"elementor-container elementor-column-gap-default\">\n\t\t\t\t\t\t\t<div class=\"elementor-row\">\n\t\t\t\t\t<div class=\"elementor-column elementor-col-100 elementor-top-column elementor-element elementor-element-5cae627\" data-id=\"5cae627\" data-element_type=\"column\">\n\t\t\t<div class=\"elementor-column-wrap elementor-element-populated\">\n\t\t\t\t\t\t\t<div class=\"elementor-widget-wrap\">\n\t\t\t\t\t\t<div class=\"elementor-element elementor-element-c4a8975 elementor-widget elementor-widget-spacer\" data-id=\"c4a8975\" data-element_type=\"widget\" data-widget_type=\"spacer.default\">\n\t\t\t\t<div class=\"elementor-widget-container\">\n\t\t\t\t\t<div class=\"elementor-spacer\">\n\t\t\t<div class=\"elementor-spacer-inner\"><\/div>\n\t\t<\/div>\n\t\t\t\t<\/div>\n\t\t\t\t<\/div>\n\t\t\t\t<div class=\"elementor-element elementor-element-26ebabd elementor-widget elementor-widget-text-editor\" data-id=\"26ebabd\" data-element_type=\"widget\" data-widget_type=\"text-editor.default\">\n\t\t\t\t<div class=\"elementor-widget-container\">\n\t\t\t\t\t<div class=\"elementor-text-editor elementor-clearfix\"><p><strong>Sie f\u00fchren Ihren Prozess und das Risiko des Misserfolges tr\u00e4gt ein Anderer? Zu sch\u00f6n um wahr zu sein?<\/strong><\/p>\n<p>Doch das geht! Inzwischen gibt es mehrere seri\u00f6se Anbieter, die das Kostenrisiko der Prozessf\u00fchrung \u00fcbernehmen. Das Prinzip ist einfach der Prozessfinanzierer \u00fcbernimmt die notwendigen Kosten einer au\u00dfergerichtlichen oder gerichtlichen Rechtsverfolgung und erh\u00e4lt im Gegenzug im Erfolgsfall einen Teil des erzielten Erl\u00f6ses.<\/p>\n<p>Ob es zu einer solchen Risiko\u00fcbernahme in Ihrem Fall kommt, ist eine reine Verhandlungsangelegenheit. Der Prozessfinanzierer pr\u00fcft nat\u00fcrlich eingehend das mit Ihrem Fall verbundene Prozessrisiko und entscheidet dann, ob es f\u00fcr ihn\u00a0<span style=\"letter-spacing: 0.3px;\">voraussichtlich<\/span><span style=\"letter-spacing: 0.3px;\">\u00a0<\/span><span style=\"letter-spacing: 0.3px;\">lohnt. Wenn ja, macht er Ihnen ein Angebot.<\/span><\/p><\/div>\n\t\t\t\t<\/div>\n\t\t\t\t<\/div>\n\t\t\t\t<div class=\"elementor-element elementor-element-bb9ab0e elementor-widget elementor-widget-text-editor\" data-id=\"bb9ab0e\" data-element_type=\"widget\" data-widget_type=\"text-editor.default\">\n\t\t\t\t<div class=\"elementor-widget-container\">\n\t\t\t\t\t<div class=\"elementor-text-editor elementor-clearfix\"><p style=\"text-align: center;\"><strong>Ob Sie von der M\u00f6glichkeit der Prozessfinanzierung Gebrauch machen sollen\/wollen?<br><\/strong><strong>Das entscheiden allein Sie! Hier sind einige Gedanken als Entscheidungshilfe.<\/strong><\/p><\/div>\n\t\t\t\t<\/div>\n\t\t\t\t<\/div>\n\t\t\t\t\t\t<\/div>\n\t\t\t\t\t<\/div>\n\t\t<\/div>\n\t\t\t\t\t\t\t\t<\/div>\n\t\t\t\t\t<\/div>\n\t\t<\/section>\n\t\t\t\t<section data-particle_enable=\"false\" data-particle-mobile-disabled=\"false\" class=\"elementor-section elementor-top-section elementor-element elementor-element-8f542f5 elementor-section-boxed elementor-section-height-default elementor-section-height-default\" data-id=\"8f542f5\" data-element_type=\"section\">\n\t\t\t\t\t\t<div class=\"elementor-container elementor-column-gap-default\">\n\t\t\t\t\t\t\t<div class=\"elementor-row\">\n\t\t\t\t\t<div class=\"elementor-column elementor-col-100 elementor-top-column elementor-element elementor-element-0bf7215\" data-id=\"0bf7215\" data-element_type=\"column\">\n\t\t\t<div class=\"elementor-column-wrap elementor-element-populated\">\n\t\t\t\t\t\t\t<div class=\"elementor-widget-wrap\">\n\t\t\t\t\t\t<section data-particle_enable=\"false\" data-particle-mobile-disabled=\"false\" class=\"elementor-section elementor-inner-section elementor-element elementor-element-4358b42 elementor-section-boxed elementor-section-height-default elementor-section-height-default\" data-id=\"4358b42\" data-element_type=\"section\">\n\t\t\t\t\t\t<div class=\"elementor-container elementor-column-gap-default\">\n\t\t\t\t\t\t\t<div class=\"elementor-row\">\n\t\t\t\t\t<div class=\"elementor-column elementor-col-50 elementor-inner-column elementor-element elementor-element-9369511\" data-id=\"9369511\" data-element_type=\"column\">\n\t\t\t<div class=\"elementor-column-wrap elementor-element-populated\">\n\t\t\t\t\t\t\t<div class=\"elementor-widget-wrap\">\n\t\t\t\t\t\t<div class=\"elementor-element elementor-element-ee86307 elementor-widget elementor-widget-text-editor\" data-id=\"ee86307\" data-element_type=\"widget\" data-widget_type=\"text-editor.default\">\n\t\t\t\t<div class=\"elementor-widget-container\">\n\t\t\t\t\t<div class=\"elementor-text-editor elementor-clearfix\"><p>Welche F\u00e4lle werden \u00fcbernommen?<\/p><\/div>\n\t\t\t\t<\/div>\n\t\t\t\t<\/div>\n\t\t\t\t\t\t<\/div>\n\t\t\t\t\t<\/div>\n\t\t<\/div>\n\t\t\t\t<div class=\"elementor-column elementor-col-50 elementor-inner-column elementor-element elementor-element-a8b92fa\" data-id=\"a8b92fa\" data-element_type=\"column\">\n\t\t\t<div class=\"elementor-column-wrap elementor-element-populated\">\n\t\t\t\t\t\t\t<div class=\"elementor-widget-wrap\">\n\t\t\t\t\t\t<div class=\"elementor-element elementor-element-384a6cf elementor-widget elementor-widget-text-editor\" data-id=\"384a6cf\" data-element_type=\"widget\" data-widget_type=\"text-editor.default\">\n\t\t\t\t<div class=\"elementor-widget-container\">\n\t\t\t\t\t<div class=\"elementor-text-editor elementor-clearfix\"><p>Prozessfinanzierer werden in aller Regel erst ab einem Mindeststreitwert von 10.000,00 \u20ac, mehrfach auch erst ab 50.000,00 \u20ac t\u00e4tig.<\/p>\n<p>Voraussetzung ist weiter ein f\u00fcr den Prozessfinanzierer akzeptables Prozessrisiko, vor allem aber auch eine Wahrscheinlichkeit, dass Ihr Gegner gegebenenfalls auch in der Lage ist, seine finanziellen Verpflichtungen zu erf\u00fcllen.<\/p><\/div>\n\t\t\t\t<\/div>\n\t\t\t\t<\/div>\n\t\t\t\t\t\t<\/div>\n\t\t\t\t\t<\/div>\n\t\t<\/div>\n\t\t\t\t\t\t\t\t<\/div>\n\t\t\t\t\t<\/div>\n\t\t<\/section>\n\t\t\t\t<section data-particle_enable=\"false\" data-particle-mobile-disabled=\"false\" class=\"elementor-section elementor-inner-section elementor-element elementor-element-f9052ed elementor-section-boxed elementor-section-height-default elementor-section-height-default\" data-id=\"f9052ed\" data-element_type=\"section\">\n\t\t\t\t\t\t<div class=\"elementor-container elementor-column-gap-default\">\n\t\t\t\t\t\t\t<div class=\"elementor-row\">\n\t\t\t\t\t<div class=\"elementor-column elementor-col-50 elementor-inner-column elementor-element elementor-element-5b97df3\" data-id=\"5b97df3\" data-element_type=\"column\">\n\t\t\t<div class=\"elementor-column-wrap elementor-element-populated\">\n\t\t\t\t\t\t\t<div class=\"elementor-widget-wrap\">\n\t\t\t\t\t\t<div class=\"elementor-element elementor-element-0893ed5 elementor-widget elementor-widget-text-editor\" data-id=\"0893ed5\" data-element_type=\"widget\" data-widget_type=\"text-editor.default\">\n\t\t\t\t<div class=\"elementor-widget-container\">\n\t\t\t\t\t<div class=\"elementor-text-editor elementor-clearfix\"><p>Wie riskant darf der Prozess sein?<\/p><\/div>\n\t\t\t\t<\/div>\n\t\t\t\t<\/div>\n\t\t\t\t\t\t<\/div>\n\t\t\t\t\t<\/div>\n\t\t<\/div>\n\t\t\t\t<div class=\"elementor-column elementor-col-50 elementor-inner-column elementor-element elementor-element-7282ae4\" data-id=\"7282ae4\" data-element_type=\"column\">\n\t\t\t<div class=\"elementor-column-wrap elementor-element-populated\">\n\t\t\t\t\t\t\t<div class=\"elementor-widget-wrap\">\n\t\t\t\t\t\t<div class=\"elementor-element elementor-element-da1c134 elementor-widget elementor-widget-text-editor\" data-id=\"da1c134\" data-element_type=\"widget\" data-widget_type=\"text-editor.default\">\n\t\t\t\t<div class=\"elementor-widget-container\">\n\t\t\t\t\t<div class=\"elementor-text-editor elementor-clearfix\"><p>Prozessfinanzierer \u00fcbernehmen die Finanzierung nur f\u00fcr Prozesse, bei denen die Erfolgswahrscheinlichkeiten \u00fcber 50 % liegen. Bezeichnend ist der Ausspruch eines Vorstandsvorsitzenden einer Prozessfinanzierungsgesellschaft<\/p>\n<p style=\"text-align: center;\">&#8222;Bei 50\/50 Chancen k\u00f6nnen wir auch ins Kasino gehen.&#8220;<\/p>\n<p>F\u00fcr Sie bedeutet das dann nat\u00fcrlich auch, Dass sie von einer Forderung etwas abgeben m\u00fcssen, die mit einer gewissen Wahrscheinlichkeit Erfolgreich durchgesetzt werden kann.<\/p><\/div>\n\t\t\t\t<\/div>\n\t\t\t\t<\/div>\n\t\t\t\t\t\t<\/div>\n\t\t\t\t\t<\/div>\n\t\t<\/div>\n\t\t\t\t\t\t\t\t<\/div>\n\t\t\t\t\t<\/div>\n\t\t<\/section>\n\t\t\t\t<section data-particle_enable=\"false\" data-particle-mobile-disabled=\"false\" class=\"elementor-section elementor-inner-section elementor-element elementor-element-0da2ad4 elementor-section-boxed elementor-section-height-default elementor-section-height-default\" data-id=\"0da2ad4\" data-element_type=\"section\">\n\t\t\t\t\t\t<div class=\"elementor-container elementor-column-gap-default\">\n\t\t\t\t\t\t\t<div class=\"elementor-row\">\n\t\t\t\t\t<div class=\"elementor-column elementor-col-50 elementor-inner-column elementor-element elementor-element-9de01c9\" data-id=\"9de01c9\" data-element_type=\"column\">\n\t\t\t<div class=\"elementor-column-wrap elementor-element-populated\">\n\t\t\t\t\t\t\t<div class=\"elementor-widget-wrap\">\n\t\t\t\t\t\t<div class=\"elementor-element elementor-element-1477410 elementor-widget elementor-widget-text-editor\" data-id=\"1477410\" data-element_type=\"widget\" data-widget_type=\"text-editor.default\">\n\t\t\t\t<div class=\"elementor-widget-container\">\n\t\t\t\t\t<div class=\"elementor-text-editor elementor-clearfix\"><p>Wie hoch ist die Beteiligungsquote?<\/p><\/div>\n\t\t\t\t<\/div>\n\t\t\t\t<\/div>\n\t\t\t\t\t\t<\/div>\n\t\t\t\t\t<\/div>\n\t\t<\/div>\n\t\t\t\t<div class=\"elementor-column elementor-col-50 elementor-inner-column elementor-element elementor-element-b1fa947\" data-id=\"b1fa947\" data-element_type=\"column\">\n\t\t\t<div class=\"elementor-column-wrap elementor-element-populated\">\n\t\t\t\t\t\t\t<div class=\"elementor-widget-wrap\">\n\t\t\t\t\t\t<div class=\"elementor-element elementor-element-933d446 elementor-widget elementor-widget-text-editor\" data-id=\"933d446\" data-element_type=\"widget\" data-widget_type=\"text-editor.default\">\n\t\t\t\t<div class=\"elementor-widget-container\">\n\t\t\t\t\t<div class=\"elementor-text-editor elementor-clearfix\"><p>Das l\u00e4sst sich nicht allgemein sagen der Prozessfinanzierer wird Ihnen eine Beteiligungsquote anbieten, die abh\u00e4ngig vom \u00fcbernommenen Risiko und auch von der H\u00f6he der erzielten Summe ist.<\/p><\/div>\n\t\t\t\t<\/div>\n\t\t\t\t<\/div>\n\t\t\t\t\t\t<\/div>\n\t\t\t\t\t<\/div>\n\t\t<\/div>\n\t\t\t\t\t\t\t\t<\/div>\n\t\t\t\t\t<\/div>\n\t\t<\/section>\n\t\t\t\t<section data-particle_enable=\"false\" data-particle-mobile-disabled=\"false\" class=\"elementor-section elementor-inner-section elementor-element elementor-element-9ebd6fd elementor-section-boxed elementor-section-height-default elementor-section-height-default\" data-id=\"9ebd6fd\" data-element_type=\"section\">\n\t\t\t\t\t\t<div class=\"elementor-container elementor-column-gap-default\">\n\t\t\t\t\t\t\t<div class=\"elementor-row\">\n\t\t\t\t\t<div class=\"elementor-column elementor-col-50 elementor-inner-column elementor-element elementor-element-6e6f328\" data-id=\"6e6f328\" data-element_type=\"column\">\n\t\t\t<div class=\"elementor-column-wrap elementor-element-populated\">\n\t\t\t\t\t\t\t<div class=\"elementor-widget-wrap\">\n\t\t\t\t\t\t<div class=\"elementor-element elementor-element-c778746 elementor-widget elementor-widget-text-editor\" data-id=\"c778746\" data-element_type=\"widget\" data-widget_type=\"text-editor.default\">\n\t\t\t\t<div class=\"elementor-widget-container\">\n\t\t\t\t\t<div class=\"elementor-text-editor elementor-clearfix\"><p>Welche Kosten muss ich selbst tragen?<\/p><\/div>\n\t\t\t\t<\/div>\n\t\t\t\t<\/div>\n\t\t\t\t\t\t<\/div>\n\t\t\t\t\t<\/div>\n\t\t<\/div>\n\t\t\t\t<div class=\"elementor-column elementor-col-50 elementor-inner-column elementor-element elementor-element-4dc9c7c\" data-id=\"4dc9c7c\" data-element_type=\"column\">\n\t\t\t<div class=\"elementor-column-wrap elementor-element-populated\">\n\t\t\t\t\t\t\t<div class=\"elementor-widget-wrap\">\n\t\t\t\t\t\t<div class=\"elementor-element elementor-element-428cb19 elementor-widget elementor-widget-text-editor\" data-id=\"428cb19\" data-element_type=\"widget\" data-widget_type=\"text-editor.default\">\n\t\t\t\t<div class=\"elementor-widget-container\">\n\t\t\t\t\t<div class=\"elementor-text-editor elementor-clearfix\"><p>Sie m\u00fcssen zun\u00e4chst einen Rechtsanwalt beauftragen, der Ihnen einen Klageentwurf fertigt. Dessen Kosten m\u00fcssen Sie zun\u00e4chst selbst tragen. Wenn der Prozessfinanzierer \u00fcbernimmt, gehen diese Kosten in aller Regel in die Prozesskosten ein, die vom Prozessfinanzierer \u00fcbernommen werden.<\/p><p><strong>Achten Sie darauf, dass dies in Ihrem Fall nicht anders geregelt wird,<\/strong><\/p><\/div>\n\t\t\t\t<\/div>\n\t\t\t\t<\/div>\n\t\t\t\t\t\t<\/div>\n\t\t\t\t\t<\/div>\n\t\t<\/div>\n\t\t\t\t\t\t\t\t<\/div>\n\t\t\t\t\t<\/div>\n\t\t<\/section>\n\t\t\t\t<section data-particle_enable=\"false\" data-particle-mobile-disabled=\"false\" class=\"elementor-section elementor-inner-section elementor-element elementor-element-3eea244 elementor-section-boxed elementor-section-height-default elementor-section-height-default\" data-id=\"3eea244\" data-element_type=\"section\">\n\t\t\t\t\t\t<div class=\"elementor-container elementor-column-gap-default\">\n\t\t\t\t\t\t\t<div class=\"elementor-row\">\n\t\t\t\t\t<div class=\"elementor-column elementor-col-50 elementor-inner-column elementor-element elementor-element-ba8b7a8\" data-id=\"ba8b7a8\" data-element_type=\"column\">\n\t\t\t<div class=\"elementor-column-wrap elementor-element-populated\">\n\t\t\t\t\t\t\t<div class=\"elementor-widget-wrap\">\n\t\t\t\t\t\t<div class=\"elementor-element elementor-element-65b11fc elementor-widget elementor-widget-text-editor\" data-id=\"65b11fc\" data-element_type=\"widget\" data-widget_type=\"text-editor.default\">\n\t\t\t\t<div class=\"elementor-widget-container\">\n\t\t\t\t\t<div class=\"elementor-text-editor elementor-clearfix\"><p>Wie erh\u00f6he ich meine Erfolgschancen?<\/p><\/div>\n\t\t\t\t<\/div>\n\t\t\t\t<\/div>\n\t\t\t\t\t\t<\/div>\n\t\t\t\t\t<\/div>\n\t\t<\/div>\n\t\t\t\t<div class=\"elementor-column elementor-col-50 elementor-inner-column elementor-element elementor-element-7b1dd34\" data-id=\"7b1dd34\" data-element_type=\"column\">\n\t\t\t<div class=\"elementor-column-wrap elementor-element-populated\">\n\t\t\t\t\t\t\t<div class=\"elementor-widget-wrap\">\n\t\t\t\t\t\t<div class=\"elementor-element elementor-element-e88913e elementor-widget elementor-widget-text-editor\" data-id=\"e88913e\" data-element_type=\"widget\" data-widget_type=\"text-editor.default\">\n\t\t\t\t<div class=\"elementor-widget-container\">\n\t\t\t\t\t<div class=\"elementor-text-editor elementor-clearfix\"><p>Zun\u00e4chst sollten Sie einen Anwalt <b><u>Ihres<\/u><\/b>&nbsp;Vertrauens suchen, der auch in der Lage ist, den Klageentwurf \u00fcberzeugend zu formulieren. Das erh\u00f6ht die Chance, dass sich der Prozessfinanzierer am Fall beteiligt deutlich. Achten Sie auch darauf, dass Ihr Anwalt auch in der Lage ist, gegen\u00fcber dem Prozessfinanzierer die Erfolgschancen der Klage unter Ber\u00fccksichtigung der zu erwartenden prozessrechtlichen Probleme zu rechtfertigen.<\/p>\n<p>Bei Kosten\u00fcbernahme sollten Sie Wert darauf legen, dass der Anwalt Ihres Vertrauens den Prozess f\u00fchrt. Interessenskonflikte zwischen Ihnen und dem Prozessfinanzierer sind n\u00e4mlich nicht ausgeschlossen.&nbsp;<\/p>\n<p>Wenn Sie gegen eine Versicherung klagen, sollten Sie au\u00dferdem darauf achten, dass der Prozessfinanzierer keine Konzerntochter dieser Versicherung ist.<\/p>\n<p><\/p><\/div>\n\t\t\t\t<\/div>\n\t\t\t\t<\/div>\n\t\t\t\t\t\t<\/div>\n\t\t\t\t\t<\/div>\n\t\t<\/div>\n\t\t\t\t\t\t\t\t<\/div>\n\t\t\t\t\t<\/div>\n\t\t<\/section>\n\t\t\t\t\t\t<\/div>\n\t\t\t\t\t<\/div>\n\t\t<\/div>\n\t\t\t\t\t\t\t\t<\/div>\n\t\t\t\t\t<\/div>\n\t\t<\/section>\n\t\t\t\t\t\t<\/div>\n\t\t\t\t\t\t<\/div>\n\t\t\t\t\t<\/div>\n\t\t","protected":false},"excerpt":{"rendered":"<p>Prozessfinanzierung Prozesskostenrisiko abw\u00e4lzen! Sie f\u00fchren Ihren Prozess und das Risiko des Misserfolges tr\u00e4gt ein Anderer? Zu sch\u00f6n um wahr zu sein? Doch das geht! Inzwischen gibt es mehrere seri\u00f6se Anbieter, die das Kostenrisiko der Prozessf\u00fchrung \u00fcbernehmen. Das Prinzip ist einfach der Prozessfinanzierer \u00fcbernimmt die notwendigen Kosten einer au\u00dfergerichtlichen oder gerichtlichen Rechtsverfolgung und erh\u00e4lt im Gegenzug&hellip;&nbsp;<a href=\"https:\/\/prozessegewinnen.de\/?page_id=1886\" class=\"\" rel=\"bookmark\">Weiterlesen &raquo;<span class=\"screen-reader-text\">Prozessfinanzierung<\/span><\/a><\/p>\n","protected":false},"author":1,"featured_media":0,"parent":1461,"menu_order":4,"comment_status":"closed","ping_status":"closed","template":"page-templates\/template-pagebuilder-full-width.php","meta":{"neve_meta_sidebar":"","neve_meta_container":"","neve_meta_enable_content_width":"off","neve_meta_content_width":0,"neve_meta_title_alignment":"","neve_meta_author_avatar":"","neve_post_elements_order":"","neve_meta_disable_header":"","neve_meta_disable_footer":"","neve_meta_disable_title":"on","_themeisle_gutenberg_block_has_review":false,"footnotes":""},"class_list":["post-1886","page","type-page","status-publish","hentry"],"aioseo_notices":[],"_links":{"self":[{"href":"https:\/\/prozessegewinnen.de\/index.php?rest_route=\/wp\/v2\/pages\/1886","targetHints":{"allow":["GET"]}}],"collection":[{"href":"https:\/\/prozessegewinnen.de\/index.php?rest_route=\/wp\/v2\/pages"}],"about":[{"href":"https:\/\/prozessegewinnen.de\/index.php?rest_route=\/wp\/v2\/types\/page"}],"author":[{"embeddable":true,"href":"https:\/\/prozessegewinnen.de\/index.php?rest_route=\/wp\/v2\/users\/1"}],"replies":[{"embeddable":true,"href":"https:\/\/prozessegewinnen.de\/index.php?rest_route=%2Fwp%2Fv2%2Fcomments&post=1886"}],"version-history":[{"count":7,"href":"https:\/\/prozessegewinnen.de\/index.php?rest_route=\/wp\/v2\/pages\/1886\/revisions"}],"predecessor-version":[{"id":6048,"href":"https:\/\/prozessegewinnen.de\/index.php?rest_route=\/wp\/v2\/pages\/1886\/revisions\/6048"}],"up":[{"embeddable":true,"href":"https:\/\/prozessegewinnen.de\/index.php?rest_route=\/wp\/v2\/pages\/1461"}],"wp:attachment":[{"href":"https:\/\/prozessegewinnen.de\/index.php?rest_route=%2Fwp%2Fv2%2Fmedia&parent=1886"}],"curies":[{"name":"wp","href":"https:\/\/api.w.org\/{rel}","templated":true}]}}