{"id":1890,"date":"2020-05-23T10:38:56","date_gmt":"2020-05-23T08:38:56","guid":{"rendered":"https:\/\/prozessegewinnen.de\/?page_id=1890"},"modified":"2020-10-16T23:27:20","modified_gmt":"2020-10-16T21:27:20","slug":"corona-sonderseite","status":"publish","type":"page","link":"https:\/\/prozessegewinnen.de\/?page_id=1890","title":{"rendered":"Corona Sonderseite"},"content":{"rendered":"\t\t<div data-elementor-type=\"wp-page\" data-elementor-id=\"1890\" class=\"elementor elementor-1890\" data-elementor-settings=\"[]\">\n\t\t\t\t\t\t<div class=\"elementor-inner\">\n\t\t\t\t\t\t\t<div class=\"elementor-section-wrap\">\n\t\t\t\t\t\t\t<section data-particle_enable=\"false\" data-particle-mobile-disabled=\"false\" class=\"elementor-section elementor-top-section elementor-element elementor-element-1fa40a83 elementor-section-boxed elementor-section-height-default elementor-section-height-default\" data-id=\"1fa40a83\" data-element_type=\"section\">\n\t\t\t\t\t\t<div class=\"elementor-container elementor-column-gap-default\">\n\t\t\t\t\t\t\t<div class=\"elementor-row\">\n\t\t\t\t\t<div class=\"elementor-column elementor-col-100 elementor-top-column elementor-element elementor-element-7470771f\" data-id=\"7470771f\" data-element_type=\"column\">\n\t\t\t<div class=\"elementor-column-wrap elementor-element-populated\">\n\t\t\t\t\t\t\t<div class=\"elementor-widget-wrap\">\n\t\t\t\t\t\t<div class=\"elementor-element elementor-element-dcc0f29 elementor-widget elementor-widget-heading\" data-id=\"dcc0f29\" data-element_type=\"widget\" data-widget_type=\"heading.default\">\n\t\t\t\t<div class=\"elementor-widget-container\">\n\t\t\t<h2 class=\"elementor-heading-title elementor-size-default\">Corona Sonderseite<\/h2>\t\t<\/div>\n\t\t\t\t<\/div>\n\t\t\t\t<div class=\"elementor-element elementor-element-6b5fdade elementor-widget elementor-widget-text-editor\" data-id=\"6b5fdade\" data-element_type=\"widget\" data-widget_type=\"text-editor.default\">\n\t\t\t\t<div class=\"elementor-widget-container\">\n\t\t\t\t\t<div class=\"elementor-text-editor elementor-clearfix\"><p><!-- wp:heading {\"level\":1} --><\/p>\n<h1 style=\"text-align: center;\"><img loading=\"lazy\" decoding=\"async\" style=\"font-size: 16px; letter-spacing: 0.3px;\" src=\"https:\/\/prozessegewinnen.de\/wp-content\/uploads\/2020\/09\/corona-5011238_640.png\" alt=\"\" width=\"640\" height=\"328\"><\/h1>\n<p><!-- \/wp:image --><!-- wp:paragraph --><\/p>\n<p>Viele unser <strong>Dienstleistungen<\/strong> lassen sich durchaus mit der Hilfe <strong>elektronischer Kommunikationsmittel<\/strong>, dem Telefon oder auch mit Videokonferenzen erbringen, ohne dass ein pers\u00f6nliches Aufeinandertreffen notwendig wird.&nbsp;<\/p>\n<p>Wir nehmen die Corona-Lage sehr ernst und bieten Ihnen verschiedene M\u00f6glichkeiten an, Ihr Mandat weitgehend virenfrei abzuwickeln. Dazu geh\u00f6ren moderne Kommunikationswege mit elektronischen Mitteln, die wir nach M\u00f6glichkeit nutzen wollen.<\/p>\n<p>Nat\u00fcrlich bleibt es auch in Corona-Zeiten dabei,&nbsp;dass pers\u00f6nliche Kontakte und Besprechungen in unserer Kanzlei sehr wichtig sind. Hier haben wir aber mit unserem Corona-Sicherheitskonzept vorgesorgt, dass maximaler Sicherheitsschutz erreicht wird. Unsere Kanzleir\u00e4ume bieten ausreichend Raum, um ein Treffen sicher und unter Einhaltung der beh\u00f6rdlich vorgegebenen Abst\u00e4nde durchzuf\u00fchren.<\/p>\n<p><!-- \/wp:list --><\/p><\/div>\n\t\t\t\t<\/div>\n\t\t\t\t<\/div>\n\t\t\t\t\t\t<\/div>\n\t\t\t\t\t<\/div>\n\t\t<\/div>\n\t\t\t\t\t\t\t\t<\/div>\n\t\t\t\t\t<\/div>\n\t\t<\/section>\n\t\t\t\t<section data-particle_enable=\"false\" data-particle-mobile-disabled=\"false\" class=\"elementor-section elementor-top-section elementor-element elementor-element-f720fca elementor-section-boxed elementor-section-height-default elementor-section-height-default\" data-id=\"f720fca\" data-element_type=\"section\">\n\t\t\t\t\t\t<div class=\"elementor-container elementor-column-gap-default\">\n\t\t\t\t\t\t\t<div class=\"elementor-row\">\n\t\t\t\t\t<div class=\"elementor-column elementor-col-100 elementor-top-column elementor-element elementor-element-deb224e\" data-id=\"deb224e\" data-element_type=\"column\">\n\t\t\t<div class=\"elementor-column-wrap elementor-element-populated\">\n\t\t\t\t\t\t\t<div class=\"elementor-widget-wrap\">\n\t\t\t\t\t\t<section data-particle_enable=\"false\" data-particle-mobile-disabled=\"false\" class=\"elementor-section elementor-inner-section elementor-element elementor-element-effdc21 elementor-section-boxed elementor-section-height-default elementor-section-height-default\" data-id=\"effdc21\" data-element_type=\"section\" data-settings=\"{&quot;background_background&quot;:&quot;classic&quot;}\">\n\t\t\t\t\t\t<div class=\"elementor-container elementor-column-gap-default\">\n\t\t\t\t\t\t\t<div class=\"elementor-row\">\n\t\t\t\t\t<div class=\"elementor-column elementor-col-100 elementor-inner-column elementor-element elementor-element-842ad2a\" data-id=\"842ad2a\" data-element_type=\"column\">\n\t\t\t<div class=\"elementor-column-wrap elementor-element-populated\">\n\t\t\t\t\t\t\t<div class=\"elementor-widget-wrap\">\n\t\t\t\t\t\t<div class=\"elementor-element elementor-element-5943f17 elementor-widget elementor-widget-text-editor\" data-id=\"5943f17\" data-element_type=\"widget\" data-widget_type=\"text-editor.default\">\n\t\t\t\t<div class=\"elementor-widget-container\">\n\t\t\t\t\t<div class=\"elementor-text-editor elementor-clearfix\"><p><b>Im \u00dcbrigen:<\/b> Die Qualit\u00e4t meiner Sachbearbeitung wird durch die Corona-Situation nicht im geringsten beeintr\u00e4chtigt. Mir stehen nach wie vor alle juristischen Informationskan\u00e4le zur Verf\u00fcgung und ich kann Ihnen daher auch weiterhin eine fundierte Rechtsexpertise zusichern.&nbsp;<\/p>\n<p>Und selbstverst\u00e4ndlich werden in meiner Sachbearbeitung auch die aktuellen Auswirkungen der Corona- Gesetzgebung beachtet.<\/p><\/div>\n\t\t\t\t<\/div>\n\t\t\t\t<\/div>\n\t\t\t\t\t\t<\/div>\n\t\t\t\t\t<\/div>\n\t\t<\/div>\n\t\t\t\t\t\t\t\t<\/div>\n\t\t\t\t\t<\/div>\n\t\t<\/section>\n\t\t\t\t\t\t<\/div>\n\t\t\t\t\t<\/div>\n\t\t<\/div>\n\t\t\t\t\t\t\t\t<\/div>\n\t\t\t\t\t<\/div>\n\t\t<\/section>\n\t\t\t\t\t\t<\/div>\n\t\t\t\t\t\t<\/div>\n\t\t\t\t\t<\/div>\n\t\t","protected":false},"excerpt":{"rendered":"<p>Corona Sonderseite Viele unser Dienstleistungen lassen sich durchaus mit der Hilfe elektronischer Kommunikationsmittel, dem Telefon oder auch mit Videokonferenzen erbringen, ohne dass ein pers\u00f6nliches Aufeinandertreffen notwendig wird.&nbsp; Wir nehmen die Corona-Lage sehr ernst und bieten Ihnen verschiedene M\u00f6glichkeiten an, Ihr Mandat weitgehend virenfrei abzuwickeln. Dazu geh\u00f6ren moderne Kommunikationswege mit elektronischen Mitteln, die wir nach M\u00f6glichkeit&hellip;&nbsp;<a href=\"https:\/\/prozessegewinnen.de\/?page_id=1890\" class=\"\" rel=\"bookmark\">Weiterlesen &raquo;<span class=\"screen-reader-text\">Corona Sonderseite<\/span><\/a><\/p>\n","protected":false},"author":1,"featured_media":0,"parent":400,"menu_order":4,"comment_status":"closed","ping_status":"closed","template":"page-templates\/template-pagebuilder-full-width.php","meta":{"neve_meta_sidebar":"","neve_meta_container":"","neve_meta_enable_content_width":"off","neve_meta_content_width":0,"neve_meta_title_alignment":"","neve_meta_author_avatar":"","neve_post_elements_order":"","neve_meta_disable_header":"","neve_meta_disable_footer":"","neve_meta_disable_title":"on","_themeisle_gutenberg_block_has_review":false,"footnotes":""},"class_list":["post-1890","page","type-page","status-publish","hentry"],"aioseo_notices":[],"_links":{"self":[{"href":"https:\/\/prozessegewinnen.de\/index.php?rest_route=\/wp\/v2\/pages\/1890","targetHints":{"allow":["GET"]}}],"collection":[{"href":"https:\/\/prozessegewinnen.de\/index.php?rest_route=\/wp\/v2\/pages"}],"about":[{"href":"https:\/\/prozessegewinnen.de\/index.php?rest_route=\/wp\/v2\/types\/page"}],"author":[{"embeddable":true,"href":"https:\/\/prozessegewinnen.de\/index.php?rest_route=\/wp\/v2\/users\/1"}],"replies":[{"embeddable":true,"href":"https:\/\/prozessegewinnen.de\/index.php?rest_route=%2Fwp%2Fv2%2Fcomments&post=1890"}],"version-history":[{"count":8,"href":"https:\/\/prozessegewinnen.de\/index.php?rest_route=\/wp\/v2\/pages\/1890\/revisions"}],"predecessor-version":[{"id":6056,"href":"https:\/\/prozessegewinnen.de\/index.php?rest_route=\/wp\/v2\/pages\/1890\/revisions\/6056"}],"up":[{"embeddable":true,"href":"https:\/\/prozessegewinnen.de\/index.php?rest_route=\/wp\/v2\/pages\/400"}],"wp:attachment":[{"href":"https:\/\/prozessegewinnen.de\/index.php?rest_route=%2Fwp%2Fv2%2Fmedia&parent=1890"}],"curies":[{"name":"wp","href":"https:\/\/api.w.org\/{rel}","templated":true}]}}