{"id":2131,"date":"2020-05-31T09:20:27","date_gmt":"2020-05-31T07:20:03","guid":{"rendered":"https:\/\/prozessegewinnen.de\/?page_id=2131"},"modified":"2020-09-30T18:48:33","modified_gmt":"2020-09-30T16:48:33","slug":"datenschutz","status":"publish","type":"page","link":"https:\/\/prozessegewinnen.de\/?page_id=2131","title":{"rendered":"IMPRESSUM"},"content":{"rendered":"\t\t<div data-elementor-type=\"wp-page\" data-elementor-id=\"2131\" class=\"elementor elementor-2131\" data-elementor-settings=\"[]\">\n\t\t\t\t\t\t<div class=\"elementor-inner\">\n\t\t\t\t\t\t\t<div class=\"elementor-section-wrap\">\n\t\t\t\t\t\t\t<section data-particle_enable=\"false\" data-particle-mobile-disabled=\"false\" class=\"elementor-section elementor-top-section elementor-element elementor-element-af862ae elementor-section-boxed elementor-section-height-default elementor-section-height-default\" data-id=\"af862ae\" data-element_type=\"section\">\n\t\t\t\t\t\t<div class=\"elementor-container elementor-column-gap-default\">\n\t\t\t\t\t\t\t<div class=\"elementor-row\">\n\t\t\t\t\t<div class=\"elementor-column elementor-col-100 elementor-top-column elementor-element elementor-element-2151a66\" data-id=\"2151a66\" data-element_type=\"column\">\n\t\t\t<div class=\"elementor-column-wrap elementor-element-populated\">\n\t\t\t\t\t\t\t<div class=\"elementor-widget-wrap\">\n\t\t\t\t\t\t<div class=\"elementor-element elementor-element-3080037 elementor-widget elementor-widget-heading\" data-id=\"3080037\" data-element_type=\"widget\" data-widget_type=\"heading.default\">\n\t\t\t\t<div class=\"elementor-widget-container\">\n\t\t\t<h2 class=\"elementor-heading-title elementor-size-default\">Impressum<\/h2>\t\t<\/div>\n\t\t\t\t<\/div>\n\t\t\t\t\t\t<\/div>\n\t\t\t\t\t<\/div>\n\t\t<\/div>\n\t\t\t\t\t\t\t\t<\/div>\n\t\t\t\t\t<\/div>\n\t\t<\/section>\n\t\t\t\t<section data-particle_enable=\"false\" data-particle-mobile-disabled=\"false\" class=\"elementor-section elementor-top-section elementor-element elementor-element-5fc5c3d elementor-section-boxed elementor-section-height-default elementor-section-height-default\" data-id=\"5fc5c3d\" data-element_type=\"section\">\n\t\t\t\t\t\t<div class=\"elementor-container elementor-column-gap-default\">\n\t\t\t\t\t\t\t<div class=\"elementor-row\">\n\t\t\t\t\t<div class=\"elementor-column elementor-col-100 elementor-top-column elementor-element elementor-element-1e8bf9d4\" data-id=\"1e8bf9d4\" data-element_type=\"column\">\n\t\t\t<div class=\"elementor-column-wrap elementor-element-populated\">\n\t\t\t\t\t\t\t<div class=\"elementor-widget-wrap\">\n\t\t\t\t\t\t<div class=\"elementor-element elementor-element-52bb032 elementor-widget elementor-widget-text-editor\" data-id=\"52bb032\" data-element_type=\"widget\" data-widget_type=\"text-editor.default\">\n\t\t\t\t<div class=\"elementor-widget-container\">\n\t\t\t\t\t<div class=\"elementor-text-editor elementor-clearfix\"><h4>Angaben gem\u00e4\u00df <a href=\"https:\/\/dejure.org\/gesetze\/TMG\/5.html\" title=\"&sect; 5 TMG: Allgemeine Informationspflichten\">\u00a7 5 TMG<\/a><\/h4><p>Edwin Reichert<br \/>Rechtsanwalt<br \/>Kanzlei f\u00fcr strategische Prozessf\u00fchrung und Instanzenverfahren<br \/>Beim Rottacheck 9<br \/>87439 Kempten<\/p><h5>Kontakt<\/h5><p>Telefon 0831 52 73 30 73<br \/><span style=\"letter-spacing: 0.3px;\">Telefax 0831 52 73 30 74<\/span><\/p><p>E-Mail: kanzlei@prozessegewinnen.de<br \/><span style=\"letter-spacing: 0.3px;\">Internet: www.prozessegewinnen.de<\/span><\/p><h5>Umsatzsteuer-ID<\/h5><p>Umsatzsteuer-Identifikationsnummer gem\u00e4\u00df <a href=\"https:\/\/dejure.org\/gesetze\/UStG\/27a.html\" title=\"&sect; 27a UStG: Umsatzsteuer-Identifikationsnummer\">\u00a7 27 a<\/a> Umsatzsteuergesetz:<br \/><span style=\"letter-spacing: 0.3px;\">DE32 74 22 78 9<\/span><\/p><h5>Aufsichtsbeh\u00f6rde<\/h5><p>Rechtsanwaltskammer M\u00fcnchen<br \/><span style=\"letter-spacing: 0.3px;\">M\u00fcnchen, Talstr. 33, 80331 M\u00fcnchen<br \/><\/span><span style=\"letter-spacing: 0.3px;\">\u00a0(<\/span><a style=\"letter-spacing: 0.3px;\" href=\"http:\/\/www.rak-muenchen.de\" target=\"_blank\" rel=\"noopener\">www.rak-muenchen.de<\/a><span style=\"letter-spacing: 0.3px;\">).<\/span><\/p><p><span style=\"letter-spacing: 0.3px;\">\u00a0<\/span><\/p><h5>Berufsbezeichnung und berufsrechtliche Regelungen<\/h5><p>Informationen nach <a href=\"https:\/\/dejure.org\/gesetze\/TMG\/5.html\" title=\"&sect; 5 TMG: Allgemeine Informationspflichten\">\u00a7 5 Telemediengesetz (TMG<\/a>)Berufsbezeichnung<\/p><p>Berufsbezeichnung: Rechtsanwalt<\/p><p><span style=\"letter-spacing: 0.3px;\">Zust\u00e4ndige Kammer: Rechtsanwaltskammer M\u00fcnchen, Talstr. 33, 80331 M\u00fcnchen <\/span><\/p><p><span style=\"letter-spacing: 0.3px;\">F\u00fcr die T\u00e4tigkeit von Rechtsanw\u00e4lten gelten die berufsrechtlichen Regelungen der Rechtsanw\u00e4lte, insbesondere der Bundesrechtsanwaltsordnung (BRAO), der Berufsordnung der Rechtsanw\u00e4lte (BORA), der Fachanwaltsordnung (FAO) und das Gesetz \u00fcber die Verg\u00fctung der Rechtsanw\u00e4lte (RVG \u2013Rechtsanwaltsverg\u00fctungsgesetz).<\/span><\/p><p>Diese Regelungen finden Sie in der aktuellen Version auf der Internetseite der Rechtsanwaltskammer (<a href=\"http:\/\/www.rak-muenchen.de\" target=\"_blank\" rel=\"noopener\">www.rak-muenchen.de<\/a>).<\/p><h5>Angaben zur Berufshaftpflichtversicherung<\/h5><p><strong>Name und Sitz des Versicherers:<\/strong><\/p><p class=\"textblock\">andsafe Aktiengesellschaft<br \/>Provinzial-Allee 1<br \/>48159 M\u00fcnster<br \/>Vers.-Nr. 202048067<\/p><p class=\"textblock\">E-Mail:\u00a0<a class=\"textLink\" href=\"mailto:info@andsafe.de\">info@andsafe.de<\/a><br \/>Internet: www.andsafe.de<\/p><p><strong>Geltungsraum der Versicherung:<\/strong><br \/>Deutschland<\/p><h5>Verantwortlich f\u00fcr den Inhalt nach \u00a7 55 Abs. 2 RStV<\/h5><p>Edwin Reichert<br \/>Beim Rottacheck 9<br \/>87439 Kempten<\/p><h5>EU-Streitschlichtung<\/h5><p>Die Europ\u00e4ische Kommission stellt eine Plattform zur Online-Streitbeilegung (OS) bereit: <a href=\"https:\/\/ec.europa.eu\/consumers\/odr\" target=\"_blank\" rel=\"noopener noreferrer\">https:\/\/ec.europa.eu\/consumers\/odr<\/a>.<br \/>Unsere E-Mail-Adresse finden Sie oben im Impressum.<\/p><h5>Verbraucher\u00adstreit\u00adbeilegung\/ Universal\u00adschlichtungs\u00adstelle<\/h5><p>Wir nehmen an einem Streitbeilegungsverfahren vor einer Verbraucherschlichtungsstelle teil.\u00a0<\/p><p>Schlichtungsstelle der Rechtsanwaltschaft<br \/>Bundesrechtsanwaltskammer<br \/>Neue Gr\u00fcnstra\u00dfe 17<br \/>10179 Berlin<br \/>Telefon: 030 \/ 28444170<br \/>E-Mail: <span class=\"__eae_r13\">schlichtungsstelle@s-d-r.org<\/span><br \/>Internet: www.schlichtungsstelle-der-rechtsanwaltschaft.de<br \/>Die Schlichtungsstelle vermittelt bei verm\u00f6gensrechtlichen Streitigkeiten zwischen Mandant und Rechtsanwalt.<\/p><h5>Urheberrecht<\/h5><p>Die durch die Seitenbetreiber erstellten Inhalte und Werke auf diesen Seiten unterliegen dem deutschen Urheberrecht. Die Vervielf\u00e4ltigung, Bearbeitung, Verbreitung und jede Art der Verwertung au\u00dferhalb der Grenzen des Urheberrechtes bed\u00fcrfen der schriftlichen Zustimmung des jeweiligen Autors bzw. Erstellers. Downloads und Kopien dieser Seite sind nur f\u00fcr den privaten, nicht kommerziellen Gebrauch gestattet.<\/p><p>Soweit die Inhalte auf dieser Seite nicht vom Betreiber erstellt wurden, werden die Urheberrechte Dritter beachtet. Insbesondere werden Inhalte Dritter als solche gekennzeichnet. Sollten Sie trotzdem auf eine Urheberrechtsverletzung aufmerksam werden, bitten wir um einen entsprechenden Hinweis. Bei Bekanntwerden von Rechtsverletzungen werden wir derartige Inhalte umgehend entfernen.<\/p><\/div>\n\t\t\t\t<\/div>\n\t\t\t\t<\/div>\n\t\t\t\t\t\t<\/div>\n\t\t\t\t\t<\/div>\n\t\t<\/div>\n\t\t\t\t\t\t\t\t<\/div>\n\t\t\t\t\t<\/div>\n\t\t<\/section>\n\t\t\t\t\t\t<\/div>\n\t\t\t\t\t\t<\/div>\n\t\t\t\t\t<\/div>\n\t\t","protected":false},"excerpt":{"rendered":"<p>Impressum Angaben gem\u00e4\u00df \u00a7 5 TMG Edwin ReichertRechtsanwaltKanzlei f\u00fcr strategische Prozessf\u00fchrung und InstanzenverfahrenBeim Rottacheck 987439 Kempten Kontakt Telefon 0831 52 73 30 73Telefax 0831 52 73 30 74 E-Mail: kanzlei@prozessegewinnen.deInternet: www.prozessegewinnen.de Umsatzsteuer-ID Umsatzsteuer-Identifikationsnummer gem\u00e4\u00df \u00a7 27 a Umsatzsteuergesetz:DE32 74 22 78 9 Aufsichtsbeh\u00f6rde Rechtsanwaltskammer M\u00fcnchenM\u00fcnchen, Talstr. 33, 80331 M\u00fcnchen\u00a0(www.rak-muenchen.de). \u00a0 Berufsbezeichnung und berufsrechtliche Regelungen Informationen&hellip;&nbsp;<a href=\"https:\/\/prozessegewinnen.de\/?page_id=2131\" class=\"\" rel=\"bookmark\">Weiterlesen &raquo;<span class=\"screen-reader-text\">IMPRESSUM<\/span><\/a><\/p>\n","protected":false},"author":1,"featured_media":0,"parent":0,"menu_order":10,"comment_status":"closed","ping_status":"closed","template":"elementor_header_footer","meta":{"neve_meta_sidebar":"full-width","neve_meta_container":"","neve_meta_enable_content_width":"on","neve_meta_content_width":100,"neve_meta_title_alignment":"","neve_meta_author_avatar":"","neve_post_elements_order":"","neve_meta_disable_header":"","neve_meta_disable_footer":"","neve_meta_disable_title":"","_themeisle_gutenberg_block_has_review":false,"footnotes":""},"class_list":["post-2131","page","type-page","status-publish","hentry"],"aioseo_notices":[],"_links":{"self":[{"href":"https:\/\/prozessegewinnen.de\/index.php?rest_route=\/wp\/v2\/pages\/2131","targetHints":{"allow":["GET"]}}],"collection":[{"href":"https:\/\/prozessegewinnen.de\/index.php?rest_route=\/wp\/v2\/pages"}],"about":[{"href":"https:\/\/prozessegewinnen.de\/index.php?rest_route=\/wp\/v2\/types\/page"}],"author":[{"embeddable":true,"href":"https:\/\/prozessegewinnen.de\/index.php?rest_route=\/wp\/v2\/users\/1"}],"replies":[{"embeddable":true,"href":"https:\/\/prozessegewinnen.de\/index.php?rest_route=%2Fwp%2Fv2%2Fcomments&post=2131"}],"version-history":[{"count":8,"href":"https:\/\/prozessegewinnen.de\/index.php?rest_route=\/wp\/v2\/pages\/2131\/revisions"}],"predecessor-version":[{"id":5536,"href":"https:\/\/prozessegewinnen.de\/index.php?rest_route=\/wp\/v2\/pages\/2131\/revisions\/5536"}],"wp:attachment":[{"href":"https:\/\/prozessegewinnen.de\/index.php?rest_route=%2Fwp%2Fv2%2Fmedia&parent=2131"}],"curies":[{"name":"wp","href":"https:\/\/api.w.org\/{rel}","templated":true}]}}