{"id":2160,"date":"2020-06-02T06:37:27","date_gmt":"2020-06-02T04:37:43","guid":{"rendered":"https:\/\/prozessegewinnen.de\/?page_id=2160"},"modified":"2020-10-16T20:38:01","modified_gmt":"2020-10-16T18:38:01","slug":"so-laeuft-das-bei-mir-2","status":"publish","type":"page","link":"https:\/\/prozessegewinnen.de\/?page_id=2160","title":{"rendered":"Was d\u00fcrfen Sie von mir erwarten?"},"content":{"rendered":"\t\t<div data-elementor-type=\"wp-page\" data-elementor-id=\"2160\" class=\"elementor elementor-2160\" data-elementor-settings=\"[]\">\n\t\t\t\t\t\t<div class=\"elementor-inner\">\n\t\t\t\t\t\t\t<div class=\"elementor-section-wrap\">\n\t\t\t\t\t\t\t<section data-particle_enable=\"false\" data-particle-mobile-disabled=\"false\" class=\"elementor-section elementor-top-section elementor-element elementor-element-a1677b8 elementor-section-boxed elementor-section-height-default elementor-section-height-default\" data-id=\"a1677b8\" data-element_type=\"section\" data-settings=\"{&quot;background_background&quot;:&quot;classic&quot;}\">\n\t\t\t\t\t\t\t<div class=\"elementor-background-overlay\"><\/div>\n\t\t\t\t\t\t\t<div class=\"elementor-container elementor-column-gap-default\">\n\t\t\t\t\t\t\t<div class=\"elementor-row\">\n\t\t\t\t\t<div class=\"elementor-column elementor-col-100 elementor-top-column elementor-element elementor-element-889c9cd\" data-id=\"889c9cd\" data-element_type=\"column\">\n\t\t\t<div class=\"elementor-column-wrap elementor-element-populated\">\n\t\t\t\t\t\t\t<div class=\"elementor-widget-wrap\">\n\t\t\t\t\t\t<div class=\"elementor-element elementor-element-7b2287f elementor-widget__width-auto elementor-widget elementor-widget-heading\" data-id=\"7b2287f\" data-element_type=\"widget\" data-widget_type=\"heading.default\">\n\t\t\t\t<div class=\"elementor-widget-container\">\n\t\t\t<h2 class=\"elementor-heading-title elementor-size-default\">Was d\u00fcrfen Sie von mir erwarten?<\/h2>\t\t<\/div>\n\t\t\t\t<\/div>\n\t\t\t\t<div class=\"elementor-element elementor-element-5e5c6d3 elementor-widget elementor-widget-text-editor\" data-id=\"5e5c6d3\" data-element_type=\"widget\" data-widget_type=\"text-editor.default\">\n\t\t\t\t<div class=\"elementor-widget-container\">\n\t\t\t\t\t<div class=\"elementor-text-editor elementor-clearfix\"><p>Ein ma\u00dfgeschneidertes Konzept f\u00fcr Sie: <span style=\"color: #aedae6;\">Fair.Transparent.Kompetent.Erfolgsorientiert<\/span><\/p><\/div>\n\t\t\t\t<\/div>\n\t\t\t\t<\/div>\n\t\t\t\t\t\t<\/div>\n\t\t\t\t\t<\/div>\n\t\t<\/div>\n\t\t\t\t\t\t\t\t<\/div>\n\t\t\t\t\t<\/div>\n\t\t<\/section>\n\t\t\t\t<section data-particle_enable=\"false\" data-particle-mobile-disabled=\"false\" class=\"elementor-section elementor-top-section elementor-element elementor-element-3830a8c elementor-section-boxed elementor-section-height-default elementor-section-height-default\" data-id=\"3830a8c\" data-element_type=\"section\" data-settings=\"{&quot;background_background&quot;:&quot;classic&quot;}\">\n\t\t\t\t\t\t\t<div class=\"elementor-background-overlay\"><\/div>\n\t\t\t\t\t\t\t<div class=\"elementor-container elementor-column-gap-default\">\n\t\t\t\t\t\t\t<div class=\"elementor-row\">\n\t\t\t\t\t<div class=\"elementor-column elementor-col-100 elementor-top-column elementor-element elementor-element-ba0f735\" data-id=\"ba0f735\" data-element_type=\"column\">\n\t\t\t<div class=\"elementor-column-wrap elementor-element-populated\">\n\t\t\t\t\t\t\t<div class=\"elementor-widget-wrap\">\n\t\t\t\t\t\t<div class=\"elementor-element elementor-element-5d91835 elementor-widget__width-auto elementor-widget elementor-widget-image\" data-id=\"5d91835\" data-element_type=\"widget\" data-widget_type=\"image.default\">\n\t\t\t\t<div class=\"elementor-widget-container\">\n\t\t\t\t\t<div class=\"elementor-image\">\n\t\t\t\t\t\t\t\t\t\t<img decoding=\"async\" src=\"https:\/\/prozessegewinnen.de\/wp-content\/uploads\/elementor\/thumbs\/Logo-3.0-PNG-nur-paragraph-100-PX-H\u00f6he-ooj409n47vg4vtudq37ek0p83tf02bdp2oa3ggyaow.png\" title=\"Logo 3.0 PNG nur paragraph 100 PX H\u00f6he\" alt=\"Logo 3.0 PNG nur paragraph 100 PX H\u00f6he\" \/>\t\t\t\t\t\t\t\t\t\t\t<\/div>\n\t\t\t\t<\/div>\n\t\t\t\t<\/div>\n\t\t\t\t<div class=\"elementor-element elementor-element-33460c7 elementor-widget elementor-widget-heading\" data-id=\"33460c7\" data-element_type=\"widget\" data-widget_type=\"heading.default\">\n\t\t\t\t<div class=\"elementor-widget-container\">\n\t\t\t<h3 class=\"elementor-heading-title elementor-size-default\">Ehrliche und offene Information<\/h3>\t\t<\/div>\n\t\t\t\t<\/div>\n\t\t\t\t<div class=\"elementor-element elementor-element-6305c88 elementor-widget elementor-widget-text-editor\" data-id=\"6305c88\" data-element_type=\"widget\" data-widget_type=\"text-editor.default\">\n\t\t\t\t<div class=\"elementor-widget-container\">\n\t\t\t\t\t<div class=\"elementor-text-editor elementor-clearfix\"><p>Als Rechtssuchender haben Sie nat\u00fcrlich schon eine gewisse Vorstellung \u00fcber Ihre Rechte. Vielleicht haben Sie auch schon gegoogelt oder anderen Rechtsrat zu Ihrem Problem eingeholt. Aber gen\u00fcgt das?\u00a0<\/p><p>Im Einzelfall vielleicht ja. Im Regelfall sollte dies aber vorsichtshalber doch noch mal \u00fcberpr\u00fcft werden. Haben Sie die richtigen Fragen gestellt? Haben Sie alle wichtigen Tatsachen ber\u00fccksichtigt?<\/p><p>Ich \u00fcberpr\u00fcfe grunds\u00e4tzlich zu Beginn des Mandats selbst die Rechtslage und kl\u00e4re Sie \u00fcber das Ergebnis eingehend auf. Ich m\u00f6chte nicht den Fehler begehen, Sie im Irrglauben \u00fcber ihre Erfolgsaussichten zu lassen und Sie in einen aussichtslosen Prozess treiben. Auch wenn es im 1. Moment vielleicht schmerzhaft ist, es ist besser, die wirkliche Rechtslage zu kennen und hierauf Entscheidungen zu st\u00fctzen. Ich bin sicher, sie werden eine ehrliche und offene Aufkl\u00e4rung zu sch\u00e4tzen wissen.<\/p><p>Ich kann Ihre Rechtsauffassung best\u00e4tigen? Umso besser ! Dann k\u00f6nnen wir gleich die n\u00e4chsten Schritte besprechen.<\/p><\/div>\n\t\t\t\t<\/div>\n\t\t\t\t<\/div>\n\t\t\t\t<div class=\"elementor-element elementor-element-d805d3b elementor-widget__width-auto elementor-widget elementor-widget-image\" data-id=\"d805d3b\" data-element_type=\"widget\" data-widget_type=\"image.default\">\n\t\t\t\t<div class=\"elementor-widget-container\">\n\t\t\t\t\t<div class=\"elementor-image\">\n\t\t\t\t\t\t\t\t\t\t<img decoding=\"async\" src=\"https:\/\/prozessegewinnen.de\/wp-content\/uploads\/elementor\/thumbs\/Logo-3.0-PNG-nur-paragraph-100-PX-H\u00f6he-ooj409n47vg4vtudq37ek0p83tf02bdp2oa3ggyaow.png\" title=\"Logo 3.0 PNG nur paragraph 100 PX H\u00f6he\" alt=\"Logo 3.0 PNG nur paragraph 100 PX H\u00f6he\" \/>\t\t\t\t\t\t\t\t\t\t\t<\/div>\n\t\t\t\t<\/div>\n\t\t\t\t<\/div>\n\t\t\t\t<div class=\"elementor-element elementor-element-332731d elementor-widget elementor-widget-heading\" data-id=\"332731d\" data-element_type=\"widget\" data-widget_type=\"heading.default\">\n\t\t\t\t<div class=\"elementor-widget-container\">\n\t\t\t<h3 class=\"elementor-heading-title elementor-size-default\">Individuelle und fallbezogene Aufkl\u00e4rung<\/h3>\t\t<\/div>\n\t\t\t\t<\/div>\n\t\t\t\t<div class=\"elementor-element elementor-element-8c4e87c elementor-widget elementor-widget-text-editor\" data-id=\"8c4e87c\" data-element_type=\"widget\" data-widget_type=\"text-editor.default\">\n\t\t\t\t<div class=\"elementor-widget-container\">\n\t\t\t\t\t<div class=\"elementor-text-editor elementor-clearfix\"><p>Die Juristerei lebt von der Suche nach Pr\u00e4zedenzf\u00e4llen. Hat der Bundesgerichtshof bereits einen vergleichbaren Fall\u00a0 in Ihrem Sinne entschieden, d\u00fcrfte es kein Problem sein, auch ihre Sache bei Gericht erfolgreich durchzusetzen.<\/p><p>Die Kunst der Juristerei besteht aber darin, jedes Mandat individuell darauf zu pr\u00fcfen, ob ein m\u00f6glicher Pr\u00e4zedenzfall tats\u00e4chlich auch ein relevanter Pr\u00e4zedenzfall ist. Das ist er n\u00e4mlich nur dann, wenn er auf einer identischen Entscheidungsgrundlage beruht. Das l\u00e4sst sich im Regelfall nicht aus einem Zeitungsbericht herauslesen und oft auch nicht \u00fcber Internetinformationen googeln. Nur wer auch die vollst\u00e4ndige Begr\u00fcndung einer ver\u00f6ffentlichten Entscheidung kennt, kann rechtssicher beurteilen, ob sie auf den eigenen Fall zutrifft. Eine ver\u00f6ffentlichte Entscheidung \u00fcber die Rechte eines Mieters ist zum Beispiel f\u00fcr Sie nur dann von entscheidender Relevanz, wenn Ihr pers\u00f6nlicher Mietvertrag in den entscheidenden Klauseln mit denen des Pr\u00e4zedenzfalls identisch ist.\u00a0<\/p><p><b>Und was ist, wenn es einen Pr\u00e4zedenzfall nicht gibt?<\/b> Dann gibt es h\u00e4ufig selbst in der juristischen Fachliteratur bereits unterschiedliche Rechtsauffassungen. Erst recht gilt dies f\u00fcr Internetver\u00f6ffentlichungen. Was geschrieben ist kann stimmen, muss aber nicht.<\/p><\/div>\n\t\t\t\t<\/div>\n\t\t\t\t<\/div>\n\t\t\t\t<div class=\"elementor-element elementor-element-12efd55 elementor-widget elementor-widget-text-editor\" data-id=\"12efd55\" data-element_type=\"widget\" data-widget_type=\"text-editor.default\">\n\t\t\t\t<div class=\"elementor-widget-container\">\n\t\t\t\t\t<div class=\"elementor-text-editor elementor-clearfix\"><p><strong>Ich erstelle f\u00fcr Sie daher eine individuelle und fallbezogene Expertise, die auf Ihren pers\u00f6nlichen Fall ausgerichtet ist.\u00a0<\/strong><\/p><\/div>\n\t\t\t\t<\/div>\n\t\t\t\t<\/div>\n\t\t\t\t<div class=\"elementor-element elementor-element-738d9b6 elementor-widget__width-auto elementor-widget elementor-widget-image\" data-id=\"738d9b6\" data-element_type=\"widget\" data-widget_type=\"image.default\">\n\t\t\t\t<div class=\"elementor-widget-container\">\n\t\t\t\t\t<div class=\"elementor-image\">\n\t\t\t\t\t\t\t\t\t\t<img decoding=\"async\" src=\"https:\/\/prozessegewinnen.de\/wp-content\/uploads\/elementor\/thumbs\/Logo-3.0-PNG-nur-paragraph-100-PX-H\u00f6he-ooj409n47vg4vtudq37ek0p83tf02bdp2oa3ggyaow.png\" title=\"Logo 3.0 PNG nur paragraph 100 PX H\u00f6he\" alt=\"Logo 3.0 PNG nur paragraph 100 PX H\u00f6he\" \/>\t\t\t\t\t\t\t\t\t\t\t<\/div>\n\t\t\t\t<\/div>\n\t\t\t\t<\/div>\n\t\t\t\t<div class=\"elementor-element elementor-element-15d4272 elementor-widget elementor-widget-heading\" data-id=\"15d4272\" data-element_type=\"widget\" data-widget_type=\"heading.default\">\n\t\t\t\t<div class=\"elementor-widget-container\">\n\t\t\t<h3 class=\"elementor-heading-title elementor-size-default\">Kompetente Beurteilung ihrer Erfolgschancen<\/h3>\t\t<\/div>\n\t\t\t\t<\/div>\n\t\t\t\t<div class=\"elementor-element elementor-element-b67f6bf elementor-widget elementor-widget-text-editor\" data-id=\"b67f6bf\" data-element_type=\"widget\" data-widget_type=\"text-editor.default\">\n\t\t\t\t<div class=\"elementor-widget-container\">\n\t\t\t\t\t<div class=\"elementor-text-editor elementor-clearfix\"><p>Der wohl wichtigste Punkt in der Rechtsberatung von Mandanten ist die Beurteilung der Erfolgschancen. Das ist auch f\u00fcr den Anwalt eine schwierige Aufgabe, weil diese Beurteilung von verschiedenen Faktoren, teilweise auch von k\u00fcnftigen Ereignissen und Reaktionen des Gegners abh\u00e4ngig ist. Manche Rechtsanw\u00e4lte lehnen eine solche Prognose daher auch ab. Von mir bekommen Sie eine <b>Prozessrisikoanalyse <\/b>damit Sie selbst entscheiden k\u00f6nnen, wie weit Sie gehen wollen.\u00a0<\/p><p>Ich halte es f\u00fcr wichtig, dass Mandanten auch \u00fcber ihre Erfolgschancen beraten werden. Nat\u00fcrlich bleibt es aber bei einer mehr oder weniger vagen, jedenfalls unverbindlichen Prognose. Kein Mensch kann \u00fcber zuk\u00fcnftige Entwicklungen eine verbindliche Aussage machen.\u00a0 Aber auch das ist f\u00fcr die Entscheidung \u00fcber das weitere Vorgehen eine wichtige Grundlage.<\/p><p>Die zutreffende Prognose setzt fundierte Kenntnisse nicht nur des relevanten Rechtsgebiets sondern auch der M\u00f6glichkeiten der prozessualen Durchsetzung der Rechte des Mandanten voraus. Hier ist im besonderen Ma\u00dfe Erfahrung und Fachwissen gefragt. Als ehemaliger Richter glaube ich sagen zu d\u00fcrfen, dass Sie bei mir die besten Voraussetzungen f\u00fcr eine fundierte Beurteilung Ihrer Erfolgschancen vorfinden werden. Wer lange Jahre Prozesse selbst entschieden hat, kann auch die Chancen und Risiken Ihres Falles schon im Vorfeld treffsicher einsch\u00e4tzen.\u00a0<\/p><\/div>\n\t\t\t\t<\/div>\n\t\t\t\t<\/div>\n\t\t\t\t<div class=\"elementor-element elementor-element-047241a elementor-widget__width-auto elementor-widget elementor-widget-image\" data-id=\"047241a\" data-element_type=\"widget\" data-widget_type=\"image.default\">\n\t\t\t\t<div class=\"elementor-widget-container\">\n\t\t\t\t\t<div class=\"elementor-image\">\n\t\t\t\t\t\t\t\t\t\t<img decoding=\"async\" src=\"https:\/\/prozessegewinnen.de\/wp-content\/uploads\/elementor\/thumbs\/Logo-3.0-PNG-nur-paragraph-100-PX-H\u00f6he-ooj409n47vg4vtudq37ek0p83tf02bdp2oa3ggyaow.png\" title=\"Logo 3.0 PNG nur paragraph 100 PX H\u00f6he\" alt=\"Logo 3.0 PNG nur paragraph 100 PX H\u00f6he\" \/>\t\t\t\t\t\t\t\t\t\t\t<\/div>\n\t\t\t\t<\/div>\n\t\t\t\t<\/div>\n\t\t\t\t<div class=\"elementor-element elementor-element-f5a906a elementor-widget elementor-widget-heading\" data-id=\"f5a906a\" data-element_type=\"widget\" data-widget_type=\"heading.default\">\n\t\t\t\t<div class=\"elementor-widget-container\">\n\t\t\t<h3 class=\"elementor-heading-title elementor-size-default\">Individuelle und fallbezogene Prozessstrategie<\/h3>\t\t<\/div>\n\t\t\t\t<\/div>\n\t\t\t\t<div class=\"elementor-element elementor-element-88d768d elementor-widget elementor-widget-text-editor\" data-id=\"88d768d\" data-element_type=\"widget\" data-widget_type=\"text-editor.default\">\n\t\t\t\t<div class=\"elementor-widget-container\">\n\t\t\t\t\t<div class=\"elementor-text-editor elementor-clearfix\"><p>\u00a0<\/p><p>Wenn ihre Fallkonstellation rechtlich aufgearbeitet ist, beginnt der Entscheidungsprozess \u00fcber die n\u00e4chsten Schritte, die eingeleitet werden sollen. Auch hier lasse ich Sie mit Ihren Gedanken nicht allein. Ich arbeite f\u00fcr Sie eine ma\u00dfgeschneiderte Prozessstrategie aus, mit der Ihre Erfolgschancen optimiert werden k\u00f6nnen. Ich zeige Ihnen Wege und M\u00f6glichkeiten auf, wie wir Ihren Fall bestm\u00f6glichst durchsetzen k\u00f6nnen.\u00a0<\/p><p>Sie entscheiden dann, wie es weitergehen soll. Wollen Sie sich vorl\u00e4ufig auf au\u00dfergerichtliche Ma\u00dfnahmen beschr\u00e4nken? Soll auf eine vergleichsweise Einigung hingewirkt werden oder geht es darum &#8222;Kante zu zeigen&#8220;? Sollen sofort gerichtliche Schritte eingeleitet werden? Wo liegt Ihre Schmerzgrenze?<\/p><p>Egal wie sie sich entscheiden, ich werde f\u00fcr Sie die n\u00f6tigen Schritte einleiten. Selbstverst\u00e4ndlich werde ich dabei alle mit Ihnen getroffenen Absprachen beachten.<\/p><\/div>\n\t\t\t\t<\/div>\n\t\t\t\t<\/div>\n\t\t\t\t<div class=\"elementor-element elementor-element-adcfab5 elementor-widget__width-auto elementor-widget elementor-widget-image\" data-id=\"adcfab5\" data-element_type=\"widget\" data-widget_type=\"image.default\">\n\t\t\t\t<div class=\"elementor-widget-container\">\n\t\t\t\t\t<div class=\"elementor-image\">\n\t\t\t\t\t\t\t\t\t\t<img decoding=\"async\" src=\"https:\/\/prozessegewinnen.de\/wp-content\/uploads\/elementor\/thumbs\/Logo-3.0-PNG-nur-paragraph-100-PX-H\u00f6he-ooj409n47vg4vtudq37ek0p83tf02bdp2oa3ggyaow.png\" title=\"Logo 3.0 PNG nur paragraph 100 PX H\u00f6he\" alt=\"Logo 3.0 PNG nur paragraph 100 PX H\u00f6he\" \/>\t\t\t\t\t\t\t\t\t\t\t<\/div>\n\t\t\t\t<\/div>\n\t\t\t\t<\/div>\n\t\t\t\t<div class=\"elementor-element elementor-element-d8873e7 elementor-widget elementor-widget-heading\" data-id=\"d8873e7\" data-element_type=\"widget\" data-widget_type=\"heading.default\">\n\t\t\t\t<div class=\"elementor-widget-container\">\n\t\t\t<h3 class=\"elementor-heading-title elementor-size-default\">Erfolgsorientierte und zeitnahe Umsetzung Ihres Auftrags<\/h3>\t\t<\/div>\n\t\t\t\t<\/div>\n\t\t\t\t<div class=\"elementor-element elementor-element-c632200 elementor-widget elementor-widget-text-editor\" data-id=\"c632200\" data-element_type=\"widget\" data-widget_type=\"text-editor.default\">\n\t\t\t\t<div class=\"elementor-widget-container\">\n\t\t\t\t\t<div class=\"elementor-text-editor elementor-clearfix\"><p>\u00a0<\/p><p>Sind gemeinsam, die Weichen gestellt, liegt es an mir, Ihre Entscheidung erfolgsorientiert und zeitnah umzusetzen.\u00a0<\/p><\/div>\n\t\t\t\t<\/div>\n\t\t\t\t<\/div>\n\t\t\t\t<div class=\"elementor-element elementor-element-c395aac elementor-widget elementor-widget-heading\" data-id=\"c395aac\" data-element_type=\"widget\" data-widget_type=\"heading.default\">\n\t\t\t\t<div class=\"elementor-widget-container\">\n\t\t\t<h5 class=\"elementor-heading-title elementor-size-default\">Au\u00dfergerichtliche T\u00e4tigkeit<\/h5>\t\t<\/div>\n\t\t\t\t<\/div>\n\t\t\t\t<div class=\"elementor-element elementor-element-cd965e2 elementor-widget elementor-widget-text-editor\" data-id=\"cd965e2\" data-element_type=\"widget\" data-widget_type=\"text-editor.default\">\n\t\t\t\t<div class=\"elementor-widget-container\">\n\t\t\t\t\t<div class=\"elementor-text-editor elementor-clearfix\"><p><span style=\"letter-spacing: 0.3px;\">In der Regel versuche ich, Ihre Interessen bereits in au\u00dfergerichtlichen Verhandlungen durchzusetzen. Ich nehme Kontakt zum Gegner oder seinem Rechtsanwalt auf und werde versuchen, bereits auf diesem Weg Ihrer Sache zum Erfolg zu verhelfen.<\/span><\/p><p>Meine Vorteile sind auch hier, dass ich mit der \u00dcberzeugungskraft eines ehemaligen Richters auftreten kann und Verhandlungsf\u00fchrung gelernt und langj\u00e4hrig praktiziert habe. Auch Vergleichsgespr\u00e4che geh\u00f6rten zur Routine eines jeden Sitzungstages.<\/p><p>Hart in der Sache, aber freundlich im pers\u00f6nlichen Umgang. Das ist mein Stil. Eine effiziente und gut strukturierte Verhandlungsf\u00fchrung und das Beherrschen der wichtigsten Verhandlungs- und Besprechungstechniken runden das Ganze ab.<\/p><p>\u00a0<\/p><\/div>\n\t\t\t\t<\/div>\n\t\t\t\t<\/div>\n\t\t\t\t<div class=\"elementor-element elementor-element-afe5e84 elementor-widget elementor-widget-heading\" data-id=\"afe5e84\" data-element_type=\"widget\" data-widget_type=\"heading.default\">\n\t\t\t\t<div class=\"elementor-widget-container\">\n\t\t\t<h5 class=\"elementor-heading-title elementor-size-default\">Gerichtliche T\u00e4tigkeiten<\/h5>\t\t<\/div>\n\t\t\t\t<\/div>\n\t\t\t\t<div class=\"elementor-element elementor-element-f5edfcc elementor-widget elementor-widget-text-editor\" data-id=\"f5edfcc\" data-element_type=\"widget\" data-widget_type=\"text-editor.default\">\n\t\t\t\t<div class=\"elementor-widget-container\">\n\t\t\t\t\t<div class=\"elementor-text-editor elementor-clearfix\"><p>Sind die Bem\u00fchungen um eine au\u00dfergerichtliche L\u00f6sung gescheitert, bleibt nur noch der Weg \u00fcber das Gericht. Auch dort kann ich Sie kompetent und erfolgversprechend vertreten. Hier f\u00fchle ich mich &#8222;Zuhause&#8220;. Ich spreche die Sprache der Gerichte und wei\u00df wie Richter denken und handeln. Ich kenne die Feinheiten der Prozessordnung und habe mit Ihnen Ihren Fall von Anfang an nach den Grunds\u00e4tzen der strategischen Prozessf\u00fchrung prozesstauglich optimiert.<\/p><p>Eine Erfolgsgarantie kann ich Ihnen nat\u00fcrlich nicht geben. Ich kann aber das Bestm\u00f6gliche f\u00fcr sie herausholen.<\/p><\/div>\n\t\t\t\t<\/div>\n\t\t\t\t<\/div>\n\t\t\t\t\t\t<\/div>\n\t\t\t\t\t<\/div>\n\t\t<\/div>\n\t\t\t\t\t\t\t\t<\/div>\n\t\t\t\t\t<\/div>\n\t\t<\/section>\n\t\t\t\t<section data-particle_enable=\"false\" data-particle-mobile-disabled=\"false\" class=\"elementor-section elementor-top-section elementor-element elementor-element-fcd6217 elementor-section-boxed elementor-section-height-default elementor-section-height-default\" data-id=\"fcd6217\" data-element_type=\"section\">\n\t\t\t\t\t\t<div class=\"elementor-container elementor-column-gap-default\">\n\t\t\t\t\t\t\t<div class=\"elementor-row\">\n\t\t\t\t\t<div class=\"elementor-column elementor-col-100 elementor-top-column elementor-element elementor-element-c1d0d2d\" data-id=\"c1d0d2d\" data-element_type=\"column\">\n\t\t\t<div class=\"elementor-column-wrap\">\n\t\t\t\t\t\t\t<div class=\"elementor-widget-wrap\">\n\t\t\t\t\t\t\t\t<\/div>\n\t\t\t\t\t<\/div>\n\t\t<\/div>\n\t\t\t\t\t\t\t\t<\/div>\n\t\t\t\t\t<\/div>\n\t\t<\/section>\n\t\t\t\t\t\t<\/div>\n\t\t\t\t\t\t<\/div>\n\t\t\t\t\t<\/div>\n\t\t","protected":false},"excerpt":{"rendered":"<p>Was d\u00fcrfen Sie von mir erwarten? Ein ma\u00dfgeschneidertes Konzept f\u00fcr Sie: Fair.Transparent.Kompetent.Erfolgsorientiert Ehrliche und offene Information Als Rechtssuchender haben Sie nat\u00fcrlich schon eine gewisse Vorstellung \u00fcber Ihre Rechte. Vielleicht haben Sie auch schon gegoogelt oder anderen Rechtsrat zu Ihrem Problem eingeholt. Aber gen\u00fcgt das?\u00a0 Im Einzelfall vielleicht ja. Im Regelfall sollte dies aber vorsichtshalber doch&hellip;&nbsp;<a href=\"https:\/\/prozessegewinnen.de\/?page_id=2160\" class=\"\" rel=\"bookmark\">Weiterlesen &raquo;<span class=\"screen-reader-text\">Was d\u00fcrfen Sie von mir erwarten?<\/span><\/a><\/p>\n","protected":false},"author":1,"featured_media":0,"parent":1470,"menu_order":1,"comment_status":"closed","ping_status":"closed","template":"page-templates\/template-pagebuilder-full-width.php","meta":{"neve_meta_sidebar":"","neve_meta_container":"","neve_meta_enable_content_width":"off","neve_meta_content_width":0,"neve_meta_title_alignment":"","neve_meta_author_avatar":"","neve_post_elements_order":"","neve_meta_disable_header":"","neve_meta_disable_footer":"","neve_meta_disable_title":"on","_themeisle_gutenberg_block_has_review":false,"footnotes":""},"class_list":["post-2160","page","type-page","status-publish","hentry"],"aioseo_notices":[],"_links":{"self":[{"href":"https:\/\/prozessegewinnen.de\/index.php?rest_route=\/wp\/v2\/pages\/2160","targetHints":{"allow":["GET"]}}],"collection":[{"href":"https:\/\/prozessegewinnen.de\/index.php?rest_route=\/wp\/v2\/pages"}],"about":[{"href":"https:\/\/prozessegewinnen.de\/index.php?rest_route=\/wp\/v2\/types\/page"}],"author":[{"embeddable":true,"href":"https:\/\/prozessegewinnen.de\/index.php?rest_route=\/wp\/v2\/users\/1"}],"replies":[{"embeddable":true,"href":"https:\/\/prozessegewinnen.de\/index.php?rest_route=%2Fwp%2Fv2%2Fcomments&post=2160"}],"version-history":[{"count":18,"href":"https:\/\/prozessegewinnen.de\/index.php?rest_route=\/wp\/v2\/pages\/2160\/revisions"}],"predecessor-version":[{"id":6013,"href":"https:\/\/prozessegewinnen.de\/index.php?rest_route=\/wp\/v2\/pages\/2160\/revisions\/6013"}],"up":[{"embeddable":true,"href":"https:\/\/prozessegewinnen.de\/index.php?rest_route=\/wp\/v2\/pages\/1470"}],"wp:attachment":[{"href":"https:\/\/prozessegewinnen.de\/index.php?rest_route=%2Fwp%2Fv2%2Fmedia&parent=2160"}],"curies":[{"name":"wp","href":"https:\/\/api.w.org\/{rel}","templated":true}]}}