{"id":400,"date":"2020-04-01T17:34:12","date_gmt":"2020-04-01T15:34:12","guid":{"rendered":"https:\/\/prozessegewinnen.de\/?page_id=400"},"modified":"2020-10-21T21:00:42","modified_gmt":"2020-10-21T19:00:42","slug":"sekretariat","status":"publish","type":"page","link":"https:\/\/prozessegewinnen.de\/?page_id=400","title":{"rendered":"Sekretariat"},"content":{"rendered":"\t\t<div data-elementor-type=\"wp-page\" data-elementor-id=\"400\" class=\"elementor elementor-400\" data-elementor-settings=\"[]\">\n\t\t\t\t\t\t<div class=\"elementor-inner\">\n\t\t\t\t\t\t\t<div class=\"elementor-section-wrap\">\n\t\t\t\t\t\t\t<section data-particle_enable=\"false\" data-particle-mobile-disabled=\"false\" class=\"elementor-section elementor-top-section elementor-element elementor-element-1b07f2f elementor-section-boxed elementor-section-height-default elementor-section-height-default\" data-id=\"1b07f2f\" data-element_type=\"section\">\n\t\t\t\t\t\t<div class=\"elementor-container elementor-column-gap-default\">\n\t\t\t\t\t\t\t<div class=\"elementor-row\">\n\t\t\t\t\t<div class=\"elementor-column elementor-col-100 elementor-top-column elementor-element elementor-element-8adb50c\" data-id=\"8adb50c\" data-element_type=\"column\">\n\t\t\t<div class=\"elementor-column-wrap elementor-element-populated\">\n\t\t\t\t\t\t\t<div class=\"elementor-widget-wrap\">\n\t\t\t\t\t\t<div class=\"elementor-element elementor-element-af0e773 elementor-widget elementor-widget-heading\" data-id=\"af0e773\" data-element_type=\"widget\" data-widget_type=\"heading.default\">\n\t\t\t\t<div class=\"elementor-widget-container\">\n\t\t\t<h2 class=\"elementor-heading-title elementor-size-default\">Zuverl\u00e4ssig Und Kompetent<\/h2>\t\t<\/div>\n\t\t\t\t<\/div>\n\t\t\t\t\t\t<\/div>\n\t\t\t\t\t<\/div>\n\t\t<\/div>\n\t\t\t\t\t\t\t\t<\/div>\n\t\t\t\t\t<\/div>\n\t\t<\/section>\n\t\t\t\t<section data-particle_enable=\"false\" data-particle-mobile-disabled=\"false\" class=\"elementor-section elementor-top-section elementor-element elementor-element-ffdf1ff elementor-hidden-phone elementor-section-boxed elementor-section-height-default elementor-section-height-default\" data-id=\"ffdf1ff\" data-element_type=\"section\">\n\t\t\t\t\t\t<div class=\"elementor-container elementor-column-gap-default\">\n\t\t\t\t\t\t\t<div class=\"elementor-row\">\n\t\t\t\t\t<div class=\"elementor-column elementor-col-33 elementor-top-column elementor-element elementor-element-8096560\" data-id=\"8096560\" data-element_type=\"column\">\n\t\t\t<div class=\"elementor-column-wrap elementor-element-populated\">\n\t\t\t\t\t\t\t<div class=\"elementor-widget-wrap\">\n\t\t\t\t\t\t<div class=\"elementor-element elementor-element-87e8c6a elementor-widget elementor-widget-image\" data-id=\"87e8c6a\" data-element_type=\"widget\" data-widget_type=\"image.default\">\n\t\t\t\t<div class=\"elementor-widget-container\">\n\t\t\t\t\t<div class=\"elementor-image\">\n\t\t\t\t\t\t\t<figure class=\"wp-caption\">\n\t\t\t\t\t\t\t\t\t\t<img loading=\"lazy\" decoding=\"async\" width=\"709\" height=\"1024\" src=\"https:\/\/prozessegewinnen.de\/wp-content\/uploads\/2020\/10\/Portrait-theresa-709x1024.jpg\" class=\"attachment-large size-large\" alt=\"\" srcset=\"https:\/\/prozessegewinnen.de\/wp-content\/uploads\/2020\/10\/Portrait-theresa-709x1024.jpg 709w, https:\/\/prozessegewinnen.de\/wp-content\/uploads\/2020\/10\/Portrait-theresa-208x300.jpg 208w, https:\/\/prozessegewinnen.de\/wp-content\/uploads\/2020\/10\/Portrait-theresa-768x1109.jpg 768w, https:\/\/prozessegewinnen.de\/wp-content\/uploads\/2020\/10\/Portrait-theresa-1064x1536.jpg 1064w, https:\/\/prozessegewinnen.de\/wp-content\/uploads\/2020\/10\/Portrait-theresa.jpg 1108w\" sizes=\"auto, (max-width: 709px) 100vw, 709px\" \/>\t\t\t\t\t\t\t\t\t\t\t<figcaption class=\"widget-image-caption wp-caption-text\">Ich freue mich, wenn ich Ihnen weiterhelfen kann.<\/figcaption>\n\t\t\t\t\t\t\t\t\t\t<\/figure>\n\t\t\t\t\t<\/div>\n\t\t\t\t<\/div>\n\t\t\t\t<\/div>\n\t\t\t\t\t\t<\/div>\n\t\t\t\t\t<\/div>\n\t\t<\/div>\n\t\t\t\t<div class=\"elementor-column elementor-col-33 elementor-top-column elementor-element elementor-element-543ef95\" data-id=\"543ef95\" data-element_type=\"column\">\n\t\t\t<div class=\"elementor-column-wrap elementor-element-populated\">\n\t\t\t\t\t\t\t<div class=\"elementor-widget-wrap\">\n\t\t\t\t\t\t<div class=\"elementor-element elementor-element-bb65475 elementor-widget elementor-widget-heading\" data-id=\"bb65475\" data-element_type=\"widget\" data-widget_type=\"heading.default\">\n\t\t\t\t<div class=\"elementor-widget-container\">\n\t\t\t<h4 class=\"elementor-heading-title elementor-size-default\">Assistenz<br>\nTheresa Piecha<\/h4>\t\t<\/div>\n\t\t\t\t<\/div>\n\t\t\t\t<div class=\"elementor-element elementor-element-d9540c7 elementor-widget elementor-widget-text-editor\" data-id=\"d9540c7\" data-element_type=\"widget\" data-widget_type=\"text-editor.default\">\n\t\t\t\t<div class=\"elementor-widget-container\">\n\t\t\t\t\t<div class=\"elementor-text-editor elementor-clearfix\"><p>Frau Theresa Piecha ber\u00e4t Sie zuverl\u00e4ssig, freundlich und kompetent in allen Fragen rund um die Mandatsabwicklung.<\/p>\n<p>Sie ist umfassend informiert und hilft Ihnen gerne weiter, wenn ich einmal nicht erreichbar sein sollte.<\/p>\n<p>Sie ist zust\u00e4ndig f\u00fcr Terminvergaben, allgemeine Ausk\u00fcnfte zu Akten und vielem anderen mehr.<\/p>\n<p style=\"text-align: center;\"><strong>Frau Piecha&nbsp; ist derzeit auch f\u00fcr unser&nbsp;<\/strong><br><strong>Corona &#8211; Sicherheitskonzept&nbsp;<\/strong><strong style=\"letter-spacing: 0.3px;\">zust\u00e4ndig<\/strong><\/p>\n<p><b>Durchwahl:<\/b> <a href=\"tel:+4983152733073\">0831&nbsp; 527330-73<\/a><br><span style=\"letter-spacing: 0.3px;\"><b>Fax<\/b> 0831 527330 &#8211; 74<\/span><\/p>\n<p><b>EMail:&nbsp;<\/b><br><a href=\"mailto:Sekretariat@prozessegewinnen.de\" data-wplink-edit=\"true\">Sekretariat@prozessegewinnen.de<\/a><\/p><\/div>\n\t\t\t\t<\/div>\n\t\t\t\t<\/div>\n\t\t\t\t\t\t<\/div>\n\t\t\t\t\t<\/div>\n\t\t<\/div>\n\t\t\t\t<div class=\"elementor-column elementor-col-33 elementor-top-column elementor-element elementor-element-7d1e8e0\" data-id=\"7d1e8e0\" data-element_type=\"column\">\n\t\t\t<div class=\"elementor-column-wrap elementor-element-populated\">\n\t\t\t\t\t\t\t<div class=\"elementor-widget-wrap\">\n\t\t\t\t\t\t<div class=\"elementor-element elementor-element-5eed0f8 elementor--h-position-center elementor--v-position-middle elementor-arrows-position-inside elementor-pagination-position-inside elementor-widget elementor-widget-slides\" data-id=\"5eed0f8\" data-element_type=\"widget\" data-settings=\"{&quot;transition&quot;:&quot;fade&quot;,&quot;navigation&quot;:&quot;both&quot;,&quot;autoplay&quot;:&quot;yes&quot;,&quot;pause_on_hover&quot;:&quot;yes&quot;,&quot;pause_on_interaction&quot;:&quot;yes&quot;,&quot;autoplay_speed&quot;:5000,&quot;infinite&quot;:&quot;yes&quot;,&quot;transition_speed&quot;:500}\" data-widget_type=\"slides.default\">\n\t\t\t\t<div class=\"elementor-widget-container\">\n\t\t\t\t\t<div class=\"elementor-swiper\">\n\t\t\t<div class=\"elementor-slides-wrapper elementor-main-swiper swiper-container\" dir=\"ltr\" data-animation=\"fadeInUp\">\n\t\t\t\t<div class=\"swiper-wrapper elementor-slides\">\n\t\t\t\t\t<div class=\"elementor-repeater-item-75f8047 swiper-slide\"><div class=\"swiper-slide-bg\"><\/div><a class=\"swiper-slide-inner\" href=\"mailto:Sekretariat@prozessegewinnen.de\"><div class=\"swiper-slide-contents\"><div class=\"elementor-slide-heading\">B\u00fcrozeiten<\/div><div class=\"elementor-slide-description\">Mo - Do <br>09:00 - 12:00 Uhr <br><br>\nMo <br>16:00 - 20:00 Uhr<\/div><div  class=\"elementor-button elementor-slide-button elementor-size-sm\">Termin vereinbaren<\/div><\/div><\/a><\/div><div class=\"elementor-repeater-item-4e5836c swiper-slide\"><div class=\"swiper-slide-bg elementor-ken-burns elementor-ken-burns--in\"><\/div><div class=\"elementor-background-overlay\"><\/div><a class=\"swiper-slide-inner\" href=\"tel:+4983152733073\"><div class=\"swiper-slide-contents\"><div class=\"elementor-slide-heading\">Sofortkontakt<\/div><div class=\"elementor-slide-description\">Telefonanruf<\/div><div  class=\"elementor-button elementor-slide-button elementor-size-sm\">Bitte klicken<\/div><\/div><\/a><\/div><div class=\"elementor-repeater-item-378947f swiper-slide\"><div class=\"swiper-slide-bg elementor-ken-burns elementor-ken-burns--in\"><\/div><div class=\"elementor-background-overlay\"><\/div><a class=\"swiper-slide-inner\" href=\"mailto:Sekretariat@prozessegewinnen.de\"><div class=\"swiper-slide-contents\"><div class=\"elementor-slide-heading\">EMail senden<\/div><div  class=\"elementor-button elementor-slide-button elementor-size-sm\">Bitte klicken<\/div><\/div><\/a><\/div><div class=\"elementor-repeater-item-46599cf swiper-slide\"><div class=\"swiper-slide-bg\"><\/div><a class=\"swiper-slide-inner\" href=\"https:\/\/prozessegewinnen.de\/?page_id=1890\"><div class=\"swiper-slide-contents\"><div class=\"elementor-slide-heading\">Virenfreie<br>Rechtsberatung<\/div><div class=\"elementor-slide-description\">Wir nehmen die Corona - Lage ernst.<\/div><div  class=\"elementor-button elementor-slide-button elementor-size-sm\">I N F O<\/div><\/div><\/a><\/div>\t\t\t\t<\/div>\n\t\t\t\t\t\t\t\t\t\t\t\t\t\t\t<div class=\"swiper-pagination\"><\/div>\n\t\t\t\t\t\t\t\t\t\t\t\t\t\t\t\t<div class=\"elementor-swiper-button elementor-swiper-button-prev\">\n\t\t\t\t\t\t\t<i class=\"eicon-chevron-left\" aria-hidden=\"true\"><\/i>\n\t\t\t\t\t\t\t<span class=\"elementor-screen-only\">Voriger<\/span>\n\t\t\t\t\t\t<\/div>\n\t\t\t\t\t\t<div class=\"elementor-swiper-button elementor-swiper-button-next\">\n\t\t\t\t\t\t\t<i class=\"eicon-chevron-right\" aria-hidden=\"true\"><\/i>\n\t\t\t\t\t\t\t<span class=\"elementor-screen-only\">N\u00e4chster<\/span>\n\t\t\t\t\t\t<\/div>\n\t\t\t\t\t\t\t\t\t\t\t\t<\/div>\n\t\t<\/div>\n\t\t\t\t<\/div>\n\t\t\t\t<\/div>\n\t\t\t\t\t\t<\/div>\n\t\t\t\t\t<\/div>\n\t\t<\/div>\n\t\t\t\t\t\t\t\t<\/div>\n\t\t\t\t\t<\/div>\n\t\t<\/section>\n\t\t\t\t<section data-particle_enable=\"false\" data-particle-mobile-disabled=\"false\" class=\"elementor-section elementor-top-section elementor-element elementor-element-cec467b elementor-hidden-desktop elementor-hidden-tablet elementor-section-boxed elementor-section-height-default elementor-section-height-default\" data-id=\"cec467b\" data-element_type=\"section\">\n\t\t\t\t\t\t<div class=\"elementor-container elementor-column-gap-default\">\n\t\t\t\t\t\t\t<div class=\"elementor-row\">\n\t\t\t\t\t<div class=\"elementor-column elementor-col-33 elementor-top-column elementor-element elementor-element-3e39529\" data-id=\"3e39529\" data-element_type=\"column\">\n\t\t\t<div class=\"elementor-column-wrap elementor-element-populated\">\n\t\t\t\t\t\t\t<div class=\"elementor-widget-wrap\">\n\t\t\t\t\t\t<div class=\"elementor-element elementor-element-a1368aa elementor-widget elementor-widget-image\" data-id=\"a1368aa\" data-element_type=\"widget\" data-widget_type=\"image.default\">\n\t\t\t\t<div class=\"elementor-widget-container\">\n\t\t\t\t\t<div class=\"elementor-image\">\n\t\t\t\t\t\t\t<figure class=\"wp-caption\">\n\t\t\t\t\t\t\t\t\t\t<img loading=\"lazy\" decoding=\"async\" width=\"709\" height=\"1024\" src=\"https:\/\/prozessegewinnen.de\/wp-content\/uploads\/2020\/10\/Portrait-theresa-709x1024.jpg\" class=\"attachment-large size-large\" alt=\"\" srcset=\"https:\/\/prozessegewinnen.de\/wp-content\/uploads\/2020\/10\/Portrait-theresa-709x1024.jpg 709w, https:\/\/prozessegewinnen.de\/wp-content\/uploads\/2020\/10\/Portrait-theresa-208x300.jpg 208w, https:\/\/prozessegewinnen.de\/wp-content\/uploads\/2020\/10\/Portrait-theresa-768x1109.jpg 768w, https:\/\/prozessegewinnen.de\/wp-content\/uploads\/2020\/10\/Portrait-theresa-1064x1536.jpg 1064w, https:\/\/prozessegewinnen.de\/wp-content\/uploads\/2020\/10\/Portrait-theresa.jpg 1108w\" sizes=\"auto, (max-width: 709px) 100vw, 709px\" \/>\t\t\t\t\t\t\t\t\t\t\t<figcaption class=\"widget-image-caption wp-caption-text\">Ich freue mich, wenn ich Ihnen weiterhelfen kann.<\/figcaption>\n\t\t\t\t\t\t\t\t\t\t<\/figure>\n\t\t\t\t\t<\/div>\n\t\t\t\t<\/div>\n\t\t\t\t<\/div>\n\t\t\t\t\t\t<\/div>\n\t\t\t\t\t<\/div>\n\t\t<\/div>\n\t\t\t\t<div class=\"elementor-column elementor-col-33 elementor-top-column elementor-element elementor-element-206acd7\" data-id=\"206acd7\" data-element_type=\"column\">\n\t\t\t<div class=\"elementor-column-wrap elementor-element-populated\">\n\t\t\t\t\t\t\t<div class=\"elementor-widget-wrap\">\n\t\t\t\t\t\t<div class=\"elementor-element elementor-element-0f455d1 elementor-widget elementor-widget-heading\" data-id=\"0f455d1\" data-element_type=\"widget\" data-widget_type=\"heading.default\">\n\t\t\t\t<div class=\"elementor-widget-container\">\n\t\t\t<h4 class=\"elementor-heading-title elementor-size-default\">Assistenz<br>\nTheresa Piecha<\/h4>\t\t<\/div>\n\t\t\t\t<\/div>\n\t\t\t\t<div class=\"elementor-element elementor-element-9c55d16 elementor-widget elementor-widget-text-editor\" data-id=\"9c55d16\" data-element_type=\"widget\" data-widget_type=\"text-editor.default\">\n\t\t\t\t<div class=\"elementor-widget-container\">\n\t\t\t\t\t<div class=\"elementor-text-editor elementor-clearfix\"><p>Frau Theresa Piecha ber\u00e4t Sie zuverl\u00e4ssig, freundlich und kompetent in allen Fragen rund um die Mandatsabwicklung.<\/p>\n<p>Sie ist umfassend informiert und hilft Ihnen gerne weiter, wenn ich einmal nicht erreichbar sein sollte.<\/p>\n<p>Sie ist zust\u00e4ndig f\u00fcr Terminvergaben, allgemeine Ausk\u00fcnfte zu Akten und vielem anderen mehr.<\/p>\n<p style=\"text-align: center;\"><strong>Frau Piecha&nbsp; ist derzeit auch f\u00fcr unser&nbsp;<\/strong><br><strong>Corona &#8211; Sicherheitskonzept&nbsp;<\/strong><strong style=\"letter-spacing: 0.3px;\">zust\u00e4ndig<\/strong><\/p>\n<p><b>Durchwahl:<\/b> <a href=\"tel:+4983152733073\">0831&nbsp; 527330-73<\/a><br><span style=\"letter-spacing: 0.3px;\"><b>Fax<\/b> 0831 527330 &#8211; 74<\/span><\/p>\n<p><b>EMail:&nbsp;<\/b><br><a href=\"mailto:Sekretariat@prozessegewinnen.de\" data-wplink-edit=\"true\">Sekretariat@prozessegewinnen.de<\/a><\/p><\/div>\n\t\t\t\t<\/div>\n\t\t\t\t<\/div>\n\t\t\t\t\t\t<\/div>\n\t\t\t\t\t<\/div>\n\t\t<\/div>\n\t\t\t\t<div class=\"elementor-column elementor-col-33 elementor-top-column elementor-element elementor-element-a223c66\" data-id=\"a223c66\" data-element_type=\"column\">\n\t\t\t<div class=\"elementor-column-wrap elementor-element-populated\">\n\t\t\t\t\t\t\t<div class=\"elementor-widget-wrap\">\n\t\t\t\t\t\t<div class=\"elementor-element elementor-element-23f1a03 elementor--h-position-center elementor--v-position-middle elementor-arrows-position-inside elementor-pagination-position-inside elementor-widget elementor-widget-slides\" data-id=\"23f1a03\" data-element_type=\"widget\" data-settings=\"{&quot;transition&quot;:&quot;fade&quot;,&quot;navigation&quot;:&quot;both&quot;,&quot;autoplay&quot;:&quot;yes&quot;,&quot;pause_on_hover&quot;:&quot;yes&quot;,&quot;pause_on_interaction&quot;:&quot;yes&quot;,&quot;autoplay_speed&quot;:5000,&quot;infinite&quot;:&quot;yes&quot;,&quot;transition_speed&quot;:500}\" data-widget_type=\"slides.default\">\n\t\t\t\t<div class=\"elementor-widget-container\">\n\t\t\t\t\t<div class=\"elementor-swiper\">\n\t\t\t<div class=\"elementor-slides-wrapper elementor-main-swiper swiper-container\" dir=\"ltr\" data-animation=\"fadeInUp\">\n\t\t\t\t<div class=\"swiper-wrapper elementor-slides\">\n\t\t\t\t\t<div class=\"elementor-repeater-item-75f8047 swiper-slide\"><div class=\"swiper-slide-bg\"><\/div><a class=\"swiper-slide-inner\" href=\"mailto:Sekretariat@prozessegewinnen.de\"><div class=\"swiper-slide-contents\"><div class=\"elementor-slide-heading\">B\u00fcrozeiten<\/div><div class=\"elementor-slide-description\">Mo - Do <br>09:00 - 12:00 Uhr <br><br>\nMo <br>16:00 - 20:00 Uhr<\/div><div  class=\"elementor-button elementor-slide-button elementor-size-sm\">Termin vereinbaren<\/div><\/div><\/a><\/div><div class=\"elementor-repeater-item-4e5836c swiper-slide\"><div class=\"swiper-slide-bg elementor-ken-burns elementor-ken-burns--in\"><\/div><div class=\"elementor-background-overlay\"><\/div><a class=\"swiper-slide-inner\" href=\"tel:+4983152733073\"><div class=\"swiper-slide-contents\"><div class=\"elementor-slide-heading\">Sofortkontakt<\/div><div class=\"elementor-slide-description\">Telefonanruf<\/div><div  class=\"elementor-button elementor-slide-button elementor-size-sm\">Bitte klicken<\/div><\/div><\/a><\/div><div class=\"elementor-repeater-item-378947f swiper-slide\"><div class=\"swiper-slide-bg elementor-ken-burns elementor-ken-burns--in\"><\/div><div class=\"elementor-background-overlay\"><\/div><a class=\"swiper-slide-inner\" href=\"mailto:Sekretariat@prozessegewinnen.de\"><div class=\"swiper-slide-contents\"><div class=\"elementor-slide-heading\">EMail senden<\/div><div  class=\"elementor-button elementor-slide-button elementor-size-sm\">Bitte klicken<\/div><\/div><\/a><\/div><div class=\"elementor-repeater-item-46599cf swiper-slide\"><div class=\"swiper-slide-bg\"><\/div><a class=\"swiper-slide-inner\" href=\"https:\/\/prozessegewinnen.de\/?page_id=1890\"><div class=\"swiper-slide-contents\"><div class=\"elementor-slide-heading\">Virenfreie<br>Rechtsberatung<\/div><div class=\"elementor-slide-description\">Wir nehmen die Corona - Lage ernst.<\/div><div  class=\"elementor-button elementor-slide-button elementor-size-sm\">I N F O<\/div><\/div><\/a><\/div>\t\t\t\t<\/div>\n\t\t\t\t\t\t\t\t\t\t\t\t\t\t\t<div class=\"swiper-pagination\"><\/div>\n\t\t\t\t\t\t\t\t\t\t\t\t\t\t\t\t<div class=\"elementor-swiper-button elementor-swiper-button-prev\">\n\t\t\t\t\t\t\t<i class=\"eicon-chevron-left\" aria-hidden=\"true\"><\/i>\n\t\t\t\t\t\t\t<span class=\"elementor-screen-only\">Voriger<\/span>\n\t\t\t\t\t\t<\/div>\n\t\t\t\t\t\t<div class=\"elementor-swiper-button elementor-swiper-button-next\">\n\t\t\t\t\t\t\t<i class=\"eicon-chevron-right\" aria-hidden=\"true\"><\/i>\n\t\t\t\t\t\t\t<span class=\"elementor-screen-only\">N\u00e4chster<\/span>\n\t\t\t\t\t\t<\/div>\n\t\t\t\t\t\t\t\t\t\t\t\t<\/div>\n\t\t<\/div>\n\t\t\t\t<\/div>\n\t\t\t\t<\/div>\n\t\t\t\t\t\t<\/div>\n\t\t\t\t\t<\/div>\n\t\t<\/div>\n\t\t\t\t\t\t\t\t<\/div>\n\t\t\t\t\t<\/div>\n\t\t<\/section>\n\t\t\t\t<section data-particle_enable=\"false\" data-particle-mobile-disabled=\"false\" class=\"elementor-section elementor-top-section elementor-element elementor-element-a2b37c0 elementor-section-boxed elementor-section-height-default elementor-section-height-default\" data-id=\"a2b37c0\" data-element_type=\"section\">\n\t\t\t\t\t\t<div class=\"elementor-container elementor-column-gap-default\">\n\t\t\t\t\t\t\t<div class=\"elementor-row\">\n\t\t\t\t\t<div class=\"elementor-column elementor-col-50 elementor-top-column elementor-element elementor-element-c69c875\" data-id=\"c69c875\" data-element_type=\"column\">\n\t\t\t<div class=\"elementor-column-wrap elementor-element-populated\">\n\t\t\t\t\t\t\t<div class=\"elementor-widget-wrap\">\n\t\t\t\t\t\t<div class=\"elementor-element elementor-element-c21e3ce elementor-widget elementor-widget-text-editor\" data-id=\"c21e3ce\" data-element_type=\"widget\" data-widget_type=\"text-editor.default\">\n\t\t\t\t<div class=\"elementor-widget-container\">\n\t\t\t\t\t<div class=\"elementor-text-editor elementor-clearfix\"><h5>B\u00fcrozeiten<\/h5>\n<p>Mo &#8211; Do 09:00 &#8211; 12:00 Uhr&nbsp;<br>Mo 16:00 &#8211; 20:00 Uhr<\/p>\n<p>Termine nur nach Vereinbarung<\/p><\/div>\n\t\t\t\t<\/div>\n\t\t\t\t<\/div>\n\t\t\t\t\t\t<\/div>\n\t\t\t\t\t<\/div>\n\t\t<\/div>\n\t\t\t\t<div class=\"elementor-column elementor-col-50 elementor-top-column elementor-element elementor-element-8d2c9fd\" data-id=\"8d2c9fd\" data-element_type=\"column\">\n\t\t\t<div class=\"elementor-column-wrap elementor-element-populated\">\n\t\t\t\t\t\t\t<div class=\"elementor-widget-wrap\">\n\t\t\t\t\t\t<div class=\"elementor-element elementor-element-7518dd3 elementor-widget elementor-widget-text-editor\" data-id=\"7518dd3\" data-element_type=\"widget\" data-widget_type=\"text-editor.default\">\n\t\t\t\t<div class=\"elementor-widget-container\">\n\t\t\t\t\t<div class=\"elementor-text-editor elementor-clearfix\"><p><img loading=\"lazy\" decoding=\"async\" class=\"wp-image-3768 alignleft\" src=\"https:\/\/prozessegewinnen.de\/wp-content\/uploads\/2020\/07\/Information.png\" alt=\"\" width=\"62\" height=\"62\" srcset=\"https:\/\/prozessegewinnen.de\/wp-content\/uploads\/2020\/07\/Information.png 640w, https:\/\/prozessegewinnen.de\/wp-content\/uploads\/2020\/07\/Information-300x300.png 300w, https:\/\/prozessegewinnen.de\/wp-content\/uploads\/2020\/07\/Information-150x150.png 150w\" sizes=\"auto, (max-width: 62px) 100vw, 62px\" \/>Meine Kanzlei ist nur zu Kernzeiten regelm\u00e4ssig besetzt. Bitte haben Sie Verst\u00e4ndnis, aber ich bearbeite meine F\u00e4lle gerne intensiv und ungest\u00f6rt.\u00a0<span style=\"letter-spacing: 0.3px;\">Wir reagieren aber trotzdem auf Anfrage \u00fcber \u00fcbliche Kommunikationswege zeitnah und rufen Sie auch gerne zur\u00fcck.<\/span><\/p><\/div>\n\t\t\t\t<\/div>\n\t\t\t\t<\/div>\n\t\t\t\t\t\t<\/div>\n\t\t\t\t\t<\/div>\n\t\t<\/div>\n\t\t\t\t\t\t\t\t<\/div>\n\t\t\t\t\t<\/div>\n\t\t<\/section>\n\t\t\t\t<section data-particle_enable=\"false\" data-particle-mobile-disabled=\"false\" class=\"elementor-section elementor-top-section elementor-element elementor-element-bab8f03 elementor-section-boxed elementor-section-height-default elementor-section-height-default\" data-id=\"bab8f03\" data-element_type=\"section\">\n\t\t\t\t\t\t<div class=\"elementor-container elementor-column-gap-default\">\n\t\t\t\t\t\t\t<div class=\"elementor-row\">\n\t\t\t\t\t<div class=\"elementor-column elementor-col-100 elementor-top-column elementor-element elementor-element-5ff1a72\" data-id=\"5ff1a72\" data-element_type=\"column\">\n\t\t\t<div class=\"elementor-column-wrap elementor-element-populated\">\n\t\t\t\t\t\t\t<div class=\"elementor-widget-wrap\">\n\t\t\t\t\t\t<div class=\"elementor-element elementor-element-9b520ba elementor-widget elementor-widget-text-editor\" data-id=\"9b520ba\" data-element_type=\"widget\" data-widget_type=\"text-editor.default\">\n\t\t\t\t<div class=\"elementor-widget-container\">\n\t\t\t\t\t<div class=\"elementor-text-editor elementor-clearfix\"><p style=\"text-align: center;\"><span style=\"letter-spacing: 0.3px;\">\u00a0Wenn wir gerade nicht erreichbar sind:<\/span><\/p><p style=\"text-align: center;\"><em><strong><span style=\"letter-spacing: 0.3px;\">Hinterlassen Sie eine Nachricht auf dem Anrufbeantworter, unserer Webseite oder per EMail!\u00a0<br \/><\/span><span style=\"letter-spacing: 0.3px;\">Wir melden uns umgehend!<\/span><\/strong><\/em><\/p><\/div>\n\t\t\t\t<\/div>\n\t\t\t\t<\/div>\n\t\t\t\t\t\t<\/div>\n\t\t\t\t\t<\/div>\n\t\t<\/div>\n\t\t\t\t\t\t\t\t<\/div>\n\t\t\t\t\t<\/div>\n\t\t<\/section>\n\t\t\t\t\t\t<\/div>\n\t\t\t\t\t\t<\/div>\n\t\t\t\t\t<\/div>\n\t\t","protected":false},"excerpt":{"rendered":"<p>Zuverl\u00e4ssig Und Kompetent Ich freue mich, wenn ich Ihnen weiterhelfen kann. Assistenz Theresa Piecha Frau Theresa Piecha ber\u00e4t Sie zuverl\u00e4ssig, freundlich und kompetent in allen Fragen rund um die Mandatsabwicklung. Sie ist umfassend informiert und hilft Ihnen gerne weiter, wenn ich einmal nicht erreichbar sein sollte. Sie ist zust\u00e4ndig f\u00fcr Terminvergaben, allgemeine Ausk\u00fcnfte zu Akten&hellip;&nbsp;<a href=\"https:\/\/prozessegewinnen.de\/?page_id=400\" class=\"\" rel=\"bookmark\">Weiterlesen &raquo;<span class=\"screen-reader-text\">Sekretariat<\/span><\/a><\/p>\n","protected":false},"author":1,"featured_media":0,"parent":0,"menu_order":5,"comment_status":"closed","ping_status":"closed","template":"page-templates\/template-pagebuilder-full-width.php","meta":{"neve_meta_sidebar":"full-width","neve_meta_container":"","neve_meta_enable_content_width":"on","neve_meta_content_width":100,"neve_meta_title_alignment":"","neve_meta_author_avatar":"","neve_post_elements_order":"","neve_meta_disable_header":"","neve_meta_disable_footer":"","neve_meta_disable_title":"on","_themeisle_gutenberg_block_has_review":false,"footnotes":""},"class_list":["post-400","page","type-page","status-publish","hentry"],"aioseo_notices":[],"_links":{"self":[{"href":"https:\/\/prozessegewinnen.de\/index.php?rest_route=\/wp\/v2\/pages\/400","targetHints":{"allow":["GET"]}}],"collection":[{"href":"https:\/\/prozessegewinnen.de\/index.php?rest_route=\/wp\/v2\/pages"}],"about":[{"href":"https:\/\/prozessegewinnen.de\/index.php?rest_route=\/wp\/v2\/types\/page"}],"author":[{"embeddable":true,"href":"https:\/\/prozessegewinnen.de\/index.php?rest_route=\/wp\/v2\/users\/1"}],"replies":[{"embeddable":true,"href":"https:\/\/prozessegewinnen.de\/index.php?rest_route=%2Fwp%2Fv2%2Fcomments&post=400"}],"version-history":[{"count":48,"href":"https:\/\/prozessegewinnen.de\/index.php?rest_route=\/wp\/v2\/pages\/400\/revisions"}],"predecessor-version":[{"id":6187,"href":"https:\/\/prozessegewinnen.de\/index.php?rest_route=\/wp\/v2\/pages\/400\/revisions\/6187"}],"wp:attachment":[{"href":"https:\/\/prozessegewinnen.de\/index.php?rest_route=%2Fwp%2Fv2%2Fmedia&parent=400"}],"curies":[{"name":"wp","href":"https:\/\/api.w.org\/{rel}","templated":true}]}}