{"id":5567,"date":"2020-10-03T06:18:41","date_gmt":"2020-10-03T04:18:41","guid":{"rendered":"https:\/\/prozessegewinnen.de\/?page_id=5567"},"modified":"2020-10-21T21:08:39","modified_gmt":"2020-10-21T19:08:39","slug":"kontakt-2","status":"publish","type":"page","link":"https:\/\/prozessegewinnen.de\/?page_id=5567","title":{"rendered":"Mandatsanfrage"},"content":{"rendered":"\t\t<div data-elementor-type=\"wp-page\" data-elementor-id=\"5567\" class=\"elementor elementor-5567\" data-elementor-settings=\"[]\">\n\t\t\t\t\t\t<div class=\"elementor-inner\">\n\t\t\t\t\t\t\t<div class=\"elementor-section-wrap\">\n\t\t\t\t\t\t\t<section data-particle_enable=\"false\" data-particle-mobile-disabled=\"false\" class=\"elementor-section elementor-top-section elementor-element elementor-element-1153c1b elementor-section-boxed elementor-section-height-default elementor-section-height-default\" data-id=\"1153c1b\" data-element_type=\"section\">\n\t\t\t\t\t\t<div class=\"elementor-container elementor-column-gap-default\">\n\t\t\t\t\t\t\t<div class=\"elementor-row\">\n\t\t\t\t\t<div class=\"elementor-column elementor-col-100 elementor-top-column elementor-element elementor-element-dfc04f6\" data-id=\"dfc04f6\" data-element_type=\"column\">\n\t\t\t<div class=\"elementor-column-wrap elementor-element-populated\">\n\t\t\t\t\t\t\t<div class=\"elementor-widget-wrap\">\n\t\t\t\t\t\t<div class=\"elementor-element elementor-element-4e45370 elementor-widget elementor-widget-heading\" data-id=\"4e45370\" data-element_type=\"widget\" data-widget_type=\"heading.default\">\n\t\t\t\t<div class=\"elementor-widget-container\">\n\t\t\t<h2 class=\"elementor-heading-title elementor-size-default\">Mandatsanfrage <\/h2>\t\t<\/div>\n\t\t\t\t<\/div>\n\t\t\t\t<div class=\"elementor-element elementor-element-a2d2c46 elementor-widget elementor-widget-text-editor\" data-id=\"a2d2c46\" data-element_type=\"widget\" data-widget_type=\"text-editor.default\">\n\t\t\t\t<div class=\"elementor-widget-container\">\n\t\t\t\t\t<div class=\"elementor-text-editor elementor-clearfix\"><p>Wenn Sie Interesse haben, dass Rechtsanwalt Edwin Reichert Sie rechtlich ber\u00e4t oder gerichtlich und\/oder au\u00dfergerichtlich vertritt, k\u00f6nnen Sie telefonisch oder \u00fcber unser Antragsformular mit unserer Kanzlei Kontakt aufnehmen.\u00a0<\/p><\/div>\n\t\t\t\t<\/div>\n\t\t\t\t<\/div>\n\t\t\t\t<div class=\"elementor-element elementor-element-4b3fc48 elementor-widget elementor-widget-text-editor\" data-id=\"4b3fc48\" data-element_type=\"widget\" data-widget_type=\"text-editor.default\">\n\t\t\t\t<div class=\"elementor-widget-container\">\n\t\t\t\t\t<div class=\"elementor-text-editor elementor-clearfix\"><h5><strong><img loading=\"lazy\" decoding=\"async\" class=\"wp-image-3768 alignleft\" src=\"https:\/\/prozessegewinnen.de\/wp-content\/uploads\/2020\/07\/Information.png\" alt=\"\" width=\"56\" height=\"56\" srcset=\"https:\/\/prozessegewinnen.de\/wp-content\/uploads\/2020\/07\/Information.png 640w, https:\/\/prozessegewinnen.de\/wp-content\/uploads\/2020\/07\/Information-300x300.png 300w, https:\/\/prozessegewinnen.de\/wp-content\/uploads\/2020\/07\/Information-150x150.png 150w\" sizes=\"auto, (max-width: 56px) 100vw, 56px\" \/>Wichtiger Hinweis damit es nicht zu Missverst\u00e4ndnissen kommt:<\/strong><\/h5><p>Mit Ihrer Anfrage kommt noch keine Mandatsvertrag zustande! Das heisst zum einen, dass\u00a0<span style=\"letter-spacing: 0.3px;\">Ihre\u00a0 Anfrage f\u00fcr Sie v\u00f6llig unverbindlich ist und auch noch keine Kosten ausl\u00f6st!<\/span><\/p><p><span style=\"letter-spacing: 0.3px;\">Zum andern\u00a0<\/span><span style=\"letter-spacing: 0.3px;\">kommt durch Ihrer Anfrage auch noch kein Vertragsverh\u00e4ltnis zustande, das gegenseitige Rechte oder Pflichten ausl\u00f6sen. Bedenken Sie daher bei schriftlichen Anfragen, dass ich nicht schon allein aufgrund dieser Anfrage f\u00fcr Sie t\u00e4tig werden darf.\u00a0<\/span><\/p><p><span style=\"letter-spacing: 0.3px;\">In Eilf\u00e4llen, wenn Sie einen sofortigen Handlungsbedarf haben, sollten Sie daher den direkten telefonischen Draht zu mir suchen. In allen anderen F\u00e4llen, empfehle ich das schriftliche Anfrageformular zu verwenden und mir erste Informationen zukommen lassen.<\/span><\/p><p><span style=\"letter-spacing: 0.3px;\">Ich kann dann meine R\u00fcckmeldung schon etwas vorbereiten.\u00a0<\/span><\/p><\/div>\n\t\t\t\t<\/div>\n\t\t\t\t<\/div>\n\t\t\t\t\t\t<\/div>\n\t\t\t\t\t<\/div>\n\t\t<\/div>\n\t\t\t\t\t\t\t\t<\/div>\n\t\t\t\t\t<\/div>\n\t\t<\/section>\n\t\t\t\t<section data-particle_enable=\"false\" data-particle-mobile-disabled=\"false\" class=\"elementor-section elementor-top-section elementor-element elementor-element-eb755c2 elementor-section-boxed elementor-section-height-default elementor-section-height-default\" data-id=\"eb755c2\" data-element_type=\"section\">\n\t\t\t\t\t\t<div class=\"elementor-container elementor-column-gap-default\">\n\t\t\t\t\t\t\t<div class=\"elementor-row\">\n\t\t\t\t\t<div class=\"elementor-column elementor-col-50 elementor-top-column elementor-element elementor-element-38c48ea\" data-id=\"38c48ea\" data-element_type=\"column\">\n\t\t\t<div class=\"elementor-column-wrap elementor-element-populated\">\n\t\t\t\t\t\t\t<div class=\"elementor-widget-wrap\">\n\t\t\t\t\t\t<div class=\"elementor-element elementor-element-324c10e elementor-align-center elementor-widget elementor-widget-button\" data-id=\"324c10e\" data-element_type=\"widget\" data-widget_type=\"button.default\">\n\t\t\t\t<div class=\"elementor-widget-container\">\n\t\t\t\t\t<div class=\"elementor-button-wrapper\">\n\t\t\t<a href=\"tel:+4983152733073\" class=\"elementor-button-link elementor-button elementor-size-md elementor-animation-bounce-in\" role=\"button\">\n\t\t\t\t\t\t<span class=\"elementor-button-content-wrapper\">\n\t\t\t\t\t\t<span class=\"elementor-button-icon elementor-align-icon-left\">\n\t\t\t\t<i aria-hidden=\"true\" class=\"fas fa-phone-volume\"><\/i>\t\t\t<\/span>\n\t\t\t\t\t\t<span class=\"elementor-button-text\">0831 52 73 30 73<\/span>\n\t\t<\/span>\n\t\t\t\t\t<\/a>\n\t\t<\/div>\n\t\t\t\t<\/div>\n\t\t\t\t<\/div>\n\t\t\t\t\t\t<\/div>\n\t\t\t\t\t<\/div>\n\t\t<\/div>\n\t\t\t\t<div class=\"elementor-column elementor-col-50 elementor-top-column elementor-element elementor-element-85a8776\" data-id=\"85a8776\" data-element_type=\"column\">\n\t\t\t<div class=\"elementor-column-wrap elementor-element-populated\">\n\t\t\t\t\t\t\t<div class=\"elementor-widget-wrap\">\n\t\t\t\t\t\t<div class=\"elementor-element elementor-element-f137876 elementor-align-center elementor-widget elementor-widget-button\" data-id=\"f137876\" data-element_type=\"widget\" data-widget_type=\"button.default\">\n\t\t\t\t<div class=\"elementor-widget-container\">\n\t\t\t\t\t<div class=\"elementor-button-wrapper\">\n\t\t\t<a href=\"https:\/\/prozessegewinnen.de\/?page_id=5599\" target=\"_blank\" class=\"elementor-button-link elementor-button elementor-size-md elementor-animation-bounce-in\" role=\"button\">\n\t\t\t\t\t\t<span class=\"elementor-button-content-wrapper\">\n\t\t\t\t\t\t<span class=\"elementor-button-icon elementor-align-icon-left\">\n\t\t\t\t<i aria-hidden=\"true\" class=\"far fa-newspaper\"><\/i>\t\t\t<\/span>\n\t\t\t\t\t\t<span class=\"elementor-button-text\">Anfrageformular<\/span>\n\t\t<\/span>\n\t\t\t\t\t<\/a>\n\t\t<\/div>\n\t\t\t\t<\/div>\n\t\t\t\t<\/div>\n\t\t\t\t\t\t<\/div>\n\t\t\t\t\t<\/div>\n\t\t<\/div>\n\t\t\t\t\t\t\t\t<\/div>\n\t\t\t\t\t<\/div>\n\t\t<\/section>\n\t\t\t\t<section data-particle_enable=\"false\" data-particle-mobile-disabled=\"false\" class=\"elementor-section elementor-top-section elementor-element elementor-element-485c214 elementor-section-boxed elementor-section-height-default elementor-section-height-default\" data-id=\"485c214\" data-element_type=\"section\">\n\t\t\t\t\t\t<div class=\"elementor-container elementor-column-gap-default\">\n\t\t\t\t\t\t\t<div class=\"elementor-row\">\n\t\t\t\t\t<div class=\"elementor-column elementor-col-100 elementor-top-column elementor-element elementor-element-c9d14f6\" data-id=\"c9d14f6\" data-element_type=\"column\">\n\t\t\t<div class=\"elementor-column-wrap elementor-element-populated\">\n\t\t\t\t\t\t\t<div class=\"elementor-widget-wrap\">\n\t\t\t\t\t\t<div class=\"elementor-element elementor-element-89e88e3 elementor-widget-divider--view-line elementor-widget elementor-widget-divider\" data-id=\"89e88e3\" data-element_type=\"widget\" data-widget_type=\"divider.default\">\n\t\t\t\t<div class=\"elementor-widget-container\">\n\t\t\t\t\t<div class=\"elementor-divider\">\n\t\t\t<span class=\"elementor-divider-separator\">\n\t\t\t\t\t\t<\/span>\n\t\t<\/div>\n\t\t\t\t<\/div>\n\t\t\t\t<\/div>\n\t\t\t\t<div class=\"elementor-element elementor-element-1d4ac93 elementor--h-position-center elementor--v-position-middle elementor-arrows-position-inside elementor-pagination-position-inside elementor-widget elementor-widget-slides\" data-id=\"1d4ac93\" data-element_type=\"widget\" data-settings=\"{&quot;navigation&quot;:&quot;both&quot;,&quot;autoplay&quot;:&quot;yes&quot;,&quot;pause_on_hover&quot;:&quot;yes&quot;,&quot;pause_on_interaction&quot;:&quot;yes&quot;,&quot;autoplay_speed&quot;:5000,&quot;infinite&quot;:&quot;yes&quot;,&quot;transition&quot;:&quot;slide&quot;,&quot;transition_speed&quot;:500}\" data-widget_type=\"slides.default\">\n\t\t\t\t<div class=\"elementor-widget-container\">\n\t\t\t\t\t<div class=\"elementor-swiper\">\n\t\t\t<div class=\"elementor-slides-wrapper elementor-main-swiper swiper-container\" dir=\"ltr\" data-animation=\"fadeInRight\">\n\t\t\t\t<div class=\"swiper-wrapper elementor-slides\">\n\t\t\t\t\t<div class=\"elementor-repeater-item-e924d16 swiper-slide\"><div class=\"swiper-slide-bg\"><\/div><div class=\"swiper-slide-inner\" ><div class=\"swiper-slide-contents\"><div class=\"elementor-slide-heading\">RECHTSANWALT <BR>EDWIN   REICHERT<\/div><div class=\"elementor-slide-description\">INSTANZENVERFAHREN<\/div><div  class=\"elementor-button elementor-slide-button elementor-size-sm\">Ich spreche die Sprache der Gerichte<\/div><\/div><\/div><\/div><div class=\"elementor-repeater-item-9e43aca swiper-slide\"><div class=\"swiper-slide-bg\"><\/div><div class=\"swiper-slide-inner\" ><div class=\"swiper-slide-contents\"><div class=\"elementor-slide-heading\">RECHTSANWALT <BR>EDWIN   REICHERT<\/div><div class=\"elementor-slide-description\">STRATEGISCHE PROZESSF\u00dcHRUNG<\/div><div  class=\"elementor-button elementor-slide-button elementor-size-sm\">Prozesserfahrung, die z\u00e4hlt<\/div><\/div><\/div><\/div><div class=\"elementor-repeater-item-8f39391 swiper-slide\"><div class=\"swiper-slide-bg\"><\/div><div class=\"swiper-slide-inner\" ><div class=\"swiper-slide-contents\"><div class=\"elementor-slide-heading\">RECHTSANWALT <BR>EDWIN   REICHERT<\/div><div class=\"elementor-slide-description\">Prozesse vermeiden<\/div><div  class=\"elementor-button elementor-slide-button elementor-size-sm\">Schlichten Statt Richten<\/div><\/div><\/div><\/div><div class=\"elementor-repeater-item-7024405 swiper-slide\"><div class=\"swiper-slide-bg\"><\/div><div class=\"swiper-slide-inner\" ><div class=\"swiper-slide-contents\"><div class=\"elementor-slide-heading\">RECHTSANWALT <BR>EDWIN   REICHERT<\/div><div class=\"elementor-slide-description\">Dingen auf den Grund gehen<\/div><div  class=\"elementor-button elementor-slide-button elementor-size-sm\">Ich lese f\u00fcr Sie das Kleingedruckte!<\/div><\/div><\/div><\/div>\t\t\t\t<\/div>\n\t\t\t\t\t\t\t\t\t\t\t\t\t\t\t<div class=\"swiper-pagination\"><\/div>\n\t\t\t\t\t\t\t\t\t\t\t\t\t\t\t\t<div class=\"elementor-swiper-button elementor-swiper-button-prev\">\n\t\t\t\t\t\t\t<i class=\"eicon-chevron-left\" aria-hidden=\"true\"><\/i>\n\t\t\t\t\t\t\t<span class=\"elementor-screen-only\">Voriger<\/span>\n\t\t\t\t\t\t<\/div>\n\t\t\t\t\t\t<div class=\"elementor-swiper-button elementor-swiper-button-next\">\n\t\t\t\t\t\t\t<i class=\"eicon-chevron-right\" aria-hidden=\"true\"><\/i>\n\t\t\t\t\t\t\t<span class=\"elementor-screen-only\">N\u00e4chster<\/span>\n\t\t\t\t\t\t<\/div>\n\t\t\t\t\t\t\t\t\t\t\t\t<\/div>\n\t\t<\/div>\n\t\t\t\t<\/div>\n\t\t\t\t<\/div>\n\t\t\t\t\t\t<\/div>\n\t\t\t\t\t<\/div>\n\t\t<\/div>\n\t\t\t\t\t\t\t\t<\/div>\n\t\t\t\t\t<\/div>\n\t\t<\/section>\n\t\t\t\t\t\t<\/div>\n\t\t\t\t\t\t<\/div>\n\t\t\t\t\t<\/div>\n\t\t","protected":false},"excerpt":{"rendered":"<p>Mandatsanfrage Wenn Sie Interesse haben, dass Rechtsanwalt Edwin Reichert Sie rechtlich ber\u00e4t oder gerichtlich und\/oder au\u00dfergerichtlich vertritt, k\u00f6nnen Sie telefonisch oder \u00fcber unser Antragsformular mit unserer Kanzlei Kontakt aufnehmen.\u00a0 Wichtiger Hinweis damit es nicht zu Missverst\u00e4ndnissen kommt: Mit Ihrer Anfrage kommt noch keine Mandatsvertrag zustande! Das heisst zum einen, dass\u00a0Ihre\u00a0 Anfrage f\u00fcr Sie v\u00f6llig unverbindlich&hellip;&nbsp;<a href=\"https:\/\/prozessegewinnen.de\/?page_id=5567\" class=\"\" rel=\"bookmark\">Weiterlesen &raquo;<span class=\"screen-reader-text\">Mandatsanfrage<\/span><\/a><\/p>\n","protected":false},"author":1,"featured_media":0,"parent":400,"menu_order":1,"comment_status":"closed","ping_status":"closed","template":"","meta":{"neve_meta_sidebar":"","neve_meta_container":"","neve_meta_enable_content_width":"off","neve_meta_content_width":0,"neve_meta_title_alignment":"","neve_meta_author_avatar":"","neve_post_elements_order":"","neve_meta_disable_header":"off","neve_meta_disable_footer":"","neve_meta_disable_title":"on","_themeisle_gutenberg_block_has_review":false,"footnotes":""},"class_list":["post-5567","page","type-page","status-publish","hentry"],"aioseo_notices":[],"_links":{"self":[{"href":"https:\/\/prozessegewinnen.de\/index.php?rest_route=\/wp\/v2\/pages\/5567","targetHints":{"allow":["GET"]}}],"collection":[{"href":"https:\/\/prozessegewinnen.de\/index.php?rest_route=\/wp\/v2\/pages"}],"about":[{"href":"https:\/\/prozessegewinnen.de\/index.php?rest_route=\/wp\/v2\/types\/page"}],"author":[{"embeddable":true,"href":"https:\/\/prozessegewinnen.de\/index.php?rest_route=\/wp\/v2\/users\/1"}],"replies":[{"embeddable":true,"href":"https:\/\/prozessegewinnen.de\/index.php?rest_route=%2Fwp%2Fv2%2Fcomments&post=5567"}],"version-history":[{"count":15,"href":"https:\/\/prozessegewinnen.de\/index.php?rest_route=\/wp\/v2\/pages\/5567\/revisions"}],"predecessor-version":[{"id":6192,"href":"https:\/\/prozessegewinnen.de\/index.php?rest_route=\/wp\/v2\/pages\/5567\/revisions\/6192"}],"up":[{"embeddable":true,"href":"https:\/\/prozessegewinnen.de\/index.php?rest_route=\/wp\/v2\/pages\/400"}],"wp:attachment":[{"href":"https:\/\/prozessegewinnen.de\/index.php?rest_route=%2Fwp%2Fv2%2Fmedia&parent=5567"}],"curies":[{"name":"wp","href":"https:\/\/api.w.org\/{rel}","templated":true}]}}